{"id":1140,"date":"2023-06-26T16:02:37","date_gmt":"2023-06-26T14:02:37","guid":{"rendered":"https:\/\/ceramitage.eu\/?page_id=1140"},"modified":"2023-07-13T13:31:28","modified_gmt":"2023-07-13T11:31:28","slug":"public-consultations-at-the-museum-of-ceramics","status":"publish","type":"page","link":"https:\/\/ceramitage.eu\/en\/public-consultations-at-the-museum-of-ceramics\/","title":{"rendered":"Public consultations at the Museum of Ceramics"},"content":{"rendered":"\t\t<div data-elementor-type=\"wp-page\" data-elementor-id=\"1140\" class=\"elementor elementor-1140\" data-elementor-post-type=\"page\">\n\t\t\t\t\t\t<section class=\"elementor-section elementor-top-section elementor-element elementor-element-638f2713 elementor-section-boxed elementor-section-height-default elementor-section-height-default\" data-id=\"638f2713\" data-element_type=\"section\" data-settings=\"{&quot;jet_parallax_layout_list&quot;:[]}\">\n\t\t\t\t\t\t<div class=\"elementor-container elementor-column-gap-default\">\n\t\t\t\t\t<div class=\"elementor-column elementor-col-100 elementor-top-column elementor-element elementor-element-30925b5b\" data-id=\"30925b5b\" data-element_type=\"column\">\n\t\t\t<div class=\"elementor-widget-wrap elementor-element-populated\">\n\t\t\t\t\t\t<div class=\"elementor-element elementor-element-7f2e0503 elementor-widget elementor-widget-text-editor\" data-id=\"7f2e0503\" data-element_type=\"widget\" data-widget_type=\"text-editor.default\">\n\t\t\t\t<div class=\"elementor-widget-container\">\n\t\t\t\t\t\t\t<p><span style=\"font-weight: 400;\">On February 19, 2020, public consultations were held at the Ceramics Museum regarding the project &#8220;Poland and Norway on the European Ceramics Route: inclusion of Boles\u0142awiec and Porsgrunn in the international cooperation network of cities with ceramic traditions&#8221;, whose partners will be Telemark Museum (Norway), as well as the Municipality of Boles\u0142awiec and the Museum of Ceramics in Boles\u0142awiec.<\/span><\/p><p><span style=\"font-weight: 400;\">The aim of the meeting was to present the cultural offer and activities planned within the project and to discuss the presented offer. The consultations brought together many engaged local citizens. Among over 80 people, there were representatives of collectors&#8217; associations, ceramic companies, state institutions, returnees&#8217; associations, municipal cultural institutions, senior citizens&#8217; associations, primary and secondary schools, trade unions and the media. Also represented were the Boles\u0142awiec City Council, the Youth City Council (M\u0142odzie\u017cowa Rada Miasta Boles\u0142awiec), as well as artists active in the city.<\/span><\/p><p><span style=\"font-weight: 400;\">The meeting was the first stage of studies conducted by the IPC Research Institute from Wroc\u0142aw, concerning the future cultural offer of the Ceramics Museum addressed to the city&#8217;s inhabitants and tourists. In the next phase of consultations, on February 25 &#8211; March 3, 2020, surveys were conducted throughout the Lower Silesian Voivodeship (by phone) and in Boles\u0142awiec (online and in the form of face-to-face meetings). On the basis of the collected data, the Institute prepared a qualitative and quantitative analysis of public demand for the cultural offer of the museum planned in the Norwegian-Polish project.<\/span><\/p>\t\t\t\t\t\t<\/div>\n\t\t\t\t<\/div>\n\t\t\t\t\t<\/div>\n\t\t<\/div>\n\t\t\t\t\t<\/div>\n\t\t<\/section>\n\t\t\t\t<section class=\"elementor-section elementor-top-section elementor-element elementor-element-fdc6d79 elementor-section-boxed elementor-section-height-default elementor-section-height-default\" data-id=\"fdc6d79\" data-element_type=\"section\" data-settings=\"{&quot;jet_parallax_layout_list&quot;:[]}\">\n\t\t\t\t\t\t<div class=\"elementor-container elementor-column-gap-default\">\n\t\t\t\t\t<div class=\"elementor-column elementor-col-100 elementor-top-column elementor-element elementor-element-0301ea4\" data-id=\"0301ea4\" data-element_type=\"column\">\n\t\t\t<div class=\"elementor-widget-wrap elementor-element-populated\">\n\t\t\t\t\t\t<div class=\"elementor-element elementor-element-8a38314 elementor-widget elementor-widget-image-gallery\" data-id=\"8a38314\" data-element_type=\"widget\" data-widget_type=\"image-gallery.default\">\n\t\t\t\t<div class=\"elementor-widget-container\">\n\t\t\t\t\t<div class=\"elementor-image-gallery\">\n\t\t\t<div id='gallery-1' class='gallery galleryid-1140 gallery-columns-4 gallery-size-thumbnail'><figure class='gallery-item'>\n\t\t\t<div class='gallery-icon landscape'>\n\t\t\t\t<a data-elementor-open-lightbox=\"yes\" data-elementor-lightbox-slideshow=\"8a38314\" data-elementor-lightbox-title=\"konsultacje4\" data-e-action-hash=\"#elementor-action%3Aaction%3Dlightbox%26settings%3DeyJpZCI6MTEzMCwidXJsIjoiaHR0cHM6XC9cL2NlcmFtaXRhZ2UuZXVcL3dwLWNvbnRlbnRcL3VwbG9hZHNcLzIwMjNcLzA2XC9rb25zdWx0YWNqZTQuanBnIiwic2xpZGVzaG93IjoiOGEzODMxNCJ9\" href='https:\/\/ceramitage.eu\/wp-content\/uploads\/2023\/06\/konsultacje4.jpg'><img decoding=\"async\" width=\"150\" height=\"150\" src=\"https:\/\/ceramitage.eu\/wp-content\/uploads\/2023\/06\/konsultacje4-150x150.jpg\" class=\"attachment-thumbnail size-thumbnail\" alt=\"\" srcset=\"https:\/\/ceramitage.eu\/wp-content\/uploads\/2023\/06\/konsultacje4-150x150.jpg 150w, https:\/\/ceramitage.eu\/wp-content\/uploads\/2023\/06\/konsultacje4-230x230.jpg 230w, https:\/\/ceramitage.eu\/wp-content\/uploads\/2023\/06\/konsultacje4-400x400.jpg 400w\" sizes=\"(max-width: 150px) 100vw, 150px\" \/><\/a>\n\t\t\t<\/div><\/figure><figure class='gallery-item'>\n\t\t\t<div class='gallery-icon landscape'>\n\t\t\t\t<a data-elementor-open-lightbox=\"yes\" data-elementor-lightbox-slideshow=\"8a38314\" data-elementor-lightbox-title=\"konsultacje3\" data-e-action-hash=\"#elementor-action%3Aaction%3Dlightbox%26settings%3DeyJpZCI6MTEyNywidXJsIjoiaHR0cHM6XC9cL2NlcmFtaXRhZ2UuZXVcL3dwLWNvbnRlbnRcL3VwbG9hZHNcLzIwMjNcLzA2XC9rb25zdWx0YWNqZTMuanBnIiwic2xpZGVzaG93IjoiOGEzODMxNCJ9\" href='https:\/\/ceramitage.eu\/wp-content\/uploads\/2023\/06\/konsultacje3.jpg'><img decoding=\"async\" width=\"150\" height=\"150\" src=\"https:\/\/ceramitage.eu\/wp-content\/uploads\/2023\/06\/konsultacje3-150x150.jpg\" class=\"attachment-thumbnail size-thumbnail\" alt=\"\" srcset=\"https:\/\/ceramitage.eu\/wp-content\/uploads\/2023\/06\/konsultacje3-150x150.jpg 150w, https:\/\/ceramitage.eu\/wp-content\/uploads\/2023\/06\/konsultacje3-230x230.jpg 230w, https:\/\/ceramitage.eu\/wp-content\/uploads\/2023\/06\/konsultacje3-400x400.jpg 400w\" sizes=\"(max-width: 150px) 100vw, 150px\" \/><\/a>\n\t\t\t<\/div><\/figure><figure class='gallery-item'>\n\t\t\t<div class='gallery-icon landscape'>\n\t\t\t\t<a data-elementor-open-lightbox=\"yes\" data-elementor-lightbox-slideshow=\"8a38314\" data-elementor-lightbox-title=\"konsultacje2\" data-e-action-hash=\"#elementor-action%3Aaction%3Dlightbox%26settings%3DeyJpZCI6MTEyNCwidXJsIjoiaHR0cHM6XC9cL2NlcmFtaXRhZ2UuZXVcL3dwLWNvbnRlbnRcL3VwbG9hZHNcLzIwMjNcLzA2XC9rb25zdWx0YWNqZTIuanBnIiwic2xpZGVzaG93IjoiOGEzODMxNCJ9\" href='https:\/\/ceramitage.eu\/wp-content\/uploads\/2023\/06\/konsultacje2.jpg'><img decoding=\"async\" width=\"150\" height=\"150\" src=\"https:\/\/ceramitage.eu\/wp-content\/uploads\/2023\/06\/konsultacje2-150x150.jpg\" class=\"attachment-thumbnail size-thumbnail\" alt=\"\" srcset=\"https:\/\/ceramitage.eu\/wp-content\/uploads\/2023\/06\/konsultacje2-150x150.jpg 150w, https:\/\/ceramitage.eu\/wp-content\/uploads\/2023\/06\/konsultacje2-230x230.jpg 230w, https:\/\/ceramitage.eu\/wp-content\/uploads\/2023\/06\/konsultacje2-400x400.jpg 400w\" sizes=\"(max-width: 150px) 100vw, 150px\" \/><\/a>\n\t\t\t<\/div><\/figure><figure class='gallery-item'>\n\t\t\t<div class='gallery-icon landscape'>\n\t\t\t\t<a data-elementor-open-lightbox=\"yes\" data-elementor-lightbox-slideshow=\"8a38314\" data-elementor-lightbox-title=\"konsultacje1\" data-e-action-hash=\"#elementor-action%3Aaction%3Dlightbox%26settings%3DeyJpZCI6MTEyMSwidXJsIjoiaHR0cHM6XC9cL2NlcmFtaXRhZ2UuZXVcL3dwLWNvbnRlbnRcL3VwbG9hZHNcLzIwMjNcLzA2XC9rb25zdWx0YWNqZTEuanBnIiwic2xpZGVzaG93IjoiOGEzODMxNCJ9\" href='https:\/\/ceramitage.eu\/wp-content\/uploads\/2023\/06\/konsultacje1.jpg'><img loading=\"lazy\" decoding=\"async\" width=\"150\" height=\"150\" src=\"https:\/\/ceramitage.eu\/wp-content\/uploads\/2023\/06\/konsultacje1-150x150.jpg\" class=\"attachment-thumbnail size-thumbnail\" alt=\"\" srcset=\"https:\/\/ceramitage.eu\/wp-content\/uploads\/2023\/06\/konsultacje1-150x150.jpg 150w, https:\/\/ceramitage.eu\/wp-content\/uploads\/2023\/06\/konsultacje1-230x230.jpg 230w, https:\/\/ceramitage.eu\/wp-content\/uploads\/2023\/06\/konsultacje1-400x400.jpg 400w\" sizes=\"(max-width: 150px) 100vw, 150px\" \/><\/a>\n\t\t\t<\/div><\/figure>\n\t\t<\/div>\n\t\t<\/div>\n\t\t\t\t<\/div>\n\t\t\t\t<\/div>\n\t\t\t\t\t<\/div>\n\t\t<\/div>\n\t\t\t\t\t<\/div>\n\t\t<\/section>\n\t\t\t\t<\/div>\n\t\t","protected":false},"excerpt":{"rendered":"<p>On February 19, 2020, public consultations were held at the Ceramics Museum regarding the project &#8220;Poland and Norway on the European Ceramics Route: inclusion of Boles\u0142awiec and Porsgrunn in the international cooperation network of cities with ceramic traditions&#8221;, whose partners will be Telemark Museum (Norway), as well as the Municipality of Boles\u0142awiec and the Museum [&hellip;]<\/p>\n","protected":false},"author":1,"featured_media":0,"parent":0,"menu_order":0,"comment_status":"closed","ping_status":"closed","template":"","meta":{"footnotes":""},"class_list":["post-1140","page","type-page","status-publish","hentry"],"_links":{"self":[{"href":"https:\/\/ceramitage.eu\/en\/wp-json\/wp\/v2\/pages\/1140","targetHints":{"allow":["GET"]}}],"collection":[{"href":"https:\/\/ceramitage.eu\/en\/wp-json\/wp\/v2\/pages"}],"about":[{"href":"https:\/\/ceramitage.eu\/en\/wp-json\/wp\/v2\/types\/page"}],"author":[{"embeddable":true,"href":"https:\/\/ceramitage.eu\/en\/wp-json\/wp\/v2\/users\/1"}],"replies":[{"embeddable":true,"href":"https:\/\/ceramitage.eu\/en\/wp-json\/wp\/v2\/comments?post=1140"}],"version-history":[{"count":13,"href":"https:\/\/ceramitage.eu\/en\/wp-json\/wp\/v2\/pages\/1140\/revisions"}],"predecessor-version":[{"id":2971,"href":"https:\/\/ceramitage.eu\/en\/wp-json\/wp\/v2\/pages\/1140\/revisions\/2971"}],"wp:attachment":[{"href":"https:\/\/ceramitage.eu\/en\/wp-json\/wp\/v2\/media?parent=1140"}],"curies":[{"name":"wp","href":"https:\/\/api.w.org\/{rel}","templated":true}]}}