{"id":1229,"date":"2023-06-26T17:47:11","date_gmt":"2023-06-26T15:47:11","guid":{"rendered":"https:\/\/ceramitage.eu\/?page_id=1229"},"modified":"2023-09-22T14:24:34","modified_gmt":"2023-09-22T12:24:34","slug":"boleslawiec-poland","status":"publish","type":"page","link":"https:\/\/ceramitage.eu\/en\/boleslawiec-poland\/","title":{"rendered":"Boles\u0142awiec Municipality"},"content":{"rendered":"\t\t<div data-elementor-type=\"wp-page\" data-elementor-id=\"1229\" class=\"elementor elementor-1229\" data-elementor-post-type=\"page\">\n\t\t\t\t\t\t<section class=\"elementor-section elementor-top-section elementor-element elementor-element-dff8a27 elementor-section-boxed elementor-section-height-default elementor-section-height-default\" data-id=\"dff8a27\" data-element_type=\"section\" data-settings=\"{&quot;jet_parallax_layout_list&quot;:[]}\">\n\t\t\t\t\t\t<div class=\"elementor-container elementor-column-gap-default\">\n\t\t\t\t\t<div class=\"elementor-column elementor-col-100 elementor-top-column elementor-element elementor-element-5b2cbba\" data-id=\"5b2cbba\" data-element_type=\"column\">\n\t\t\t<div class=\"elementor-widget-wrap elementor-element-populated\">\n\t\t\t\t\t\t<div class=\"elementor-element elementor-element-7a7ac1a elementor-widget elementor-widget-image\" data-id=\"7a7ac1a\" data-element_type=\"widget\" data-widget_type=\"image.default\">\n\t\t\t\t<div class=\"elementor-widget-container\">\n\t\t\t\t\t\t\t\t\t\t\t\t\t<img decoding=\"async\" width=\"300\" height=\"136\" src=\"https:\/\/ceramitage.eu\/wp-content\/uploads\/2023\/09\/Logo-herb-urzedu-miasta-Boleslawiec-poziom-300x136.jpg\" class=\"attachment-medium size-medium wp-image-3686\" alt=\"\" srcset=\"https:\/\/ceramitage.eu\/wp-content\/uploads\/2023\/09\/Logo-herb-urzedu-miasta-Boleslawiec-poziom-300x136.jpg 300w, https:\/\/ceramitage.eu\/wp-content\/uploads\/2023\/09\/Logo-herb-urzedu-miasta-Boleslawiec-poziom-1024x464.jpg 1024w, https:\/\/ceramitage.eu\/wp-content\/uploads\/2023\/09\/Logo-herb-urzedu-miasta-Boleslawiec-poziom-768x348.jpg 768w, https:\/\/ceramitage.eu\/wp-content\/uploads\/2023\/09\/Logo-herb-urzedu-miasta-Boleslawiec-poziom-1536x696.jpg 1536w, https:\/\/ceramitage.eu\/wp-content\/uploads\/2023\/09\/Logo-herb-urzedu-miasta-Boleslawiec-poziom-600x272.jpg 600w\" sizes=\"(max-width: 300px) 100vw, 300px\" \/>\t\t\t\t\t\t\t\t\t\t\t\t\t<\/div>\n\t\t\t\t<\/div>\n\t\t\t\t\t<\/div>\n\t\t<\/div>\n\t\t\t\t\t<\/div>\n\t\t<\/section>\n\t\t\t\t<section class=\"elementor-section elementor-top-section elementor-element elementor-element-4d5caddb elementor-section-boxed elementor-section-height-default elementor-section-height-default\" data-id=\"4d5caddb\" data-element_type=\"section\" data-settings=\"{&quot;jet_parallax_layout_list&quot;:[]}\">\n\t\t\t\t\t\t<div class=\"elementor-container elementor-column-gap-default\">\n\t\t\t\t\t<div class=\"elementor-column elementor-col-100 elementor-top-column elementor-element elementor-element-1cd42ff4\" data-id=\"1cd42ff4\" data-element_type=\"column\">\n\t\t\t<div class=\"elementor-widget-wrap elementor-element-populated\">\n\t\t\t\t\t\t<div class=\"elementor-element elementor-element-7e678a90 elementor-widget elementor-widget-text-editor\" data-id=\"7e678a90\" data-element_type=\"widget\" data-widget_type=\"text-editor.default\">\n\t\t\t\t<div class=\"elementor-widget-container\">\n\t\t\t\t\t\t\t<p><span style=\"font-weight: 400;\">Boles\u0142awiec as a dynamic, open and supportive local community, builds its identity on multicultural historical heritage and on the unique ceramic tradition. Boles\u0142awiec is a county town with over 750 years of history, considered one of the most beautiful towns in Lower Silesia.<\/span><\/p><p><span style=\"font-weight: 400;\">The city of approx. 40,000 inhabitants is located near the border crossings with Germany and the Czech Republic, at the intersection of important communication routes: Pan-European transport corridor No. III leading from Dresden through Wroc\u0142aw, Katowice, Krak\u00f3w to Kiev and the road from \u015awinouj\u015bcie to Jakuszyce.<\/span><\/p><p><span style=\"font-weight: 400;\">Boles\u0142awiec is famous for its ceramics. Thanks to the rich deposits of stoneware clay found in the basin of the B\u00f3br and Kwisa rivers, it quickly gained the status of an important pottery centre. Currently, the characteristic Boles\u0142awiec products decorated with the stamp method are exported to many countries and represent the city\u2019s hallmark. Ceramic traditions dating back to the Middle Ages attract ceramic artists and sculptors, who have been meeting for over 50 years during the International Ceramics and Sculpture Workshops.\u00a0<\/span><\/p><p><span style=\"font-weight: 400;\">The Boles\u0142awiec Ceramics Festival is also hugely popular &#8211; the most important urban outdoor event presenting the traditions and modernity of Boles\u0142awiec ceramics. The festival includes happenings led by ceramic artists, as well as exhibitions, concerts, wheel-throwing shows, a ceramic products exchange, and an antiques fair. For five days in August, Boles\u0142awiec becomes the ceramic capital of Poland. Three cultural institutions operate in the city: Boles\u0142awiec Cultural Centre &#8211; International Centre of Ceramics, Museum of Ceramics and the Municipal Public Library &#8211; Centre of Knowledge, with a broad range of cultural activities.<\/span><\/p><p><span style=\"font-weight: 400;\">Boles\u0142awiec is among the elite cities distinguished with three out of four awards granted by the Council of Europe: the European Diploma, the Flag of Honour and the Plaque of Honour, awarded for promoting pro-European activities and strengthening the idea of European solidarity as well as for skilful use of financial resources of EU programs. For years, it has been cooperating with European cities in many areas, constantly expanding the network and scope of cooperation. At present, Boles\u0142awiec has 10 partner cities: Mariagerfjord\u00a0(Denmark), Pirna\u00a0(Germany), Siegburg\u00a0(Germany), Nogent-sur-Marne\u00a0(France), \u010cesk\u00e1\u00a0L\u00edpa\u00a0(Czech Republic), Prnjavor\u00a0(Bosnia and Herzegovina), Molde\u00a0(Norway), Vallecorsa (Italy), Acuto (Italy) and Zbarazh (Ukraine).<\/span><\/p>\t\t\t\t\t\t<\/div>\n\t\t\t\t<\/div>\n\t\t\t\t\t<\/div>\n\t\t<\/div>\n\t\t\t\t\t<\/div>\n\t\t<\/section>\n\t\t\t\t<section class=\"elementor-section elementor-top-section elementor-element elementor-element-2a48c06 elementor-section-boxed elementor-section-height-default elementor-section-height-default\" data-id=\"2a48c06\" data-element_type=\"section\" data-settings=\"{&quot;jet_parallax_layout_list&quot;:[]}\">\n\t\t\t\t\t\t<div class=\"elementor-container elementor-column-gap-default\">\n\t\t\t\t\t<div class=\"elementor-column elementor-col-100 elementor-top-column elementor-element elementor-element-08275a9\" data-id=\"08275a9\" data-element_type=\"column\">\n\t\t\t<div class=\"elementor-widget-wrap elementor-element-populated\">\n\t\t\t\t\t\t<div class=\"elementor-element elementor-element-cf7dd2f gallery-spacing-custom elementor-widget elementor-widget-image-gallery\" data-id=\"cf7dd2f\" data-element_type=\"widget\" data-widget_type=\"image-gallery.default\">\n\t\t\t\t<div class=\"elementor-widget-container\">\n\t\t\t\t\t<div class=\"elementor-image-gallery\">\n\t\t\t<div id='gallery-1' class='gallery galleryid-1229 gallery-columns-3 gallery-size-post-thumbnail'><figure class='gallery-item'>\n\t\t\t<div class='gallery-icon landscape'>\n\t\t\t\t<a data-elementor-open-lightbox=\"yes\" data-elementor-lightbox-slideshow=\"cf7dd2f\" data-elementor-lightbox-title=\"Boles\u0142awiec-1\" data-e-action-hash=\"#elementor-action%3Aaction%3Dlightbox%26settings%3DeyJpZCI6MTIxOCwidXJsIjoiaHR0cHM6XC9cL2NlcmFtaXRhZ2UuZXVcL3dwLWNvbnRlbnRcL3VwbG9hZHNcLzIwMjNcLzA2XC9Cb2xlc2xhd2llYy0xLmpwZyIsInNsaWRlc2hvdyI6ImNmN2RkMmYifQ%3D%3D\" href='https:\/\/ceramitage.eu\/wp-content\/uploads\/2023\/06\/Boleslawiec-1.jpg'><img fetchpriority=\"high\" decoding=\"async\" width=\"370\" height=\"265\" src=\"https:\/\/ceramitage.eu\/wp-content\/uploads\/2023\/06\/Boleslawiec-1-370x265.jpg\" class=\"attachment-post-thumbnail size-post-thumbnail\" alt=\"\" \/><\/a>\n\t\t\t<\/div><\/figure><figure class='gallery-item'>\n\t\t\t<div class='gallery-icon landscape'>\n\t\t\t\t<a data-elementor-open-lightbox=\"yes\" data-elementor-lightbox-slideshow=\"cf7dd2f\" data-elementor-lightbox-title=\"Boles\u0142awiec-2\" data-e-action-hash=\"#elementor-action%3Aaction%3Dlightbox%26settings%3DeyJpZCI6MTIyMSwidXJsIjoiaHR0cHM6XC9cL2NlcmFtaXRhZ2UuZXVcL3dwLWNvbnRlbnRcL3VwbG9hZHNcLzIwMjNcLzA2XC9Cb2xlc2xhd2llYy0yLmpwZyIsInNsaWRlc2hvdyI6ImNmN2RkMmYifQ%3D%3D\" href='https:\/\/ceramitage.eu\/wp-content\/uploads\/2023\/06\/Boleslawiec-2.jpg'><img decoding=\"async\" width=\"370\" height=\"265\" src=\"https:\/\/ceramitage.eu\/wp-content\/uploads\/2023\/06\/Boleslawiec-2-370x265.jpg\" class=\"attachment-post-thumbnail size-post-thumbnail\" alt=\"\" \/><\/a>\n\t\t\t<\/div><\/figure><figure class='gallery-item'>\n\t\t\t<div class='gallery-icon landscape'>\n\t\t\t\t<a data-elementor-open-lightbox=\"yes\" data-elementor-lightbox-slideshow=\"cf7dd2f\" data-elementor-lightbox-title=\"Boles\u0142awiec-3\" data-e-action-hash=\"#elementor-action%3Aaction%3Dlightbox%26settings%3DeyJpZCI6MTIyNCwidXJsIjoiaHR0cHM6XC9cL2NlcmFtaXRhZ2UuZXVcL3dwLWNvbnRlbnRcL3VwbG9hZHNcLzIwMjNcLzA2XC9Cb2xlc2xhd2llYy0zLmpwZyIsInNsaWRlc2hvdyI6ImNmN2RkMmYifQ%3D%3D\" href='https:\/\/ceramitage.eu\/wp-content\/uploads\/2023\/06\/Boleslawiec-3.jpg'><img loading=\"lazy\" decoding=\"async\" width=\"370\" height=\"265\" src=\"https:\/\/ceramitage.eu\/wp-content\/uploads\/2023\/06\/Boleslawiec-3-370x265.jpg\" class=\"attachment-post-thumbnail size-post-thumbnail\" alt=\"\" \/><\/a>\n\t\t\t<\/div><\/figure><figure class='gallery-item'>\n\t\t\t<div class='gallery-icon landscape'>\n\t\t\t\t<a data-elementor-open-lightbox=\"yes\" data-elementor-lightbox-slideshow=\"cf7dd2f\" data-elementor-lightbox-title=\"kalendarz_trojdzielny_plaska_glowka\" data-e-action-hash=\"#elementor-action%3Aaction%3Dlightbox%26settings%3DeyJpZCI6MzY5MiwidXJsIjoiaHR0cHM6XC9cL2NlcmFtaXRhZ2UuZXVcL3dwLWNvbnRlbnRcL3VwbG9hZHNcLzIwMjNcLzA5XC9waG90by1cdTAwYTktR3J6ZWdvcnotTWF0b3J5bi0yMDE4LmpwZyIsInNsaWRlc2hvdyI6ImNmN2RkMmYifQ%3D%3D\" href='https:\/\/ceramitage.eu\/wp-content\/uploads\/2023\/09\/photo-\u00a9-Grzegorz-Matoryn-2018.jpg'><img loading=\"lazy\" decoding=\"async\" width=\"370\" height=\"265\" src=\"https:\/\/ceramitage.eu\/wp-content\/uploads\/2023\/09\/photo-\u00a9-Grzegorz-Matoryn-2018-370x265.jpg\" class=\"attachment-post-thumbnail size-post-thumbnail\" alt=\"\" \/><\/a>\n\t\t\t<\/div><\/figure><figure class='gallery-item'>\n\t\t\t<div class='gallery-icon landscape'>\n\t\t\t\t<a data-elementor-open-lightbox=\"yes\" data-elementor-lightbox-slideshow=\"cf7dd2f\" data-elementor-lightbox-title=\"photo \u00a9 Grzegorz Matoryn-0094\" data-e-action-hash=\"#elementor-action%3Aaction%3Dlightbox%26settings%3DeyJpZCI6MzY4OSwidXJsIjoiaHR0cHM6XC9cL2NlcmFtaXRhZ2UuZXVcL3dwLWNvbnRlbnRcL3VwbG9hZHNcLzIwMjNcLzA5XC9waG90by1cdTAwYTktR3J6ZWdvcnotTWF0b3J5bi0wMDk0LmpwZyIsInNsaWRlc2hvdyI6ImNmN2RkMmYifQ%3D%3D\" href='https:\/\/ceramitage.eu\/wp-content\/uploads\/2023\/09\/photo-\u00a9-Grzegorz-Matoryn-0094.jpg'><img loading=\"lazy\" decoding=\"async\" width=\"370\" height=\"265\" src=\"https:\/\/ceramitage.eu\/wp-content\/uploads\/2023\/09\/photo-\u00a9-Grzegorz-Matoryn-0094-370x265.jpg\" class=\"attachment-post-thumbnail size-post-thumbnail\" alt=\"\" \/><\/a>\n\t\t\t<\/div><\/figure><figure class='gallery-item'>\n\t\t\t<div class='gallery-icon landscape'>\n\t\t\t\t<a data-elementor-open-lightbox=\"yes\" data-elementor-lightbox-slideshow=\"cf7dd2f\" data-elementor-lightbox-title=\"fot. G. Matoryn\" data-e-action-hash=\"#elementor-action%3Aaction%3Dlightbox%26settings%3DeyJpZCI6MzY4MywidXJsIjoiaHR0cHM6XC9cL2NlcmFtaXRhZ2UuZXVcL3dwLWNvbnRlbnRcL3VwbG9hZHNcLzIwMjNcLzA5XC9mb3QuLUcuLU1hdG9yeW4uanBnIiwic2xpZGVzaG93IjoiY2Y3ZGQyZiJ9\" href='https:\/\/ceramitage.eu\/wp-content\/uploads\/2023\/09\/fot.-G.-Matoryn.jpg'><img loading=\"lazy\" decoding=\"async\" width=\"370\" height=\"265\" src=\"https:\/\/ceramitage.eu\/wp-content\/uploads\/2023\/09\/fot.-G.-Matoryn-370x265.jpg\" class=\"attachment-post-thumbnail size-post-thumbnail\" alt=\"\" \/><\/a>\n\t\t\t<\/div><\/figure>\n\t\t<\/div>\n\t\t<\/div>\n\t\t\t\t<\/div>\n\t\t\t\t<\/div>\n\t\t\t\t\t<\/div>\n\t\t<\/div>\n\t\t\t\t\t<\/div>\n\t\t<\/section>\n\t\t\t\t<\/div>\n\t\t","protected":false},"excerpt":{"rendered":"<p>Boles\u0142awiec as a dynamic, open and supportive local community, builds its identity on multicultural historical heritage and on the unique ceramic tradition. Boles\u0142awiec is a county town with over 750 years of history, considered one of the most beautiful towns in Lower Silesia. The city of approx. 40,000 inhabitants is located near the border crossings [&hellip;]<\/p>\n","protected":false},"author":1,"featured_media":0,"parent":0,"menu_order":0,"comment_status":"closed","ping_status":"closed","template":"","meta":{"footnotes":""},"class_list":["post-1229","page","type-page","status-publish","hentry"],"_links":{"self":[{"href":"https:\/\/ceramitage.eu\/en\/wp-json\/wp\/v2\/pages\/1229","targetHints":{"allow":["GET"]}}],"collection":[{"href":"https:\/\/ceramitage.eu\/en\/wp-json\/wp\/v2\/pages"}],"about":[{"href":"https:\/\/ceramitage.eu\/en\/wp-json\/wp\/v2\/types\/page"}],"author":[{"embeddable":true,"href":"https:\/\/ceramitage.eu\/en\/wp-json\/wp\/v2\/users\/1"}],"replies":[{"embeddable":true,"href":"https:\/\/ceramitage.eu\/en\/wp-json\/wp\/v2\/comments?post=1229"}],"version-history":[{"count":19,"href":"https:\/\/ceramitage.eu\/en\/wp-json\/wp\/v2\/pages\/1229\/revisions"}],"predecessor-version":[{"id":4230,"href":"https:\/\/ceramitage.eu\/en\/wp-json\/wp\/v2\/pages\/1229\/revisions\/4230"}],"wp:attachment":[{"href":"https:\/\/ceramitage.eu\/en\/wp-json\/wp\/v2\/media?parent=1229"}],"curies":[{"name":"wp","href":"https:\/\/api.w.org\/{rel}","templated":true}]}}