{"id":2933,"date":"2023-07-13T12:19:24","date_gmt":"2023-07-13T10:19:24","guid":{"rendered":"https:\/\/ceramitage.eu\/?page_id=2933"},"modified":"2023-09-21T11:38:21","modified_gmt":"2023-09-21T09:38:21","slug":"museum-of-ceramics-in-boleslawec-2","status":"publish","type":"page","link":"https:\/\/ceramitage.eu\/en\/museum-of-ceramics-in-boleslawec-2\/","title":{"rendered":"MUSEUM OF CERAMICS IN BOLES\u0141AWEC"},"content":{"rendered":"\t\t<div data-elementor-type=\"wp-page\" data-elementor-id=\"2933\" class=\"elementor elementor-2933\" data-elementor-post-type=\"page\">\n\t\t\t\t\t\t<section class=\"elementor-section elementor-top-section elementor-element elementor-element-cf52062 elementor-section-boxed elementor-section-height-default elementor-section-height-default\" data-id=\"cf52062\" data-element_type=\"section\" data-settings=\"{&quot;jet_parallax_layout_list&quot;:[]}\">\n\t\t\t\t\t\t<div class=\"elementor-container elementor-column-gap-default\">\n\t\t\t\t\t<div class=\"elementor-column elementor-col-100 elementor-top-column elementor-element elementor-element-97f6d2b\" data-id=\"97f6d2b\" data-element_type=\"column\">\n\t\t\t<div class=\"elementor-widget-wrap elementor-element-populated\">\n\t\t\t\t\t\t<div class=\"elementor-element elementor-element-68fa5ed elementor-widget elementor-widget-image\" data-id=\"68fa5ed\" data-element_type=\"widget\" data-widget_type=\"image.default\">\n\t\t\t\t<div class=\"elementor-widget-container\">\n\t\t\t\t\t\t\t\t\t\t\t\t\t<img decoding=\"async\" width=\"300\" height=\"143\" src=\"https:\/\/ceramitage.eu\/wp-content\/uploads\/2023\/09\/nowe-logo-MC-300x143.jpg\" class=\"attachment-medium size-medium wp-image-3717\" alt=\"\" srcset=\"https:\/\/ceramitage.eu\/wp-content\/uploads\/2023\/09\/nowe-logo-MC-300x143.jpg 300w, https:\/\/ceramitage.eu\/wp-content\/uploads\/2023\/09\/nowe-logo-MC-1024x487.jpg 1024w, https:\/\/ceramitage.eu\/wp-content\/uploads\/2023\/09\/nowe-logo-MC-768x365.jpg 768w, https:\/\/ceramitage.eu\/wp-content\/uploads\/2023\/09\/nowe-logo-MC-1536x731.jpg 1536w, https:\/\/ceramitage.eu\/wp-content\/uploads\/2023\/09\/nowe-logo-MC-2048x974.jpg 2048w, https:\/\/ceramitage.eu\/wp-content\/uploads\/2023\/09\/nowe-logo-MC-600x285.jpg 600w\" sizes=\"(max-width: 300px) 100vw, 300px\" \/>\t\t\t\t\t\t\t\t\t\t\t\t\t<\/div>\n\t\t\t\t<\/div>\n\t\t\t\t\t<\/div>\n\t\t<\/div>\n\t\t\t\t\t<\/div>\n\t\t<\/section>\n\t\t\t\t<section class=\"elementor-section elementor-top-section elementor-element elementor-element-6e9dce88 elementor-section-boxed elementor-section-height-default elementor-section-height-default\" data-id=\"6e9dce88\" data-element_type=\"section\" data-settings=\"{&quot;jet_parallax_layout_list&quot;:[]}\">\n\t\t\t\t\t\t<div class=\"elementor-container elementor-column-gap-default\">\n\t\t\t\t\t<div class=\"elementor-column elementor-col-100 elementor-top-column elementor-element elementor-element-33976004\" data-id=\"33976004\" data-element_type=\"column\">\n\t\t\t<div class=\"elementor-widget-wrap elementor-element-populated\">\n\t\t\t\t\t\t<div class=\"elementor-element elementor-element-6928b222 elementor-widget elementor-widget-text-editor\" data-id=\"6928b222\" data-element_type=\"widget\" data-widget_type=\"text-editor.default\">\n\t\t\t\t<div class=\"elementor-widget-container\">\n\t\t\t\t\t\t\t<!-- wp:paragraph -->\n<p>Do ko\u0144ca 2022 r. Muzeum Ceramiki w Boles\u0142awcu posiada\u0142o dwa dzia\u0142y \u2013 Dzia\u0142 Ceramiki przy ul. A. Mickiewicza 13 i Dzia\u0142 Historii Miasta przy ul. M. Kutuzowa 14.<br>Budynek przy ul. Mickiewicza 13 by\u0142 pierwotnie siedzib\u0105 Muzeum Miejskiego w Boles\u0142awcu, za\u0142o\u017conego w 1908 r. i udost\u0119pnionego zwiedzaj\u0105cym w 1911 r. Pierwsza wojna \u015bwiatowa spowodowa\u0142a przerw\u0119 w dzia\u0142alno\u015bci muzeum. Po ponownym otwarciu w 1920 r. piecz\u0119 nad prac\u0105 instytucji sprawowa\u0142 Artur Schiller, wsp\u00f3\u0142za\u0142o\u017cyciel G\u00f3rno\u015bl\u0105skiego Muzeum w Gliwicach. Po II wojnie \u015bwiatowej, wed\u0142ug raportu z 1946 r., boles\u0142awieckie Muzeum Miejskie \u201epraktycznie nie istnia\u0142o\u201d. Plac\u00f3wka nie zosta\u0142a jednak zlikwidowana i wznowi\u0142a dzia\u0142alno\u015b\u0107 ju\u017c w 1950 r., kiedy to muzea na terenie ca\u0142ego kraju upa\u0144stwowiono i podporz\u0105dkowano Centralnemu Zarz\u0105dowi Muze\u00f3w i Ochrony Zabytk\u00f3w przy Ministerstwie Kultury i Sztuki, przy czym bezpo\u015bredni nadz\u00f3r naukowy i administracyjny nad muzeami dolno\u015bl\u0105skimi powierzono Muzeum \u015al\u0105skiemu we Wroc\u0142awiu. Budynek boles\u0142awieckiego muzeum wyremontowano w latach 1952\u20131953. Jego otwarcie po reorganizacji nast\u0105pi\u0142o 27 grudnia 1953 r. Na potrzeby nowej ekspozycji pozyskano obiekty ze zbior\u00f3w Muzeum \u015al\u0105skiego i Sp\u00f3\u0142dzielni Pracy Przemys\u0142u Ludowego i Artystycznego. We wsp\u00f3\u0142pracy z wroc\u0142awskim muzeum przygotowano trzy wystawy sta\u0142e: archeologiczn\u0105, ilustruj\u0105c\u0105 najdawniejsze dzieje \u015al\u0105ska, sztuki ludowej okolic Boles\u0142awca oraz ceramiki z uwzgl\u0119dnieniem techniki produkcji. W 1961 r. z powodu zawilgocenia mur\u00f3w podj\u0119to decyzj\u0119 o zamkni\u0119ciu instytucji od 1 pa\u017adziernika. Prace remontowe rozpocz\u0119to dopiero w po\u0142owie 1966 r. Po ich zako\u0144czeniu, 17 czerwca 1967 r. nast\u0105pi\u0142o uroczyste otwarcie boles\u0142awieckiego Muzeum Regionalnego. Przy aran\u017cacji wystawy ponownie pomocy udzieli\u0142o Muzeum \u015al\u0105skie we Wroc\u0142awiu i jego \u00f3wczesna dyrektor dr Maria Starzewska. Wyposa\u017cenie muzeum zosta\u0142o zaprojektowane i wykonane pod kierunkiem wroc\u0142awskiego artysty plastyka i ceramika W\u0142adys\u0142awa Garnika.<\/p>\n<!-- \/wp:paragraph -->\n\n<!-- wp:paragraph -->\n<p>W 1968 r. z inspiracji dr M. Starzewskiej nazw\u0119 instytucji zmieniono na Muzeum Ceramiki w Boles\u0142awcu, okre\u015blaj\u0105c przy tym precyzyjnie profil zbior\u00f3w. Zgodnie ze statutem z 9 grudnia 1968 r. zadaniem instytucji by\u0142o gromadzenie materia\u0142\u00f3w z dziedziny historii Boles\u0142awca i ziemi boles\u0142awieckiej oraz historii rozwoju ceramiki boles\u0142awieckiej, a tak\u017ce gromadzenie wsp\u00f3\u0142czesnej rze\u017aby ceramicznej wykonanej przez artyst\u00f3w bior\u0105cych udzia\u0142 w boles\u0142awieckich plenerach.&nbsp;<\/p>\n<!-- \/wp:paragraph -->\n\n<!-- wp:paragraph -->\n<p>Kolejne generalne remonty budynku przeprowadzono dopiero w latach 2009 i 2013\u20132014, a nowa wystawa sta\u0142a zosta\u0142a zaaran\u017cowana i udost\u0119pniona zwiedzaj\u0105cym w 2010 r.<\/p>\n<!-- \/wp:paragraph -->\n\n<!-- wp:paragraph -->\n<p>Drugi budynek boles\u0142awieckiego muzeum, przy ul. Kutuzowa 14, w kt\u00f3rym mie\u015bci\u0142 si\u0119 Dzia\u0142 Historii Miasta, zosta\u0142 przej\u0119ty w 1991 r. Wcze\u015bniej mie\u015bci\u0142o si\u0119 w nim Muzeum Kutuzowa administrowane przez Rosjan. Jako nowa plac\u00f3wka boles\u0142awieckiego muzeum zosta\u0142 uruchomiony 17 czerwca 1995 r., po kilku latach prac remontowych. Pocz\u0105tkowo prezentowano tu wystawy czasowe przedstawiaj\u0105ce wybrane zagadnienia z dziej\u00f3w miasta. W latach 2008\u20132011 w obiekcie przeprowadzono kolejne remonty, a w sierpniu 2009 r.&nbsp; otwarto sta\u0142\u0105 ekspozycj\u0119 po\u015bwi\u0119con\u0105 historii Boles\u0142awca.<\/p>\n<!-- \/wp:paragraph -->\n\n<!-- wp:paragraph -->\n<p>Muzeum Ceramiki w Boles\u0142awcu jest samorz\u0105dow\u0105 instytucj\u0105 kultury posiadaj\u0105c\u0105 osobowo\u015b\u0107 prawn\u0105, kt\u00f3ra zosta\u0142a wpisana do Rejestru Instytucji Kultury w dn. 25 marca 1992 r. (Ksi\u0119ga Rejestrowa nr 4018\/3\/92). Zgodnie z zapisami statutu: \u201eOg\u00f3lny nadz\u00f3r nad Muzeum sprawuje minister w\u0142a\u015bciwy do spraw kultury i ochrony dziedzictwa narodowego, a bezpo\u015bredni Prezydent Miasta Boles\u0142awiec\u201d.<\/p>\n<!-- \/wp:paragraph -->\n\n<!-- wp:paragraph -->\n<p>Zadania muzeum, okre\u015blone w art. 1 ust. 1 ustawy o muzeach, obejmuj\u0105 gromadzenie i trwa\u0142\u0105 ochron\u0119 d\u00f3br naturalnego i kulturalnego dziedzictwa ludzko\u015bci o charakterze materialnym i niematerialnym, informowanie o warto\u015bciach i tre\u015bciach gromadzonych zbior\u00f3w, upowszechnianie podstawowych warto\u015bci historii, nauki i kultury polskiej oraz \u015bwiatowej, kszta\u0142towanie wra\u017cliwo\u015bci poznawczej i estetycznej oraz umo\u017cliwianie korzystania ze zgromadzonych zbior\u00f3w.&nbsp;<\/p>\n<!-- \/wp:paragraph -->\n\n<!-- wp:paragraph -->\n<p>Muzeum realizuje powy\u017csze zadania poprzez:&nbsp;<\/p>\n<!-- \/wp:paragraph -->\n\n<!-- wp:list -->\n<ul><!-- wp:list-item -->\n<li>gromadzenie d\u00f3br kultury w statutowo okre\u015blonym zakresie,<\/li>\n<!-- \/wp:list-item -->\n\n<!-- wp:list-item -->\n<li>katalogowanie i naukowe opracowywanie zgromadzonych muzeali\u00f3w,<\/li>\n<!-- \/wp:list-item -->\n\n<!-- wp:list-item -->\n<li>przechowywanie gromadzonych d\u00f3br kultury w warunkach zapewniaj\u0105cych w\u0142a\u015bciwy stan zachowania i bezpiecze\u0144stwo zbior\u00f3w oraz w spos\u00f3b umo\u017cliwiaj\u0105cy ich wykorzystanie do cel\u00f3w naukowych,<\/li>\n<!-- \/wp:list-item -->\n\n<!-- wp:list-item -->\n<li>zabezpieczanie i konserwacj\u0119 muzeali\u00f3w, a tak\u017ce zabezpieczanie, w miar\u0119 mo\u017cliwo\u015bci, stanowisk archeologicznych oraz innych nieruchomych obiekt\u00f3w kultury materialnej i przyrody,<\/li>\n<!-- \/wp:list-item -->\n\n<!-- wp:list-item -->\n<li>urz\u0105dzanie wystaw,<\/li>\n<!-- \/wp:list-item -->\n\n<!-- wp:list-item -->\n<li>organizowanie i prowadzenie bada\u0144, ekspedycji naukowych oraz prac wykopaliskowych,<\/li>\n<!-- \/wp:list-item -->\n\n<!-- wp:list-item -->\n<li>prowadzenie dzia\u0142alno\u015bci edukacyjnej,<\/li>\n<!-- \/wp:list-item -->\n\n<!-- wp:list-item -->\n<li>udost\u0119pnianie zbior\u00f3w do cel\u00f3w naukowych i edukacyjnych,<\/li>\n<!-- \/wp:list-item -->\n\n<!-- wp:list-item -->\n<li>zapewnianie w\u0142a\u015bciwych warunk\u00f3w zwiedzania i korzystania ze zbior\u00f3w,<\/li>\n<!-- \/wp:list-item -->\n\n<!-- wp:list-item -->\n<li>prowadzenie dzia\u0142alno\u015bci wydawniczej.<\/li>\n<!-- \/wp:list-item --><\/ul>\n<!-- \/wp:list -->\t\t\t\t\t\t<\/div>\n\t\t\t\t<\/div>\n\t\t\t\t\t<\/div>\n\t\t<\/div>\n\t\t\t\t\t<\/div>\n\t\t<\/section>\n\t\t\t\t<section class=\"elementor-section elementor-top-section elementor-element elementor-element-27eaa60 elementor-section-boxed elementor-section-height-default elementor-section-height-default\" data-id=\"27eaa60\" data-element_type=\"section\" data-settings=\"{&quot;jet_parallax_layout_list&quot;:[]}\">\n\t\t\t\t\t\t<div class=\"elementor-container elementor-column-gap-default\">\n\t\t\t\t\t<div class=\"elementor-column elementor-col-100 elementor-top-column elementor-element elementor-element-2a585b8\" data-id=\"2a585b8\" data-element_type=\"column\">\n\t\t\t<div class=\"elementor-widget-wrap elementor-element-populated\">\n\t\t\t\t\t\t<div class=\"elementor-element elementor-element-b439471 elementor-widget elementor-widget-image-gallery\" data-id=\"b439471\" data-element_type=\"widget\" data-widget_type=\"image-gallery.default\">\n\t\t\t\t<div class=\"elementor-widget-container\">\n\t\t\t\t\t<div class=\"elementor-image-gallery\">\n\t\t\t<div id='gallery-1' class='gallery galleryid-2933 gallery-columns-4 gallery-size-post-thumbnail'><figure class='gallery-item'>\n\t\t\t<div class='gallery-icon landscape'>\n\t\t\t\t<a data-elementor-open-lightbox=\"yes\" data-elementor-lightbox-slideshow=\"b439471\" data-elementor-lightbox-title=\"DPP_0011\" data-e-action-hash=\"#elementor-action%3Aaction%3Dlightbox%26settings%3DeyJpZCI6Mzc0MywidXJsIjoiaHR0cHM6XC9cL2NlcmFtaXRhZ2UuZXVcL3dwLWNvbnRlbnRcL3VwbG9hZHNcLzIwMjNcLzA5XC9EUFBfMDAxMS0xLmpwZyIsInNsaWRlc2hvdyI6ImI0Mzk0NzEifQ%3D%3D\" href='https:\/\/ceramitage.eu\/wp-content\/uploads\/2023\/09\/DPP_0011-1.jpg'><img fetchpriority=\"high\" decoding=\"async\" width=\"370\" height=\"265\" src=\"https:\/\/ceramitage.eu\/wp-content\/uploads\/2023\/09\/DPP_0011-1-370x265.jpg\" class=\"attachment-post-thumbnail size-post-thumbnail\" alt=\"\" \/><\/a>\n\t\t\t<\/div><\/figure><figure class='gallery-item'>\n\t\t\t<div class='gallery-icon landscape'>\n\t\t\t\t<a data-elementor-open-lightbox=\"yes\" data-elementor-lightbox-slideshow=\"b439471\" data-elementor-lightbox-title=\"DPP_0052\" data-e-action-hash=\"#elementor-action%3Aaction%3Dlightbox%26settings%3DeyJpZCI6Mzc0NiwidXJsIjoiaHR0cHM6XC9cL2NlcmFtaXRhZ2UuZXVcL3dwLWNvbnRlbnRcL3VwbG9hZHNcLzIwMjNcLzA5XC9EUFBfMDA1Mi0xLmpwZyIsInNsaWRlc2hvdyI6ImI0Mzk0NzEifQ%3D%3D\" href='https:\/\/ceramitage.eu\/wp-content\/uploads\/2023\/09\/DPP_0052-1.jpg'><img decoding=\"async\" width=\"370\" height=\"265\" src=\"https:\/\/ceramitage.eu\/wp-content\/uploads\/2023\/09\/DPP_0052-1-370x265.jpg\" class=\"attachment-post-thumbnail size-post-thumbnail\" alt=\"\" \/><\/a>\n\t\t\t<\/div><\/figure><figure class='gallery-item'>\n\t\t\t<div class='gallery-icon landscape'>\n\t\t\t\t<a data-elementor-open-lightbox=\"yes\" data-elementor-lightbox-slideshow=\"b439471\" data-elementor-lightbox-title=\"DSC_7559\" data-e-action-hash=\"#elementor-action%3Aaction%3Dlightbox%26settings%3DeyJpZCI6Mzc0OSwidXJsIjoiaHR0cHM6XC9cL2NlcmFtaXRhZ2UuZXVcL3dwLWNvbnRlbnRcL3VwbG9hZHNcLzIwMjNcLzA5XC9EU0NfNzU1OS0xLmpwZyIsInNsaWRlc2hvdyI6ImI0Mzk0NzEifQ%3D%3D\" href='https:\/\/ceramitage.eu\/wp-content\/uploads\/2023\/09\/DSC_7559-1.jpg'><img loading=\"lazy\" decoding=\"async\" width=\"370\" height=\"265\" src=\"https:\/\/ceramitage.eu\/wp-content\/uploads\/2023\/09\/DSC_7559-1-370x265.jpg\" class=\"attachment-post-thumbnail size-post-thumbnail\" alt=\"\" \/><\/a>\n\t\t\t<\/div><\/figure><figure class='gallery-item'>\n\t\t\t<div class='gallery-icon landscape'>\n\t\t\t\t<a data-elementor-open-lightbox=\"yes\" data-elementor-lightbox-slideshow=\"b439471\" data-elementor-lightbox-title=\"DSC_7915\" data-e-action-hash=\"#elementor-action%3Aaction%3Dlightbox%26settings%3DeyJpZCI6Mzc1MiwidXJsIjoiaHR0cHM6XC9cL2NlcmFtaXRhZ2UuZXVcL3dwLWNvbnRlbnRcL3VwbG9hZHNcLzIwMjNcLzA5XC9EU0NfNzkxNS0xLmpwZyIsInNsaWRlc2hvdyI6ImI0Mzk0NzEifQ%3D%3D\" href='https:\/\/ceramitage.eu\/wp-content\/uploads\/2023\/09\/DSC_7915-1.jpg'><img loading=\"lazy\" decoding=\"async\" width=\"370\" height=\"265\" src=\"https:\/\/ceramitage.eu\/wp-content\/uploads\/2023\/09\/DSC_7915-1-370x265.jpg\" class=\"attachment-post-thumbnail size-post-thumbnail\" alt=\"\" \/><\/a>\n\t\t\t<\/div><\/figure><figure class='gallery-item'>\n\t\t\t<div class='gallery-icon portrait'>\n\t\t\t\t<a data-elementor-open-lightbox=\"yes\" data-elementor-lightbox-slideshow=\"b439471\" data-elementor-lightbox-title=\"fot. Grzegorz Matoryn--2 (1)\" data-e-action-hash=\"#elementor-action%3Aaction%3Dlightbox%26settings%3DeyJpZCI6Mzc1OCwidXJsIjoiaHR0cHM6XC9cL2NlcmFtaXRhZ2UuZXVcL3dwLWNvbnRlbnRcL3VwbG9hZHNcLzIwMjNcLzA5XC9mb3QuLUdyemVnb3J6LU1hdG9yeW4tMi0xLTEtc2NhbGVkLmpwZyIsInNsaWRlc2hvdyI6ImI0Mzk0NzEifQ%3D%3D\" href='https:\/\/ceramitage.eu\/wp-content\/uploads\/2023\/09\/fot.-Grzegorz-Matoryn-2-1-1-scaled.jpg'><img loading=\"lazy\" decoding=\"async\" width=\"370\" height=\"265\" src=\"https:\/\/ceramitage.eu\/wp-content\/uploads\/2023\/09\/fot.-Grzegorz-Matoryn-2-1-1-370x265.jpg\" class=\"attachment-post-thumbnail size-post-thumbnail\" alt=\"\" \/><\/a>\n\t\t\t<\/div><\/figure><figure class='gallery-item'>\n\t\t\t<div class='gallery-icon landscape'>\n\t\t\t\t<a data-elementor-open-lightbox=\"yes\" data-elementor-lightbox-slideshow=\"b439471\" data-elementor-lightbox-title=\"fot. Grzegorz Matoryn-1122d\" data-e-action-hash=\"#elementor-action%3Aaction%3Dlightbox%26settings%3DeyJpZCI6Mzc2NCwidXJsIjoiaHR0cHM6XC9cL2NlcmFtaXRhZ2UuZXVcL3dwLWNvbnRlbnRcL3VwbG9hZHNcLzIwMjNcLzA5XC9mb3QuLUdyemVnb3J6LU1hdG9yeW4tMTEyMmQuanBnIiwic2xpZGVzaG93IjoiYjQzOTQ3MSJ9\" href='https:\/\/ceramitage.eu\/wp-content\/uploads\/2023\/09\/fot.-Grzegorz-Matoryn-1122d.jpg'><img loading=\"lazy\" decoding=\"async\" width=\"370\" height=\"265\" src=\"https:\/\/ceramitage.eu\/wp-content\/uploads\/2023\/09\/fot.-Grzegorz-Matoryn-1122d-370x265.jpg\" class=\"attachment-post-thumbnail size-post-thumbnail\" alt=\"\" \/><\/a>\n\t\t\t<\/div><\/figure><figure class='gallery-item'>\n\t\t\t<div class='gallery-icon landscape'>\n\t\t\t\t<a data-elementor-open-lightbox=\"yes\" data-elementor-lightbox-slideshow=\"b439471\" data-elementor-lightbox-title=\"fot. Grzegorz Matoryn-2296\" data-e-action-hash=\"#elementor-action%3Aaction%3Dlightbox%26settings%3DeyJpZCI6Mzc2NywidXJsIjoiaHR0cHM6XC9cL2NlcmFtaXRhZ2UuZXVcL3dwLWNvbnRlbnRcL3VwbG9hZHNcLzIwMjNcLzA5XC9mb3QuLUdyemVnb3J6LU1hdG9yeW4tMjI5Ni5qcGciLCJzbGlkZXNob3ciOiJiNDM5NDcxIn0%3D\" href='https:\/\/ceramitage.eu\/wp-content\/uploads\/2023\/09\/fot.-Grzegorz-Matoryn-2296.jpg'><img loading=\"lazy\" decoding=\"async\" width=\"370\" height=\"265\" src=\"https:\/\/ceramitage.eu\/wp-content\/uploads\/2023\/09\/fot.-Grzegorz-Matoryn-2296-370x265.jpg\" class=\"attachment-post-thumbnail size-post-thumbnail\" alt=\"\" \/><\/a>\n\t\t\t<\/div><\/figure><figure class='gallery-item'>\n\t\t\t<div class='gallery-icon portrait'>\n\t\t\t\t<a data-elementor-open-lightbox=\"yes\" data-elementor-lightbox-slideshow=\"b439471\" data-elementor-lightbox-title=\"fot. Grzegorz Matoryn-9886\" data-e-action-hash=\"#elementor-action%3Aaction%3Dlightbox%26settings%3DeyJpZCI6Mzc3MCwidXJsIjoiaHR0cHM6XC9cL2NlcmFtaXRhZ2UuZXVcL3dwLWNvbnRlbnRcL3VwbG9hZHNcLzIwMjNcLzA5XC9mb3QuLUdyemVnb3J6LU1hdG9yeW4tOTg4Ni5qcGciLCJzbGlkZXNob3ciOiJiNDM5NDcxIn0%3D\" href='https:\/\/ceramitage.eu\/wp-content\/uploads\/2023\/09\/fot.-Grzegorz-Matoryn-9886.jpg'><img loading=\"lazy\" decoding=\"async\" width=\"370\" height=\"265\" src=\"https:\/\/ceramitage.eu\/wp-content\/uploads\/2023\/09\/fot.-Grzegorz-Matoryn-9886-370x265.jpg\" class=\"attachment-post-thumbnail size-post-thumbnail\" alt=\"\" \/><\/a>\n\t\t\t<\/div><\/figure><figure class='gallery-item'>\n\t\t\t<div class='gallery-icon landscape'>\n\t\t\t\t<a data-elementor-open-lightbox=\"yes\" data-elementor-lightbox-slideshow=\"b439471\" data-elementor-lightbox-title=\"Grzegorz_Matoryn-3233\" data-e-action-hash=\"#elementor-action%3Aaction%3Dlightbox%26settings%3DeyJpZCI6Mzc3MywidXJsIjoiaHR0cHM6XC9cL2NlcmFtaXRhZ2UuZXVcL3dwLWNvbnRlbnRcL3VwbG9hZHNcLzIwMjNcLzA5XC9HcnplZ29yel9NYXRvcnluLTMyMzMuanBnIiwic2xpZGVzaG93IjoiYjQzOTQ3MSJ9\" href='https:\/\/ceramitage.eu\/wp-content\/uploads\/2023\/09\/Grzegorz_Matoryn-3233.jpg'><img loading=\"lazy\" decoding=\"async\" width=\"370\" height=\"265\" src=\"https:\/\/ceramitage.eu\/wp-content\/uploads\/2023\/09\/Grzegorz_Matoryn-3233-370x265.jpg\" class=\"attachment-post-thumbnail size-post-thumbnail\" alt=\"\" \/><\/a>\n\t\t\t<\/div><\/figure><figure class='gallery-item'>\n\t\t\t<div class='gallery-icon landscape'>\n\t\t\t\t<a data-elementor-open-lightbox=\"yes\" data-elementor-lightbox-slideshow=\"b439471\" data-elementor-lightbox-title=\"Grzegorz_Matoryn-3476\" data-e-action-hash=\"#elementor-action%3Aaction%3Dlightbox%26settings%3DeyJpZCI6Mzc3NiwidXJsIjoiaHR0cHM6XC9cL2NlcmFtaXRhZ2UuZXVcL3dwLWNvbnRlbnRcL3VwbG9hZHNcLzIwMjNcLzA5XC9HcnplZ29yel9NYXRvcnluLTM0NzYuanBnIiwic2xpZGVzaG93IjoiYjQzOTQ3MSJ9\" href='https:\/\/ceramitage.eu\/wp-content\/uploads\/2023\/09\/Grzegorz_Matoryn-3476.jpg'><img loading=\"lazy\" decoding=\"async\" width=\"370\" height=\"265\" src=\"https:\/\/ceramitage.eu\/wp-content\/uploads\/2023\/09\/Grzegorz_Matoryn-3476-370x265.jpg\" class=\"attachment-post-thumbnail size-post-thumbnail\" alt=\"\" \/><\/a>\n\t\t\t<\/div><\/figure><figure class='gallery-item'>\n\t\t\t<div class='gallery-icon landscape'>\n\t\t\t\t<a data-elementor-open-lightbox=\"yes\" data-elementor-lightbox-slideshow=\"b439471\" data-elementor-lightbox-title=\"IMG_3566\" data-e-action-hash=\"#elementor-action%3Aaction%3Dlightbox%26settings%3DeyJpZCI6Mzc3OSwidXJsIjoiaHR0cHM6XC9cL2NlcmFtaXRhZ2UuZXVcL3dwLWNvbnRlbnRcL3VwbG9hZHNcLzIwMjNcLzA5XC9JTUdfMzU2Ni5qcGciLCJzbGlkZXNob3ciOiJiNDM5NDcxIn0%3D\" href='https:\/\/ceramitage.eu\/wp-content\/uploads\/2023\/09\/IMG_3566.jpg'><img loading=\"lazy\" decoding=\"async\" width=\"370\" height=\"265\" src=\"https:\/\/ceramitage.eu\/wp-content\/uploads\/2023\/09\/IMG_3566-370x265.jpg\" class=\"attachment-post-thumbnail size-post-thumbnail\" alt=\"\" \/><\/a>\n\t\t\t<\/div><\/figure><figure class='gallery-item'>\n\t\t\t<div class='gallery-icon landscape'>\n\t\t\t\t<a data-elementor-open-lightbox=\"yes\" data-elementor-lightbox-slideshow=\"b439471\" data-elementor-lightbox-title=\"IMG_5251\" data-e-action-hash=\"#elementor-action%3Aaction%3Dlightbox%26settings%3DeyJpZCI6Mzc4MiwidXJsIjoiaHR0cHM6XC9cL2NlcmFtaXRhZ2UuZXVcL3dwLWNvbnRlbnRcL3VwbG9hZHNcLzIwMjNcLzA5XC9JTUdfNTI1MS5qcGciLCJzbGlkZXNob3ciOiJiNDM5NDcxIn0%3D\" href='https:\/\/ceramitage.eu\/wp-content\/uploads\/2023\/09\/IMG_5251.jpg'><img loading=\"lazy\" decoding=\"async\" width=\"370\" height=\"265\" src=\"https:\/\/ceramitage.eu\/wp-content\/uploads\/2023\/09\/IMG_5251-370x265.jpg\" class=\"attachment-post-thumbnail size-post-thumbnail\" alt=\"\" \/><\/a>\n\t\t\t<\/div><\/figure><figure class='gallery-item'>\n\t\t\t<div class='gallery-icon landscape'>\n\t\t\t\t<a data-elementor-open-lightbox=\"yes\" data-elementor-lightbox-slideshow=\"b439471\" data-elementor-lightbox-title=\"IMG_5292\" data-e-action-hash=\"#elementor-action%3Aaction%3Dlightbox%26settings%3DeyJpZCI6Mzc4NSwidXJsIjoiaHR0cHM6XC9cL2NlcmFtaXRhZ2UuZXVcL3dwLWNvbnRlbnRcL3VwbG9hZHNcLzIwMjNcLzA5XC9JTUdfNTI5Mi5qcGciLCJzbGlkZXNob3ciOiJiNDM5NDcxIn0%3D\" href='https:\/\/ceramitage.eu\/wp-content\/uploads\/2023\/09\/IMG_5292.jpg'><img loading=\"lazy\" decoding=\"async\" width=\"370\" height=\"265\" src=\"https:\/\/ceramitage.eu\/wp-content\/uploads\/2023\/09\/IMG_5292-370x265.jpg\" class=\"attachment-post-thumbnail size-post-thumbnail\" alt=\"\" \/><\/a>\n\t\t\t<\/div><\/figure>\n\t\t<\/div>\n\t\t<\/div>\n\t\t\t\t<\/div>\n\t\t\t\t<\/div>\n\t\t\t\t\t<\/div>\n\t\t<\/div>\n\t\t\t\t\t<\/div>\n\t\t<\/section>\n\t\t\t\t<\/div>\n\t\t","protected":false},"excerpt":{"rendered":"<p>Do ko\u0144ca 2022 r. Muzeum Ceramiki w Boles\u0142awcu posiada\u0142o dwa dzia\u0142y \u2013 Dzia\u0142 Ceramiki przy ul. A. Mickiewicza 13 i Dzia\u0142 Historii Miasta przy ul. M. Kutuzowa 14.Budynek przy ul. Mickiewicza 13 by\u0142 pierwotnie siedzib\u0105 Muzeum Miejskiego w Boles\u0142awcu, za\u0142o\u017conego w 1908 r. i udost\u0119pnionego zwiedzaj\u0105cym w 1911 r. Pierwsza wojna \u015bwiatowa spowodowa\u0142a przerw\u0119 w [&hellip;]<\/p>\n","protected":false},"author":1,"featured_media":0,"parent":0,"menu_order":0,"comment_status":"closed","ping_status":"closed","template":"","meta":{"footnotes":""},"class_list":["post-2933","page","type-page","status-publish","hentry"],"_links":{"self":[{"href":"https:\/\/ceramitage.eu\/en\/wp-json\/wp\/v2\/pages\/2933","targetHints":{"allow":["GET"]}}],"collection":[{"href":"https:\/\/ceramitage.eu\/en\/wp-json\/wp\/v2\/pages"}],"about":[{"href":"https:\/\/ceramitage.eu\/en\/wp-json\/wp\/v2\/types\/page"}],"author":[{"embeddable":true,"href":"https:\/\/ceramitage.eu\/en\/wp-json\/wp\/v2\/users\/1"}],"replies":[{"embeddable":true,"href":"https:\/\/ceramitage.eu\/en\/wp-json\/wp\/v2\/comments?post=2933"}],"version-history":[{"count":4,"href":"https:\/\/ceramitage.eu\/en\/wp-json\/wp\/v2\/pages\/2933\/revisions"}],"predecessor-version":[{"id":3792,"href":"https:\/\/ceramitage.eu\/en\/wp-json\/wp\/v2\/pages\/2933\/revisions\/3792"}],"wp:attachment":[{"href":"https:\/\/ceramitage.eu\/en\/wp-json\/wp\/v2\/media?parent=2933"}],"curies":[{"name":"wp","href":"https:\/\/api.w.org\/{rel}","templated":true}]}}