{"id":1149,"date":"2023-06-26T16:01:14","date_gmt":"2023-06-26T14:01:14","guid":{"rendered":"https:\/\/ceramitage.eu\/?page_id=1149"},"modified":"2023-07-13T11:58:46","modified_gmt":"2023-07-13T09:58:46","slug":"prosjektets-bakgrunn","status":"publish","type":"page","link":"https:\/\/ceramitage.eu\/no\/prosjektets-bakgrunn\/","title":{"rendered":"PROSJEKTETS BAKGRUNN"},"content":{"rendered":"\t\t<div data-elementor-type=\"wp-page\" data-elementor-id=\"1149\" class=\"elementor elementor-1149\" data-elementor-post-type=\"page\">\n\t\t\t\t\t\t<section class=\"elementor-section elementor-top-section elementor-element elementor-element-28566656 elementor-section-boxed elementor-section-height-default elementor-section-height-default\" data-id=\"28566656\" data-element_type=\"section\" data-settings=\"{&quot;jet_parallax_layout_list&quot;:[]}\">\n\t\t\t\t\t\t<div class=\"elementor-container elementor-column-gap-default\">\n\t\t\t\t\t<div class=\"elementor-column elementor-col-100 elementor-top-column elementor-element elementor-element-1496a0c7\" data-id=\"1496a0c7\" data-element_type=\"column\">\n\t\t\t<div class=\"elementor-widget-wrap elementor-element-populated\">\n\t\t\t\t\t\t<div class=\"elementor-element elementor-element-260b164 elementor-widget elementor-widget-text-editor\" data-id=\"260b164\" data-element_type=\"widget\" data-widget_type=\"text-editor.default\">\n\t\t\t\t<div class=\"elementor-widget-container\">\n\t\t\t\t\t\t\t<!-- wp:paragraph -->\n<p>I mai 2019 etablerte Keramikkmuseet kontakt med Telemark museum i Skien i S\u00f8r-Norge. Dette museet drifter Porselensmuseet i Porsgrunn, og \u00f8nsker, i likhet med Boleslawiec-museet \u00e5 utvide sitt internasjonale nettverk av keramikkrelaterte institusjoner. Den polske siden har forpliktet seg til \u00e5 utvikle et konsept for \u00e5 inkludere Boles\u0142awiec og Porsgrunn i \u00e9n av de sertifiserte europeiske kulturrutene &#8211; den europeiske keramikkruten.<\/p>\n<!-- \/wp:paragraph -->\n\n<!-- wp:paragraph -->\n<p>Boles\u0142awiec og Porsgrunn bestemte seg for \u00e5 benytte seg av muligheten som l\u00e5 i den planlagte utlysningen av prosjekter til kulturprogrammet finansiert av Det europeiske \u00f8konomiske samarbeidsomr\u00e5dets finansieringsmekanisme og Polens nasjonalbudsjett. Etter m\u00e5neder med hardt arbeid ble det utviklet et prosjektkonsept, og det ble behov for m\u00f8ter. Det f\u00f8rste av disse m\u00f8tene fant sted i Warszawa i november 2019 under den f\u00f8rste presentasjonen av &laquo;Kulturprogrammet E\u00d8S-finansieringsmekanismen 2014-2021&raquo;, utarbeidet av departementet for Kultur og nasjonalarv. Det ble ogs\u00e5 avholdt to studiem\u00f8ter i l\u00f8pet av sv\u00e6rt kort tid &#8211; ett hos den norske og ett hos den polske partneren.<\/p>\n<!-- \/wp:paragraph -->\n\n<!-- wp:paragraph -->\n<p>I begynnelsen av desember 2019 var en delegasjon fra Boleslawiec p\u00e5 bes\u00f8k i Norge. Samtalene dreide seg om ulike muligheter for samarbeid innenfor Den europeiske keramikkruten, felles internasjonale aktiviteter og utveksling av erfaringer. For den polske siden var prioriteringen \u00e5 skaffe finansiering til renoveringen av P\u00fcckler-palasset, som skal bli det nye hovedbygget til keramikkmuseet i Boles\u0142awiec. I l\u00f8pet av samtalene ble ogs\u00e5 sp\u00f8rsm\u00e5let om \u00e5 styrke samarbeidet mellom kulturinstitusjoner og keramikkindustrien tatt opp. Delegasjonen fra Boles\u0142awiec fikk anledning til \u00e5 bes\u00f8ke byene Porsgrunn og Skien og l\u00e6re mer om de lokale kulturinstitusjonenes aktiviteter.<\/p>\n<!-- \/wp:paragraph -->\n\n<!-- wp:paragraph -->\n<p>Gjenbes\u00f8ket til Boleslawiec, Polen, fant sted i januar 2020. Delegasjonen fra Telemark museum deltok p\u00e5 det 16. bystyrem\u00f8tet, etterfulgt av et m\u00f8te med representanter for Boles\u0142awiec Kommune, keramikkmuseet og det kommunale folkebiblioteket \u2013 Kunnskapssenteret. Kultur- og promoteringsaktiviteter planlagt som en del av prosjektet ble diskutert, en rammeplan for oppl\u00e6ring for \u00e5 heve de faglige kompetansene til museumsansatte ble laget, og omr\u00e5der for fremtidig erfaringsutveksling ble skissert. I tillegg fikk gjestene fra Norge en omvisning i byen, blant annet i P\u00fcckler-palasset, de fikk h\u00f8re om aktivitetene til kulturinstitusjonene i byen og bes\u00f8kte \u00e9n av keramikkfabrikkene. De deltok ogs\u00e5 p\u00e5 en pressekonferanse for \u00e5 promotere prosjektet, som ble holdt i r\u00e5dhusets representasjonssal.<\/p>\n<!-- \/wp:paragraph -->\n\n<!-- wp:paragraph -->\n<p>De siste m\u00e5nedene av arbeidet med prosjekts\u00f8knaden var krevende. Samarbeidet mellom de tre prosjektpartnerne &#8211; Boles\u0142awiec, Porsgrunn og Faenza (koordinator av Den europeiske keramikkruten) &#8211; ble hemmet av covid-19-pandemien, som lammet driften i de fleste institusjoner i Europa og n\u00e5dde sitt h\u00f8ydepunkt i Italia p\u00e5 det tidspunktet. Takket v\u00e6re partnernes engasjement og p\u00e5gangsmot klarte man likevel \u00e5 utarbeide alle detaljer knyttet til prosjektets tidsplan, budsjett og aktivitetsomfang, og \u00e5 undertegne avtaler og samarbeidserkl\u00e6ringer.<\/p>\n<!-- \/wp:paragraph -->\t\t\t\t\t\t<\/div>\n\t\t\t\t<\/div>\n\t\t\t\t\t<\/div>\n\t\t<\/div>\n\t\t\t\t\t<\/div>\n\t\t<\/section>\n\t\t\t\t<section class=\"elementor-section elementor-top-section elementor-element elementor-element-37cdba0 elementor-section-boxed elementor-section-height-default elementor-section-height-default\" data-id=\"37cdba0\" data-element_type=\"section\" data-settings=\"{&quot;jet_parallax_layout_list&quot;:[]}\">\n\t\t\t\t\t\t<div class=\"elementor-container elementor-column-gap-default\">\n\t\t\t\t\t<div class=\"elementor-column elementor-col-100 elementor-top-column elementor-element elementor-element-024354e\" data-id=\"024354e\" data-element_type=\"column\">\n\t\t\t<div class=\"elementor-widget-wrap\">\n\t\t\t\t\t\t\t<\/div>\n\t\t<\/div>\n\t\t\t\t\t<\/div>\n\t\t<\/section>\n\t\t\t\t<section class=\"elementor-section elementor-top-section elementor-element elementor-element-28355be elementor-section-boxed elementor-section-height-default elementor-section-height-default\" data-id=\"28355be\" data-element_type=\"section\" data-settings=\"{&quot;jet_parallax_layout_list&quot;:[]}\">\n\t\t\t\t\t\t<div class=\"elementor-container elementor-column-gap-default\">\n\t\t\t\t\t<div class=\"elementor-column elementor-col-100 elementor-top-column elementor-element elementor-element-c5c1158\" data-id=\"c5c1158\" data-element_type=\"column\">\n\t\t\t<div class=\"elementor-widget-wrap elementor-element-populated\">\n\t\t\t\t\t\t<div class=\"elementor-element elementor-element-15fa67f elementor-widget elementor-widget-gallery\" data-id=\"15fa67f\" data-element_type=\"widget\" data-settings=\"{&quot;lazyload&quot;:&quot;yes&quot;,&quot;gallery_layout&quot;:&quot;grid&quot;,&quot;columns&quot;:4,&quot;columns_tablet&quot;:2,&quot;columns_mobile&quot;:1,&quot;gap&quot;:{&quot;unit&quot;:&quot;px&quot;,&quot;size&quot;:10,&quot;sizes&quot;:[]},&quot;gap_tablet&quot;:{&quot;unit&quot;:&quot;px&quot;,&quot;size&quot;:10,&quot;sizes&quot;:[]},&quot;gap_mobile&quot;:{&quot;unit&quot;:&quot;px&quot;,&quot;size&quot;:10,&quot;sizes&quot;:[]},&quot;link_to&quot;:&quot;file&quot;,&quot;aspect_ratio&quot;:&quot;3:2&quot;,&quot;overlay_background&quot;:&quot;yes&quot;,&quot;content_hover_animation&quot;:&quot;fade-in&quot;}\" data-widget_type=\"gallery.default\">\n\t\t\t\t<div class=\"elementor-widget-container\">\n\t\t\t\t\t<div class=\"elementor-gallery__container\">\n\t\t\t\t\t\t\t<a class=\"e-gallery-item elementor-gallery-item elementor-animated-content\" href=\"https:\/\/ceramitage.eu\/wp-content\/uploads\/2023\/07\/IMG_20200129_150314-1-1.jpg\" data-elementor-open-lightbox=\"yes\" data-elementor-lightbox-title=\"IMG_20200129_150314-1.jpg\" data-e-action-hash=\"#elementor-action%3Aaction%3Dlightbox%26settings%3DeyJpZCI6Mjg1MiwidXJsIjoiaHR0cHM6XC9cL2NlcmFtaXRhZ2UuZXVcL3dwLWNvbnRlbnRcL3VwbG9hZHNcLzIwMjNcLzA3XC9JTUdfMjAyMDAxMjlfMTUwMzE0LTEtMS5qcGcifQ%3D%3D\">\n\t\t\t\t\t<div class=\"e-gallery-image elementor-gallery-item__image\" data-thumbnail=\"https:\/\/ceramitage.eu\/wp-content\/uploads\/2023\/07\/IMG_20200129_150314-1-1-640x640.jpg\" data-width=\"640\" data-height=\"640\" aria-label=\"\" role=\"img\" ><\/div>\n\t\t\t\t\t\t\t\t\t\t\t<div class=\"elementor-gallery-item__overlay\"><\/div>\n\t\t\t\t\t\t\t\t\t\t\t\t\t\t<\/a>\n\t\t\t\t\t\t\t<a class=\"e-gallery-item elementor-gallery-item elementor-animated-content\" href=\"https:\/\/ceramitage.eu\/wp-content\/uploads\/2023\/07\/IMG_20200129_150314-2.jpg\" data-elementor-open-lightbox=\"yes\" data-elementor-lightbox-title=\"IMG_20200129_150314.jpg\" data-e-action-hash=\"#elementor-action%3Aaction%3Dlightbox%26settings%3DeyJpZCI6Mjg1NSwidXJsIjoiaHR0cHM6XC9cL2NlcmFtaXRhZ2UuZXVcL3dwLWNvbnRlbnRcL3VwbG9hZHNcLzIwMjNcLzA3XC9JTUdfMjAyMDAxMjlfMTUwMzE0LTIuanBnIn0%3D\">\n\t\t\t\t\t<div class=\"e-gallery-image elementor-gallery-item__image\" data-thumbnail=\"https:\/\/ceramitage.eu\/wp-content\/uploads\/2023\/07\/IMG_20200129_150314-2-640x640.jpg\" data-width=\"640\" data-height=\"640\" aria-label=\"\" role=\"img\" ><\/div>\n\t\t\t\t\t\t\t\t\t\t\t<div class=\"elementor-gallery-item__overlay\"><\/div>\n\t\t\t\t\t\t\t\t\t\t\t\t\t\t<\/a>\n\t\t\t\t\t\t\t<a class=\"e-gallery-item elementor-gallery-item elementor-animated-content\" href=\"https:\/\/ceramitage.eu\/wp-content\/uploads\/2023\/07\/1-1-1.jpg\" data-elementor-open-lightbox=\"yes\" data-elementor-lightbox-title=\"1-1.jpg\" data-e-action-hash=\"#elementor-action%3Aaction%3Dlightbox%26settings%3DeyJpZCI6Mjg1OCwidXJsIjoiaHR0cHM6XC9cL2NlcmFtaXRhZ2UuZXVcL3dwLWNvbnRlbnRcL3VwbG9hZHNcLzIwMjNcLzA3XC8xLTEtMS5qcGcifQ%3D%3D\">\n\t\t\t\t\t<div class=\"e-gallery-image elementor-gallery-item__image\" data-thumbnail=\"https:\/\/ceramitage.eu\/wp-content\/uploads\/2023\/07\/1-1-1-640x640.jpg\" data-width=\"640\" data-height=\"640\" aria-label=\"\" role=\"img\" ><\/div>\n\t\t\t\t\t\t\t\t\t\t\t<div class=\"elementor-gallery-item__overlay\"><\/div>\n\t\t\t\t\t\t\t\t\t\t\t\t\t\t<\/a>\n\t\t\t\t\t\t\t<a class=\"e-gallery-item elementor-gallery-item elementor-animated-content\" href=\"https:\/\/ceramitage.eu\/wp-content\/uploads\/2023\/07\/01-1.jpg\" data-elementor-open-lightbox=\"yes\" data-elementor-lightbox-title=\"01.jpg\" data-e-action-hash=\"#elementor-action%3Aaction%3Dlightbox%26settings%3DeyJpZCI6Mjg2MSwidXJsIjoiaHR0cHM6XC9cL2NlcmFtaXRhZ2UuZXVcL3dwLWNvbnRlbnRcL3VwbG9hZHNcLzIwMjNcLzA3XC8wMS0xLmpwZyJ9\">\n\t\t\t\t\t<div class=\"e-gallery-image elementor-gallery-item__image\" data-thumbnail=\"https:\/\/ceramitage.eu\/wp-content\/uploads\/2023\/07\/01-1-640x546.jpg\" data-width=\"640\" data-height=\"546\" aria-label=\"\" role=\"img\" ><\/div>\n\t\t\t\t\t\t\t\t\t\t\t<div class=\"elementor-gallery-item__overlay\"><\/div>\n\t\t\t\t\t\t\t\t\t\t\t\t\t\t<\/a>\n\t\t\t\t\t\t\t<a class=\"e-gallery-item elementor-gallery-item elementor-animated-content\" href=\"https:\/\/ceramitage.eu\/wp-content\/uploads\/2023\/07\/2-1-1.jpg\" data-elementor-open-lightbox=\"yes\" data-elementor-lightbox-title=\"2-1.jpg\" data-e-action-hash=\"#elementor-action%3Aaction%3Dlightbox%26settings%3DeyJpZCI6Mjg2NCwidXJsIjoiaHR0cHM6XC9cL2NlcmFtaXRhZ2UuZXVcL3dwLWNvbnRlbnRcL3VwbG9hZHNcLzIwMjNcLzA3XC8yLTEtMS5qcGcifQ%3D%3D\">\n\t\t\t\t\t<div class=\"e-gallery-image elementor-gallery-item__image\" data-thumbnail=\"https:\/\/ceramitage.eu\/wp-content\/uploads\/2023\/07\/2-1-1-640x640.jpg\" data-width=\"640\" data-height=\"640\" aria-label=\"\" role=\"img\" ><\/div>\n\t\t\t\t\t\t\t\t\t\t\t<div class=\"elementor-gallery-item__overlay\"><\/div>\n\t\t\t\t\t\t\t\t\t\t\t\t\t\t<\/a>\n\t\t\t\t\t\t\t<a class=\"e-gallery-item elementor-gallery-item elementor-animated-content\" href=\"https:\/\/ceramitage.eu\/wp-content\/uploads\/2023\/07\/3-1-1.jpg\" data-elementor-open-lightbox=\"yes\" data-elementor-lightbox-title=\"3-1.jpg\" data-e-action-hash=\"#elementor-action%3Aaction%3Dlightbox%26settings%3DeyJpZCI6Mjg2NywidXJsIjoiaHR0cHM6XC9cL2NlcmFtaXRhZ2UuZXVcL3dwLWNvbnRlbnRcL3VwbG9hZHNcLzIwMjNcLzA3XC8zLTEtMS5qcGcifQ%3D%3D\">\n\t\t\t\t\t<div class=\"e-gallery-image elementor-gallery-item__image\" data-thumbnail=\"https:\/\/ceramitage.eu\/wp-content\/uploads\/2023\/07\/3-1-1-640x640.jpg\" data-width=\"640\" data-height=\"640\" aria-label=\"\" role=\"img\" ><\/div>\n\t\t\t\t\t\t\t\t\t\t\t<div class=\"elementor-gallery-item__overlay\"><\/div>\n\t\t\t\t\t\t\t\t\t\t\t\t\t\t<\/a>\n\t\t\t\t\t\t\t<a class=\"e-gallery-item elementor-gallery-item elementor-animated-content\" href=\"https:\/\/ceramitage.eu\/wp-content\/uploads\/2023\/07\/4-1-1.jpg\" data-elementor-open-lightbox=\"yes\" data-elementor-lightbox-title=\"4-1.jpg\" data-e-action-hash=\"#elementor-action%3Aaction%3Dlightbox%26settings%3DeyJpZCI6Mjg3MCwidXJsIjoiaHR0cHM6XC9cL2NlcmFtaXRhZ2UuZXVcL3dwLWNvbnRlbnRcL3VwbG9hZHNcLzIwMjNcLzA3XC80LTEtMS5qcGcifQ%3D%3D\">\n\t\t\t\t\t<div class=\"e-gallery-image elementor-gallery-item__image\" data-thumbnail=\"https:\/\/ceramitage.eu\/wp-content\/uploads\/2023\/07\/4-1-1-640x640.jpg\" data-width=\"640\" data-height=\"640\" aria-label=\"\" role=\"img\" ><\/div>\n\t\t\t\t\t\t\t\t\t\t\t<div class=\"elementor-gallery-item__overlay\"><\/div>\n\t\t\t\t\t\t\t\t\t\t\t\t\t\t<\/a>\n\t\t\t\t\t\t\t<a class=\"e-gallery-item elementor-gallery-item elementor-animated-content\" href=\"https:\/\/ceramitage.eu\/wp-content\/uploads\/2023\/07\/5-1-2.jpg\" data-elementor-open-lightbox=\"yes\" data-elementor-lightbox-title=\"5-1.jpg\" data-e-action-hash=\"#elementor-action%3Aaction%3Dlightbox%26settings%3DeyJpZCI6Mjg3NiwidXJsIjoiaHR0cHM6XC9cL2NlcmFtaXRhZ2UuZXVcL3dwLWNvbnRlbnRcL3VwbG9hZHNcLzIwMjNcLzA3XC81LTEtMi5qcGcifQ%3D%3D\">\n\t\t\t\t\t<div class=\"e-gallery-image elementor-gallery-item__image\" data-thumbnail=\"https:\/\/ceramitage.eu\/wp-content\/uploads\/2023\/07\/5-1-2-640x640.jpg\" data-width=\"640\" data-height=\"640\" aria-label=\"\" role=\"img\" ><\/div>\n\t\t\t\t\t\t\t\t\t\t\t<div class=\"elementor-gallery-item__overlay\"><\/div>\n\t\t\t\t\t\t\t\t\t\t\t\t\t\t<\/a>\n\t\t\t\t\t\t\t<a class=\"e-gallery-item elementor-gallery-item elementor-animated-content\" href=\"https:\/\/ceramitage.eu\/wp-content\/uploads\/2023\/07\/6-1-1.jpg\" data-elementor-open-lightbox=\"yes\" data-elementor-lightbox-title=\"6-1.jpg\" data-e-action-hash=\"#elementor-action%3Aaction%3Dlightbox%26settings%3DeyJpZCI6Mjg3OSwidXJsIjoiaHR0cHM6XC9cL2NlcmFtaXRhZ2UuZXVcL3dwLWNvbnRlbnRcL3VwbG9hZHNcLzIwMjNcLzA3XC82LTEtMS5qcGcifQ%3D%3D\">\n\t\t\t\t\t<div class=\"e-gallery-image elementor-gallery-item__image\" data-thumbnail=\"https:\/\/ceramitage.eu\/wp-content\/uploads\/2023\/07\/6-1-1-640x640.jpg\" data-width=\"640\" data-height=\"640\" aria-label=\"\" role=\"img\" ><\/div>\n\t\t\t\t\t\t\t\t\t\t\t<div class=\"elementor-gallery-item__overlay\"><\/div>\n\t\t\t\t\t\t\t\t\t\t\t\t\t\t<\/a>\n\t\t\t\t\t\t\t<a class=\"e-gallery-item elementor-gallery-item elementor-animated-content\" href=\"https:\/\/ceramitage.eu\/wp-content\/uploads\/2023\/07\/7-1-1.jpg\" data-elementor-open-lightbox=\"yes\" data-elementor-lightbox-title=\"7-1.jpg\" data-e-action-hash=\"#elementor-action%3Aaction%3Dlightbox%26settings%3DeyJpZCI6Mjg4MiwidXJsIjoiaHR0cHM6XC9cL2NlcmFtaXRhZ2UuZXVcL3dwLWNvbnRlbnRcL3VwbG9hZHNcLzIwMjNcLzA3XC83LTEtMS5qcGcifQ%3D%3D\">\n\t\t\t\t\t<div class=\"e-gallery-image elementor-gallery-item__image\" data-thumbnail=\"https:\/\/ceramitage.eu\/wp-content\/uploads\/2023\/07\/7-1-1-640x640.jpg\" data-width=\"640\" data-height=\"640\" aria-label=\"\" role=\"img\" ><\/div>\n\t\t\t\t\t\t\t\t\t\t\t<div class=\"elementor-gallery-item__overlay\"><\/div>\n\t\t\t\t\t\t\t\t\t\t\t\t\t\t<\/a>\n\t\t\t\t\t\t\t<a class=\"e-gallery-item elementor-gallery-item elementor-animated-content\" href=\"https:\/\/ceramitage.eu\/wp-content\/uploads\/2023\/07\/8-1-1.jpg\" data-elementor-open-lightbox=\"yes\" data-elementor-lightbox-title=\"8-1.jpg\" data-e-action-hash=\"#elementor-action%3Aaction%3Dlightbox%26settings%3DeyJpZCI6Mjg4NSwidXJsIjoiaHR0cHM6XC9cL2NlcmFtaXRhZ2UuZXVcL3dwLWNvbnRlbnRcL3VwbG9hZHNcLzIwMjNcLzA3XC84LTEtMS5qcGcifQ%3D%3D\">\n\t\t\t\t\t<div class=\"e-gallery-image elementor-gallery-item__image\" data-thumbnail=\"https:\/\/ceramitage.eu\/wp-content\/uploads\/2023\/07\/8-1-1-640x640.jpg\" data-width=\"640\" data-height=\"640\" aria-label=\"\" role=\"img\" ><\/div>\n\t\t\t\t\t\t\t\t\t\t\t<div class=\"elementor-gallery-item__overlay\"><\/div>\n\t\t\t\t\t\t\t\t\t\t\t\t\t\t<\/a>\n\t\t\t\t\t<\/div>\n\t\t\t<\/div>\n\t\t\t\t<\/div>\n\t\t\t\t\t<\/div>\n\t\t<\/div>\n\t\t\t\t\t<\/div>\n\t\t<\/section>\n\t\t\t\t<\/div>\n\t\t","protected":false},"excerpt":{"rendered":"<p>I mai 2019 etablerte Keramikkmuseet kontakt med Telemark museum i Skien i S\u00f8r-Norge. Dette museet drifter Porselensmuseet i Porsgrunn, og \u00f8nsker, i likhet med Boleslawiec-museet \u00e5 utvide sitt internasjonale nettverk av keramikkrelaterte institusjoner. Den polske siden har forpliktet seg til \u00e5 utvikle et konsept for \u00e5 inkludere Boles\u0142awiec og Porsgrunn i \u00e9n av de sertifiserte [&hellip;]<\/p>\n","protected":false},"author":1,"featured_media":0,"parent":0,"menu_order":0,"comment_status":"closed","ping_status":"closed","template":"","meta":{"footnotes":""},"class_list":["post-1149","page","type-page","status-publish","hentry"],"_links":{"self":[{"href":"https:\/\/ceramitage.eu\/no\/wp-json\/wp\/v2\/pages\/1149","targetHints":{"allow":["GET"]}}],"collection":[{"href":"https:\/\/ceramitage.eu\/no\/wp-json\/wp\/v2\/pages"}],"about":[{"href":"https:\/\/ceramitage.eu\/no\/wp-json\/wp\/v2\/types\/page"}],"author":[{"embeddable":true,"href":"https:\/\/ceramitage.eu\/no\/wp-json\/wp\/v2\/users\/1"}],"replies":[{"embeddable":true,"href":"https:\/\/ceramitage.eu\/no\/wp-json\/wp\/v2\/comments?post=1149"}],"version-history":[{"count":7,"href":"https:\/\/ceramitage.eu\/no\/wp-json\/wp\/v2\/pages\/1149\/revisions"}],"predecessor-version":[{"id":2908,"href":"https:\/\/ceramitage.eu\/no\/wp-json\/wp\/v2\/pages\/1149\/revisions\/2908"}],"wp:attachment":[{"href":"https:\/\/ceramitage.eu\/no\/wp-json\/wp\/v2\/media?parent=1149"}],"curies":[{"name":"wp","href":"https:\/\/api.w.org\/{rel}","templated":true}]}}