{"id":1151,"date":"2023-06-26T16:16:56","date_gmt":"2023-06-26T14:16:56","guid":{"rendered":"https:\/\/ceramitage.eu\/?page_id=1151"},"modified":"2023-09-23T13:08:18","modified_gmt":"2023-09-23T11:08:18","slug":"valuering-og-kvalifisering-av-prosjekter-under-kulturprogrammet","status":"publish","type":"page","link":"https:\/\/ceramitage.eu\/no\/valuering-og-kvalifisering-av-prosjekter-under-kulturprogrammet\/","title":{"rendered":"VALUERING OG KVALIFISERING AV PROSJEKTER UNDER KULTURPROGRAMMET"},"content":{"rendered":"\t\t<div data-elementor-type=\"wp-page\" data-elementor-id=\"1151\" class=\"elementor elementor-1151\" data-elementor-post-type=\"page\">\n\t\t\t\t\t\t<section class=\"elementor-section elementor-top-section elementor-element elementor-element-ca7140f elementor-section-boxed elementor-section-height-default elementor-section-height-default\" data-id=\"ca7140f\" data-element_type=\"section\" data-settings=\"{&quot;jet_parallax_layout_list&quot;:[]}\">\n\t\t\t\t\t\t<div class=\"elementor-container elementor-column-gap-default\">\n\t\t\t\t\t<div class=\"elementor-column elementor-col-100 elementor-top-column elementor-element elementor-element-f79942f\" data-id=\"f79942f\" data-element_type=\"column\">\n\t\t\t<div class=\"elementor-widget-wrap elementor-element-populated\">\n\t\t\t\t\t\t<div class=\"elementor-element elementor-element-0974b4c elementor-widget elementor-widget-image\" data-id=\"0974b4c\" data-element_type=\"widget\" data-widget_type=\"image.default\">\n\t\t\t\t<div class=\"elementor-widget-container\">\n\t\t\t\t\t\t\t\t\t\t\t\t\t<img fetchpriority=\"high\" decoding=\"async\" width=\"1024\" height=\"683\" src=\"https:\/\/ceramitage.eu\/wp-content\/uploads\/2023\/07\/1-museum-facade-1024x683.jpg\" class=\"attachment-large size-large wp-image-3240\" alt=\"\" srcset=\"https:\/\/ceramitage.eu\/wp-content\/uploads\/2023\/07\/1-museum-facade-1024x683.jpg 1024w, https:\/\/ceramitage.eu\/wp-content\/uploads\/2023\/07\/1-museum-facade-300x200.jpg 300w, https:\/\/ceramitage.eu\/wp-content\/uploads\/2023\/07\/1-museum-facade-768x512.jpg 768w, https:\/\/ceramitage.eu\/wp-content\/uploads\/2023\/07\/1-museum-facade-600x400.jpg 600w, https:\/\/ceramitage.eu\/wp-content\/uploads\/2023\/07\/1-museum-facade.jpg 1200w\" sizes=\"(max-width: 1024px) 100vw, 1024px\" \/>\t\t\t\t\t\t\t\t\t\t\t\t\t<\/div>\n\t\t\t\t<\/div>\n\t\t\t\t\t<\/div>\n\t\t<\/div>\n\t\t\t\t\t<\/div>\n\t\t<\/section>\n\t\t\t\t<section class=\"elementor-section elementor-top-section elementor-element elementor-element-677d23c0 elementor-section-boxed elementor-section-height-default elementor-section-height-default\" data-id=\"677d23c0\" data-element_type=\"section\" data-settings=\"{&quot;jet_parallax_layout_list&quot;:[]}\">\n\t\t\t\t\t\t<div class=\"elementor-container elementor-column-gap-default\">\n\t\t\t\t\t<div class=\"elementor-column elementor-col-100 elementor-top-column elementor-element elementor-element-64c9eb11\" data-id=\"64c9eb11\" data-element_type=\"column\">\n\t\t\t<div class=\"elementor-widget-wrap elementor-element-populated\">\n\t\t\t\t\t\t<div class=\"elementor-element elementor-element-61a972cb elementor-widget elementor-widget-text-editor\" data-id=\"61a972cb\" data-element_type=\"widget\" data-widget_type=\"text-editor.default\">\n\t\t\t\t<div class=\"elementor-widget-container\">\n\t\t\t\t\t\t\t<p><span style=\"font-weight: 400;\">Prosjektet &laquo;Polen og Norge p\u00e5 den europeiske keramikkruten: inkludering av Boles\u0142awiec og Porsgrunn i det internasjonale nettverket for samarbeid mellom byer med keramiske tradisjoner&raquo; ble sendt inn den siste dagen i mars 2020 som en del av den f\u00f8rste utlysningen for kulturprogrammet (tiltak 1. Bedre forvaltning av kulturarven). S\u00f8knadsevalueringen og utvelgelsesprosedyren ble avsluttet 6. november 2020. Hele 189 av de 224 innsendte prosjektene kvalifiserte seg til innholdsmessig vurdering, og i den andre fasen ble de verifisert av ekspertkomiteen. Rangeringslisten ble diskutert av utvelgelseskomiteen 27. oktober 2020, som deretter la fram sine anbefalinger.<\/span><\/p>\n<p><span style=\"font-weight: 400;\">Etter beslutning fra Departementet for Kultur, Nasjonalarv og Idrett mottok 20 prosjekter finansiering fra E\u00d8S-midler og Departementet for Kultur, Nasjonalarv og Idrett. Blant dem var fem fra Nedre Schlesien, inkludert prosjektet &laquo;Polen og Norge p\u00e5 den europeiske keramikkruten: inkludering av Boles\u0142awiec og Porsgrunn i et internasjonalt nettverk for samarbeid mellom byer med keramiske tradisjoner&raquo;. Den totale verdien av prosjektet utgjorde 19 994 046,98 PLN, og den tildelte finansieringen utgjorde 15 108 099,97 PLN. Gjennomf\u00f8ringen av prosjektet startet i februar 2021, og i april samme \u00e5r ble det undertegnet en kontrakt om ombygging av P\u00fcckler-palasset til et nytt keramikkmuseum.<\/span><\/p>\t\t\t\t\t\t<\/div>\n\t\t\t\t<\/div>\n\t\t\t\t\t<\/div>\n\t\t<\/div>\n\t\t\t\t\t<\/div>\n\t\t<\/section>\n\t\t\t\t<section class=\"elementor-section elementor-top-section elementor-element elementor-element-679dc65 elementor-section-boxed elementor-section-height-default elementor-section-height-default\" data-id=\"679dc65\" data-element_type=\"section\" data-settings=\"{&quot;jet_parallax_layout_list&quot;:[]}\">\n\t\t\t\t\t\t<div class=\"elementor-container elementor-column-gap-default\">\n\t\t\t\t\t<div class=\"elementor-column elementor-col-100 elementor-top-column elementor-element elementor-element-7f8bb6f\" data-id=\"7f8bb6f\" data-element_type=\"column\">\n\t\t\t<div class=\"elementor-widget-wrap elementor-element-populated\">\n\t\t\t\t\t\t<div class=\"elementor-element elementor-element-a1b1620 gallery-spacing-custom elementor-widget elementor-widget-image-gallery\" data-id=\"a1b1620\" data-element_type=\"widget\" data-widget_type=\"image-gallery.default\">\n\t\t\t\t<div class=\"elementor-widget-container\">\n\t\t\t\t\t<div class=\"elementor-image-gallery\">\n\t\t\t<div id='gallery-1' class='gallery galleryid-1151 gallery-columns-4 gallery-size-post-thumbnail'><figure class='gallery-item'>\n\t\t\t<div class='gallery-icon landscape'>\n\t\t\t\t<a data-elementor-open-lightbox=\"yes\" data-elementor-lightbox-slideshow=\"a1b1620\" data-elementor-lightbox-title=\"1 museum facade\" data-e-action-hash=\"#elementor-action%3Aaction%3Dlightbox%26settings%3DeyJpZCI6NDI5OSwidXJsIjoiaHR0cHM6XC9cL2NlcmFtaXRhZ2UuZXVcL3dwLWNvbnRlbnRcL3VwbG9hZHNcLzIwMjNcLzA5XC8xLW11c2V1bS1mYWNhZGUuanBnIiwic2xpZGVzaG93IjoiYTFiMTYyMCJ9\" href='https:\/\/ceramitage.eu\/wp-content\/uploads\/2023\/09\/1-museum-facade.jpg'><img decoding=\"async\" width=\"370\" height=\"265\" src=\"https:\/\/ceramitage.eu\/wp-content\/uploads\/2023\/09\/1-museum-facade-370x265.jpg\" class=\"attachment-post-thumbnail size-post-thumbnail\" alt=\"\" \/><\/a>\n\t\t\t<\/div><\/figure><figure class='gallery-item'>\n\t\t\t<div class='gallery-icon landscape'>\n\t\t\t\t<a data-elementor-open-lightbox=\"yes\" data-elementor-lightbox-slideshow=\"a1b1620\" data-elementor-lightbox-title=\"W.14 Wizualizacje sal i projekty s\u0301cian_cz1_07\" data-e-action-hash=\"#elementor-action%3Aaction%3Dlightbox%26settings%3DeyJpZCI6NDMxMSwidXJsIjoiaHR0cHM6XC9cL2NlcmFtaXRhZ2UuZXVcL3dwLWNvbnRlbnRcL3VwbG9hZHNcLzIwMjNcLzA5XC9XLjE0LVdpenVhbGl6YWNqZS1zYWwtaS1wcm9qZWt0eS1zY2lhbl9jejFfMDcuanBnIiwic2xpZGVzaG93IjoiYTFiMTYyMCJ9\" href='https:\/\/ceramitage.eu\/wp-content\/uploads\/2023\/09\/W.14-Wizualizacje-sal-i-projekty-scian_cz1_07.jpg'><img decoding=\"async\" width=\"370\" height=\"265\" src=\"https:\/\/ceramitage.eu\/wp-content\/uploads\/2023\/09\/W.14-Wizualizacje-sal-i-projekty-scian_cz1_07-370x265.jpg\" class=\"attachment-post-thumbnail size-post-thumbnail\" alt=\"\" \/><\/a>\n\t\t\t<\/div><\/figure><figure class='gallery-item'>\n\t\t\t<div class='gallery-icon landscape'>\n\t\t\t\t<a data-elementor-open-lightbox=\"yes\" data-elementor-lightbox-slideshow=\"a1b1620\" data-elementor-lightbox-title=\"W.14 Wizualizacje sal i projekty s\u0301cian_cz1_05\" data-e-action-hash=\"#elementor-action%3Aaction%3Dlightbox%26settings%3DeyJpZCI6NDMwOCwidXJsIjoiaHR0cHM6XC9cL2NlcmFtaXRhZ2UuZXVcL3dwLWNvbnRlbnRcL3VwbG9hZHNcLzIwMjNcLzA5XC9XLjE0LVdpenVhbGl6YWNqZS1zYWwtaS1wcm9qZWt0eS1zY2lhbl9jejFfMDUuanBnIiwic2xpZGVzaG93IjoiYTFiMTYyMCJ9\" href='https:\/\/ceramitage.eu\/wp-content\/uploads\/2023\/09\/W.14-Wizualizacje-sal-i-projekty-scian_cz1_05.jpg'><img loading=\"lazy\" decoding=\"async\" width=\"370\" height=\"265\" src=\"https:\/\/ceramitage.eu\/wp-content\/uploads\/2023\/09\/W.14-Wizualizacje-sal-i-projekty-scian_cz1_05-370x265.jpg\" class=\"attachment-post-thumbnail size-post-thumbnail\" alt=\"\" srcset=\"https:\/\/ceramitage.eu\/wp-content\/uploads\/2023\/09\/W.14-Wizualizacje-sal-i-projekty-scian_cz1_05-370x265.jpg 370w, https:\/\/ceramitage.eu\/wp-content\/uploads\/2023\/09\/W.14-Wizualizacje-sal-i-projekty-scian_cz1_05-300x214.jpg 300w, https:\/\/ceramitage.eu\/wp-content\/uploads\/2023\/09\/W.14-Wizualizacje-sal-i-projekty-scian_cz1_05-768x547.jpg 768w, https:\/\/ceramitage.eu\/wp-content\/uploads\/2023\/09\/W.14-Wizualizacje-sal-i-projekty-scian_cz1_05-600x428.jpg 600w, https:\/\/ceramitage.eu\/wp-content\/uploads\/2023\/09\/W.14-Wizualizacje-sal-i-projekty-scian_cz1_05.jpg 800w\" sizes=\"(max-width: 370px) 100vw, 370px\" \/><\/a>\n\t\t\t<\/div><\/figure><figure class='gallery-item'>\n\t\t\t<div class='gallery-icon landscape'>\n\t\t\t\t<a data-elementor-open-lightbox=\"yes\" data-elementor-lightbox-slideshow=\"a1b1620\" data-elementor-lightbox-title=\"sala_1_permanent exhibition\" data-e-action-hash=\"#elementor-action%3Aaction%3Dlightbox%26settings%3DeyJpZCI6NDMwNSwidXJsIjoiaHR0cHM6XC9cL2NlcmFtaXRhZ2UuZXVcL3dwLWNvbnRlbnRcL3VwbG9hZHNcLzIwMjNcLzA5XC9zYWxhXzFfcGVybWFuZW50LWV4aGliaXRpb24uanBnIiwic2xpZGVzaG93IjoiYTFiMTYyMCJ9\" href='https:\/\/ceramitage.eu\/wp-content\/uploads\/2023\/09\/sala_1_permanent-exhibition.jpg'><img loading=\"lazy\" decoding=\"async\" width=\"370\" height=\"265\" src=\"https:\/\/ceramitage.eu\/wp-content\/uploads\/2023\/09\/sala_1_permanent-exhibition-370x265.jpg\" class=\"attachment-post-thumbnail size-post-thumbnail\" alt=\"\" \/><\/a>\n\t\t\t<\/div><\/figure><figure class='gallery-item'>\n\t\t\t<div class='gallery-icon landscape'>\n\t\t\t\t<a data-elementor-open-lightbox=\"yes\" data-elementor-lightbox-slideshow=\"a1b1620\" data-elementor-lightbox-title=\"DCIM100MEDIADJI_0054.JPG\" data-e-action-hash=\"#elementor-action%3Aaction%3Dlightbox%26settings%3DeyJpZCI6NDMwMiwidXJsIjoiaHR0cHM6XC9cL2NlcmFtaXRhZ2UuZXVcL3dwLWNvbnRlbnRcL3VwbG9hZHNcLzIwMjNcLzA5XC9wYWxhYy1wdWNrbGVyYS5qcGciLCJzbGlkZXNob3ciOiJhMWIxNjIwIn0%3D\" href='https:\/\/ceramitage.eu\/wp-content\/uploads\/2023\/09\/palac-pucklera.jpg'><img loading=\"lazy\" decoding=\"async\" width=\"370\" height=\"265\" src=\"https:\/\/ceramitage.eu\/wp-content\/uploads\/2023\/09\/palac-pucklera-370x265.jpg\" class=\"attachment-post-thumbnail size-post-thumbnail\" alt=\"\" \/><\/a>\n\t\t\t<\/div><\/figure>\n\t\t<\/div>\n\t\t<\/div>\n\t\t\t\t<\/div>\n\t\t\t\t<\/div>\n\t\t\t\t\t<\/div>\n\t\t<\/div>\n\t\t\t\t\t<\/div>\n\t\t<\/section>\n\t\t\t\t<\/div>\n\t\t","protected":false},"excerpt":{"rendered":"<p>Prosjektet &laquo;Polen og Norge p\u00e5 den europeiske keramikkruten: inkludering av Boles\u0142awiec og Porsgrunn i det internasjonale nettverket for samarbeid mellom byer med keramiske tradisjoner&raquo; ble sendt inn den siste dagen i mars 2020 som en del av den f\u00f8rste utlysningen for kulturprogrammet (tiltak 1. Bedre forvaltning av kulturarven). S\u00f8knadsevalueringen og utvelgelsesprosedyren ble avsluttet 6. november [&hellip;]<\/p>\n","protected":false},"author":1,"featured_media":0,"parent":0,"menu_order":0,"comment_status":"closed","ping_status":"closed","template":"","meta":{"footnotes":""},"class_list":["post-1151","page","type-page","status-publish","hentry"],"_links":{"self":[{"href":"https:\/\/ceramitage.eu\/no\/wp-json\/wp\/v2\/pages\/1151","targetHints":{"allow":["GET"]}}],"collection":[{"href":"https:\/\/ceramitage.eu\/no\/wp-json\/wp\/v2\/pages"}],"about":[{"href":"https:\/\/ceramitage.eu\/no\/wp-json\/wp\/v2\/types\/page"}],"author":[{"embeddable":true,"href":"https:\/\/ceramitage.eu\/no\/wp-json\/wp\/v2\/users\/1"}],"replies":[{"embeddable":true,"href":"https:\/\/ceramitage.eu\/no\/wp-json\/wp\/v2\/comments?post=1151"}],"version-history":[{"count":7,"href":"https:\/\/ceramitage.eu\/no\/wp-json\/wp\/v2\/pages\/1151\/revisions"}],"predecessor-version":[{"id":4326,"href":"https:\/\/ceramitage.eu\/no\/wp-json\/wp\/v2\/pages\/1151\/revisions\/4326"}],"wp:attachment":[{"href":"https:\/\/ceramitage.eu\/no\/wp-json\/wp\/v2\/media?parent=1151"}],"curies":[{"name":"wp","href":"https:\/\/api.w.org\/{rel}","templated":true}]}}