{"id":1153,"date":"2023-06-26T16:17:37","date_gmt":"2023-06-26T14:17:37","guid":{"rendered":"https:\/\/ceramitage.eu\/?page_id=1153"},"modified":"2023-06-26T16:21:13","modified_gmt":"2023-06-26T14:21:13","slug":"prosjektmal","status":"publish","type":"page","link":"https:\/\/ceramitage.eu\/no\/prosjektmal\/","title":{"rendered":"PROSJEKTM\u00c5L"},"content":{"rendered":"\n<p>Prosjektet, som i felleskap ble utarbeidet av Boleslawiec kommune, Telemark museum og Boleslawiec keramikkmuseum med st\u00f8tte fra Faenza by &#8211; koordinator av Den europeiske keramikkruten (ERC) fikk tittelen &laquo;Poland and Norway on the European Ceramics Route: inclusion of Boleslawiec and Porsgrunn into the international network of cooperation between cities with ceramic traditions&raquo;.<\/p>\n\n\n\n<p>Hovedideen med prosjektet er \u00e5 bruke ERC sitt potensial til \u00e5 skape verkt\u00f8y for \u00e5 fremme og styrke Boles\u0142awiec og Porsgrunn sin posisjon som velkjente keramikksentre p\u00e5 Europas kultur- og turistkart. I samarbeid med den norske partneren, og med utgangspunkt i kunnskapen deres, ble det utarbeidet en ny markedsf\u00f8ringsstrategi og et nytt kultur-, formidlings- og oppl\u00e6ringstilbud, med forslag utviklet i samarbeid med lokalsamfunnet. Et av de viktigste elementene er kunstneriske arrangementer og utstillinger for \u00e5 fremme det keramiske mangfoldet til begge byene, som vil finne sted ved begge partnerinstitusjonene og som en del av den internasjonale keramikkfestivalen Argill\u00e0 2022 i Faenza. Utviklingen av konkrete forslag vil innledes med en rekke oppl\u00e6ringskurs for \u00e5 \u00f8ke kompetansen til polske kulturminneforvaltere.<\/p>\n\n\n\n<p>Det restaurerte P\u00fcckler-palasset vil bli det nye hjemmet til keramikkmuseet, og takket v\u00e6re internasjonalt samarbeid, vil det gj\u00f8re det mulig \u00e5 utnytte potensialet i den lokale kulturarven knyttet til keramikk fullt ut. Prosjektet for \u00e5 revitalisere og innrede bygningen fra 1800-tallet ble utarbeidet av studioet TOYA DESIGN i samarbeid med de ansatte ved Boles\u0142awiec keramikkmuseum. Den infrastrukturelle delen av prosjektet omfatter tilpasning av f\u00f8rste og andre etasje til utstillingshaller og rom for pedagogiske aktiviteter, og loftet til museums magasinet og verksteder.<\/p>\n\n\n\n<p>Det nye kultur- og formidlingstilbudet, som er utarbeidet i samarbeid med den norske partneren, og som vil bli implementert i l\u00f8pet av prosjektperioden, utvider museets n\u00e5v\u00e6rende aktivitetstilbud betydelig. Det er rettet mot nye m\u00e5lgrupper: funksjonshemmede, eldre, barnefamilier og yrkesgrupper med tilknytning til keramikkindustrien. Tematisk fokuserer det p\u00e5 regionens st\u00f8rste kulturelle ressurs, keramikk. Mange av de planlagte aktiviteter har en internasjonal karakter, noe som vil gj\u00f8re det mulig \u00e5 inkludere dem i tilbudet til European Route of Ceramics, og vil ogs\u00e5 bidra til \u00e5 styrke nettverket for samarbeid og kulturutveksling som involverer flere land over hele Europa.<\/p>\n","protected":false},"excerpt":{"rendered":"<p>Prosjektet, som i felleskap ble utarbeidet av Boleslawiec kommune, Telemark museum og Boleslawiec keramikkmuseum med st\u00f8tte fra Faenza by &#8211; koordinator av Den europeiske keramikkruten (ERC) fikk tittelen &laquo;Poland and Norway on the European Ceramics Route: inclusion of Boleslawiec and Porsgrunn into the international network of cooperation between cities with ceramic traditions&raquo;. Hovedideen med prosjektet [&hellip;]<\/p>\n","protected":false},"author":1,"featured_media":0,"parent":0,"menu_order":0,"comment_status":"closed","ping_status":"closed","template":"","meta":{"footnotes":""},"class_list":["post-1153","page","type-page","status-publish","hentry"],"_links":{"self":[{"href":"https:\/\/ceramitage.eu\/no\/wp-json\/wp\/v2\/pages\/1153","targetHints":{"allow":["GET"]}}],"collection":[{"href":"https:\/\/ceramitage.eu\/no\/wp-json\/wp\/v2\/pages"}],"about":[{"href":"https:\/\/ceramitage.eu\/no\/wp-json\/wp\/v2\/types\/page"}],"author":[{"embeddable":true,"href":"https:\/\/ceramitage.eu\/no\/wp-json\/wp\/v2\/users\/1"}],"replies":[{"embeddable":true,"href":"https:\/\/ceramitage.eu\/no\/wp-json\/wp\/v2\/comments?post=1153"}],"version-history":[{"count":1,"href":"https:\/\/ceramitage.eu\/no\/wp-json\/wp\/v2\/pages\/1153\/revisions"}],"predecessor-version":[{"id":1154,"href":"https:\/\/ceramitage.eu\/no\/wp-json\/wp\/v2\/pages\/1153\/revisions\/1154"}],"wp:attachment":[{"href":"https:\/\/ceramitage.eu\/no\/wp-json\/wp\/v2\/media?parent=1153"}],"curies":[{"name":"wp","href":"https:\/\/api.w.org\/{rel}","templated":true}]}}