{"id":1341,"date":"2023-06-28T11:37:28","date_gmt":"2023-06-28T09:37:28","guid":{"rendered":"https:\/\/ceramitage.eu\/selb-muzeum-porzellanikon\/"},"modified":"2023-08-07T09:31:59","modified_gmt":"2023-08-07T07:31:59","slug":"selb-muzeum-porzellanikon","status":"publish","type":"page","link":"https:\/\/ceramitage.eu\/no\/selb-muzeum-porzellanikon\/","title":{"rendered":"Selb, Porzellanikon-museet"},"content":{"rendered":"\t\t<div data-elementor-type=\"wp-page\" data-elementor-id=\"1341\" class=\"elementor elementor-1341\" data-elementor-post-type=\"page\">\n\t\t\t\t\t\t<section class=\"elementor-section elementor-top-section elementor-element elementor-element-304a9926 elementor-section-boxed elementor-section-height-default elementor-section-height-default\" data-id=\"304a9926\" data-element_type=\"section\" data-settings=\"{&quot;jet_parallax_layout_list&quot;:[]}\">\n\t\t\t\t\t\t<div class=\"elementor-container elementor-column-gap-default\">\n\t\t\t\t\t<div class=\"elementor-column elementor-col-100 elementor-top-column elementor-element elementor-element-470c9643\" data-id=\"470c9643\" data-element_type=\"column\">\n\t\t\t<div class=\"elementor-widget-wrap elementor-element-populated\">\n\t\t\t\t\t\t<div class=\"elementor-element elementor-element-7232fb41 elementor-widget elementor-widget-text-editor\" data-id=\"7232fb41\" data-element_type=\"widget\" data-widget_type=\"text-editor.default\">\n\t\t\t\t<div class=\"elementor-widget-container\">\n\t\t\t\t\t\t\t<p><span style=\"font-weight: 400;\">Den nord\u00f8stlige delen av Bayern er, som den har v\u00e6rt i mer enn 100 \u00e5r, den viktigste porselensregionen i Tyskland og en av de viktigste i Europa. I sentrum ligger Porzellanikon, et statlig museum med to avdelinger i Selb og Hohenberg a. d. Eger og et utstillingsareal p\u00e5 10 000 m\u00b2. Her presenteres den tyske porselenstradisjonen siden grunnleggelsen av Meissener Manufaktur, suksessene p\u00e5 verdensmarkedet som har fortsatt frem til i dag, og designutviklingen i g\u00e5r, i dag og i morgen.<\/span><\/p>\n<p><span style=\"font-weight: 400;\">Europas st\u00f8rste porselenssamling gir et unikt innblikk i 300 \u00e5rs europeisk kulturhistorie, skj\u00f8nnhet, eleganse, s\u00f8ken etter perfeksjon, figurer, servise, kunst \u2013 ting som gj\u00f8r livet vakkert. I museet i Selb, en av Rosenthals tidligere porselensfabrikker, blir produksjonen av hvitt gull forklart og demonstrert p\u00e5 autentiske arbeidsplasser, fra de dyktige og kunnskapsrike porselensarbeidernes forseggjorte manuelle arbeid til dagens h\u00f8yt utviklede datastyrte produksjon. &laquo;Mythos Rosenthal&raquo;, historien til dette verdensber\u00f8mte selskapet, presenteres i en egen utstilling.<\/span><\/p>\n<p><span style=\"font-weight: 400;\">Porzellanikon er en del av en region som har levd og fortsatt lever i porselenets historie. Byer som Selb er hjemsted for viktige bedrifter, og i mange generasjoner har folk jobbet her og andre steder med produksjon av porselen og teknisk keramikk.<\/span><\/p>\n<p><span style=\"font-weight: 400;\">Porselensruten g\u00e5r gjennom denne regionen, porselen er tilstede i bybildet, og store arrangementer som den \u00e5rlige porselensfestivalen i Selb i august trekker titusenvis av mennesker til dette vakre fjellandskapet.<\/span><\/p>\t\t\t\t\t\t<\/div>\n\t\t\t\t<\/div>\n\t\t\t\t\t<\/div>\n\t\t<\/div>\n\t\t\t\t\t<\/div>\n\t\t<\/section>\n\t\t\t\t<section class=\"elementor-section elementor-top-section elementor-element elementor-element-3c83cae elementor-section-boxed elementor-section-height-default elementor-section-height-default\" data-id=\"3c83cae\" data-element_type=\"section\" data-settings=\"{&quot;jet_parallax_layout_list&quot;:[]}\">\n\t\t\t\t\t\t<div class=\"elementor-container elementor-column-gap-default\">\n\t\t\t\t\t<div class=\"elementor-column elementor-col-100 elementor-top-column elementor-element elementor-element-9ead984\" data-id=\"9ead984\" data-element_type=\"column\">\n\t\t\t<div class=\"elementor-widget-wrap elementor-element-populated\">\n\t\t\t\t\t\t<div class=\"elementor-element elementor-element-32b84ef elementor-widget elementor-widget-image-gallery\" data-id=\"32b84ef\" data-element_type=\"widget\" data-widget_type=\"image-gallery.default\">\n\t\t\t\t<div class=\"elementor-widget-container\">\n\t\t\t\t\t<div class=\"elementor-image-gallery\">\n\t\t\t<div id='gallery-1' class='gallery galleryid-1341 gallery-columns-3 gallery-size-monstroid2-thumb-justify'><figure class='gallery-item'>\n\t\t\t<div class='gallery-icon landscape'>\n\t\t\t\t<a data-elementor-open-lightbox=\"yes\" data-elementor-lightbox-slideshow=\"32b84ef\" data-elementor-lightbox-title=\"Selb Porzellanikon Museum 01\" data-e-action-hash=\"#elementor-action%3Aaction%3Dlightbox%26settings%3DeyJpZCI6MTMyOSwidXJsIjoiaHR0cHM6XC9cL2NlcmFtaXRhZ2UuZXVcL3dwLWNvbnRlbnRcL3VwbG9hZHNcLzIwMjNcLzA2XC9TZWxiLVBvcnplbGxhbmlrb24tTXVzZXVtLTAxLmpwZyIsInNsaWRlc2hvdyI6IjMyYjg0ZWYifQ%3D%3D\" href='https:\/\/ceramitage.eu\/wp-content\/uploads\/2023\/06\/Selb-Porzellanikon-Museum-01.jpg'><img fetchpriority=\"high\" decoding=\"async\" width=\"640\" height=\"640\" src=\"https:\/\/ceramitage.eu\/wp-content\/uploads\/2023\/06\/Selb-Porzellanikon-Museum-01-640x640.jpg\" class=\"attachment-monstroid2-thumb-justify size-monstroid2-thumb-justify\" alt=\"\" srcset=\"https:\/\/ceramitage.eu\/wp-content\/uploads\/2023\/06\/Selb-Porzellanikon-Museum-01-640x640.jpg 640w, https:\/\/ceramitage.eu\/wp-content\/uploads\/2023\/06\/Selb-Porzellanikon-Museum-01-150x150.jpg 150w, https:\/\/ceramitage.eu\/wp-content\/uploads\/2023\/06\/Selb-Porzellanikon-Museum-01-230x230.jpg 230w, https:\/\/ceramitage.eu\/wp-content\/uploads\/2023\/06\/Selb-Porzellanikon-Museum-01-400x400.jpg 400w\" sizes=\"(max-width: 640px) 100vw, 640px\" \/><\/a>\n\t\t\t<\/div><\/figure><figure class='gallery-item'>\n\t\t\t<div class='gallery-icon landscape'>\n\t\t\t\t<a data-elementor-open-lightbox=\"yes\" data-elementor-lightbox-slideshow=\"32b84ef\" data-elementor-lightbox-title=\"Selb Porzellanikon Museum 02\" data-e-action-hash=\"#elementor-action%3Aaction%3Dlightbox%26settings%3DeyJpZCI6MTMzMiwidXJsIjoiaHR0cHM6XC9cL2NlcmFtaXRhZ2UuZXVcL3dwLWNvbnRlbnRcL3VwbG9hZHNcLzIwMjNcLzA2XC9TZWxiLVBvcnplbGxhbmlrb24tTXVzZXVtLTAyLmpwZyIsInNsaWRlc2hvdyI6IjMyYjg0ZWYifQ%3D%3D\" href='https:\/\/ceramitage.eu\/wp-content\/uploads\/2023\/06\/Selb-Porzellanikon-Museum-02.jpg'><img decoding=\"async\" width=\"640\" height=\"640\" src=\"https:\/\/ceramitage.eu\/wp-content\/uploads\/2023\/06\/Selb-Porzellanikon-Museum-02-640x640.jpg\" class=\"attachment-monstroid2-thumb-justify size-monstroid2-thumb-justify\" alt=\"\" srcset=\"https:\/\/ceramitage.eu\/wp-content\/uploads\/2023\/06\/Selb-Porzellanikon-Museum-02-640x640.jpg 640w, https:\/\/ceramitage.eu\/wp-content\/uploads\/2023\/06\/Selb-Porzellanikon-Museum-02-150x150.jpg 150w, https:\/\/ceramitage.eu\/wp-content\/uploads\/2023\/06\/Selb-Porzellanikon-Museum-02-230x230.jpg 230w, https:\/\/ceramitage.eu\/wp-content\/uploads\/2023\/06\/Selb-Porzellanikon-Museum-02-400x400.jpg 400w\" sizes=\"(max-width: 640px) 100vw, 640px\" \/><\/a>\n\t\t\t<\/div><\/figure><figure class='gallery-item'>\n\t\t\t<div class='gallery-icon landscape'>\n\t\t\t\t<a data-elementor-open-lightbox=\"yes\" data-elementor-lightbox-slideshow=\"32b84ef\" data-elementor-lightbox-title=\"Selb Porzellanikon Museum 03\" data-e-action-hash=\"#elementor-action%3Aaction%3Dlightbox%26settings%3DeyJpZCI6MTMzNSwidXJsIjoiaHR0cHM6XC9cL2NlcmFtaXRhZ2UuZXVcL3dwLWNvbnRlbnRcL3VwbG9hZHNcLzIwMjNcLzA2XC9TZWxiLVBvcnplbGxhbmlrb24tTXVzZXVtLTAzLmpwZyIsInNsaWRlc2hvdyI6IjMyYjg0ZWYifQ%3D%3D\" href='https:\/\/ceramitage.eu\/wp-content\/uploads\/2023\/06\/Selb-Porzellanikon-Museum-03.jpg'><img decoding=\"async\" width=\"640\" height=\"640\" src=\"https:\/\/ceramitage.eu\/wp-content\/uploads\/2023\/06\/Selb-Porzellanikon-Museum-03-640x640.jpg\" class=\"attachment-monstroid2-thumb-justify size-monstroid2-thumb-justify\" alt=\"\" srcset=\"https:\/\/ceramitage.eu\/wp-content\/uploads\/2023\/06\/Selb-Porzellanikon-Museum-03-640x640.jpg 640w, https:\/\/ceramitage.eu\/wp-content\/uploads\/2023\/06\/Selb-Porzellanikon-Museum-03-150x150.jpg 150w, https:\/\/ceramitage.eu\/wp-content\/uploads\/2023\/06\/Selb-Porzellanikon-Museum-03-230x230.jpg 230w, https:\/\/ceramitage.eu\/wp-content\/uploads\/2023\/06\/Selb-Porzellanikon-Museum-03-400x400.jpg 400w\" sizes=\"(max-width: 640px) 100vw, 640px\" \/><\/a>\n\t\t\t<\/div><\/figure>\n\t\t<\/div>\n\t\t<\/div>\n\t\t\t\t<\/div>\n\t\t\t\t<\/div>\n\t\t\t\t\t<\/div>\n\t\t<\/div>\n\t\t\t\t\t<\/div>\n\t\t<\/section>\n\t\t\t\t<\/div>\n\t\t","protected":false},"excerpt":{"rendered":"<p>Den nord\u00f8stlige delen av Bayern er, som den har v\u00e6rt i mer enn 100 \u00e5r, den viktigste porselensregionen i Tyskland og en av de viktigste i Europa. I sentrum ligger Porzellanikon, et statlig museum med to avdelinger i Selb og Hohenberg a. d. Eger og et utstillingsareal p\u00e5 10 000 m\u00b2. Her presenteres den tyske [&hellip;]<\/p>\n","protected":false},"author":1,"featured_media":0,"parent":0,"menu_order":0,"comment_status":"closed","ping_status":"closed","template":"","meta":{"footnotes":""},"class_list":["post-1341","page","type-page","status-publish","hentry"],"_links":{"self":[{"href":"https:\/\/ceramitage.eu\/no\/wp-json\/wp\/v2\/pages\/1341","targetHints":{"allow":["GET"]}}],"collection":[{"href":"https:\/\/ceramitage.eu\/no\/wp-json\/wp\/v2\/pages"}],"about":[{"href":"https:\/\/ceramitage.eu\/no\/wp-json\/wp\/v2\/types\/page"}],"author":[{"embeddable":true,"href":"https:\/\/ceramitage.eu\/no\/wp-json\/wp\/v2\/users\/1"}],"replies":[{"embeddable":true,"href":"https:\/\/ceramitage.eu\/no\/wp-json\/wp\/v2\/comments?post=1341"}],"version-history":[{"count":4,"href":"https:\/\/ceramitage.eu\/no\/wp-json\/wp\/v2\/pages\/1341\/revisions"}],"predecessor-version":[{"id":3446,"href":"https:\/\/ceramitage.eu\/no\/wp-json\/wp\/v2\/pages\/1341\/revisions\/3446"}],"wp:attachment":[{"href":"https:\/\/ceramitage.eu\/no\/wp-json\/wp\/v2\/media?parent=1341"}],"curies":[{"name":"wp","href":"https:\/\/api.w.org\/{rel}","templated":true}]}}