{"id":1360,"date":"2023-06-28T11:42:56","date_gmt":"2023-06-28T09:42:56","guid":{"rendered":"https:\/\/ceramitage.eu\/narodowe-muzeum-sztuki-ludowej-huculszczyzny-i-pokucia-im-j-kobrynskiego-kosow\/"},"modified":"2023-08-07T09:22:40","modified_gmt":"2023-08-07T07:22:40","slug":"narodowe-muzeum-sztuki-ludowej-huculszczyzny-i-pokucia-im-j-kobrynskiego-kosow","status":"publish","type":"page","link":"https:\/\/ceramitage.eu\/no\/narodowe-muzeum-sztuki-ludowej-huculszczyzny-i-pokucia-im-j-kobrynskiego-kosow\/","title":{"rendered":"Nasjonalmuseet for Hutsulshchyna og Pokuttias folkekunst Y.Kobrynskyi, Kosiv"},"content":{"rendered":"\t\t<div data-elementor-type=\"wp-page\" data-elementor-id=\"1360\" class=\"elementor elementor-1360\" data-elementor-post-type=\"page\">\n\t\t\t\t\t\t<section class=\"elementor-section elementor-top-section elementor-element elementor-element-507f1d4d elementor-section-boxed elementor-section-height-default elementor-section-height-default\" data-id=\"507f1d4d\" data-element_type=\"section\" data-settings=\"{&quot;jet_parallax_layout_list&quot;:[]}\">\n\t\t\t\t\t\t<div class=\"elementor-container elementor-column-gap-default\">\n\t\t\t\t\t<div class=\"elementor-column elementor-col-100 elementor-top-column elementor-element elementor-element-10a38f1\" data-id=\"10a38f1\" data-element_type=\"column\">\n\t\t\t<div class=\"elementor-widget-wrap elementor-element-populated\">\n\t\t\t\t\t\t<div class=\"elementor-element elementor-element-67756322 elementor-widget elementor-widget-text-editor\" data-id=\"67756322\" data-element_type=\"widget\" data-widget_type=\"text-editor.default\">\n\t\t\t\t<div class=\"elementor-widget-container\">\n\t\t\t\t\t\t\t<p><span style=\"font-weight: 400;\">Yosaphat Kobrynskyi National Museum of Hutsulshchyna and Pokuttia Folk Art er en av de mest fremtredende ukrainske institusjonene som forsker p\u00e5, bevarer og fremmer tradisjonell folkekunst i Karpatregionen.<\/span><\/p><p><span style=\"font-weight: 400;\">Museet ble grunnlagt i 1926 og var det f\u00f8rste ukrainske museet i Halychyna (Vest-Ukraina). Museets samling omfatter mer enn 50 000 gjenstander, hvorav mange er flere tusen \u00e5r gamle. Museet viser tradisjonelt folkeh\u00e5ndverk fra regionene Hutsulsjtsjyna og Pokuttia, som treskj\u00e6ring, kunstnerisk l\u00e6r- og metallarbeid, keramikk, tradisjonelle folkedrakter, broderier, vevde tekstiler og smykker, p\u00e5skeegg, maleri og kirkekunst. Blant de eldste gjenstandene er sakrale kunstgjenstander fra 1600- til 1800-tallet, som var en del av Hutsul-kirker. Et tradisjonelt hutsulhus er ogs\u00e5 utstilt i museet. De personlige eiendelene til Andriy Chaikovskyi, den ber\u00f8mte ukrainske forfatteren, advokaten og aktivisten, utgj\u00f8r en verdifull del av museets utstilling.<\/span><\/p><p><span style=\"font-weight: 400;\">Nasjonalmuseet og dets filialer &#8211; P\u00e5skeeggmuseet\/Pysanka-museet, Kosiv Museum of Hutsulshchyna Folk Art, Yaremche Museum of Carpathian Ethnography and Ecology og Shukhevych Family Museum &#8211; bes\u00f8kes \u00e5rlig av mer enn 250 000 turister fra over 46 land.<\/span><\/p>\t\t\t\t\t\t<\/div>\n\t\t\t\t<\/div>\n\t\t\t\t\t<\/div>\n\t\t<\/div>\n\t\t\t\t\t<\/div>\n\t\t<\/section>\n\t\t\t\t<section class=\"elementor-section elementor-top-section elementor-element elementor-element-8b1a418 elementor-section-boxed elementor-section-height-default elementor-section-height-default\" data-id=\"8b1a418\" data-element_type=\"section\" data-settings=\"{&quot;jet_parallax_layout_list&quot;:[]}\">\n\t\t\t\t\t\t<div class=\"elementor-container elementor-column-gap-default\">\n\t\t\t\t\t<div class=\"elementor-column elementor-col-100 elementor-top-column elementor-element elementor-element-2f34875\" data-id=\"2f34875\" data-element_type=\"column\">\n\t\t\t<div class=\"elementor-widget-wrap elementor-element-populated\">\n\t\t\t\t\t\t<div class=\"elementor-element elementor-element-35b0b19 elementor-widget elementor-widget-image-gallery\" data-id=\"35b0b19\" data-element_type=\"widget\" data-widget_type=\"image-gallery.default\">\n\t\t\t\t<div class=\"elementor-widget-container\">\n\t\t\t\t\t<div class=\"elementor-image-gallery\">\n\t\t\t<div id='gallery-1' class='gallery galleryid-1360 gallery-columns-3 gallery-size-monstroid2-thumb-justify'><figure class='gallery-item'>\n\t\t\t<div class='gallery-icon landscape'>\n\t\t\t\t<a data-elementor-open-lightbox=\"yes\" data-elementor-lightbox-slideshow=\"35b0b19\" data-elementor-lightbox-title=\"National Museum of Hutsulshchyna and Pokuttia 01\" data-e-action-hash=\"#elementor-action%3Aaction%3Dlightbox%26settings%3DeyJpZCI6MTM0OSwidXJsIjoiaHR0cHM6XC9cL2NlcmFtaXRhZ2UuZXVcL3dwLWNvbnRlbnRcL3VwbG9hZHNcLzIwMjNcLzA2XC9OYXRpb25hbC1NdXNldW0tb2YtSHV0c3Vsc2hjaHluYS1hbmQtUG9rdXR0aWEtMDEuanBnIiwic2xpZGVzaG93IjoiMzViMGIxOSJ9\" href='https:\/\/ceramitage.eu\/wp-content\/uploads\/2023\/06\/National-Museum-of-Hutsulshchyna-and-Pokuttia-01.jpg'><img fetchpriority=\"high\" decoding=\"async\" width=\"640\" height=\"628\" src=\"https:\/\/ceramitage.eu\/wp-content\/uploads\/2023\/06\/National-Museum-of-Hutsulshchyna-and-Pokuttia-01-640x628.jpg\" class=\"attachment-monstroid2-thumb-justify size-monstroid2-thumb-justify\" alt=\"\" \/><\/a>\n\t\t\t<\/div><\/figure><figure class='gallery-item'>\n\t\t\t<div class='gallery-icon portrait'>\n\t\t\t\t<a data-elementor-open-lightbox=\"yes\" data-elementor-lightbox-slideshow=\"35b0b19\" data-elementor-lightbox-title=\"National Museum of Hutsulshchyna and Pokuttia 02\" data-e-action-hash=\"#elementor-action%3Aaction%3Dlightbox%26settings%3DeyJpZCI6MTM1MiwidXJsIjoiaHR0cHM6XC9cL2NlcmFtaXRhZ2UuZXVcL3dwLWNvbnRlbnRcL3VwbG9hZHNcLzIwMjNcLzA2XC9OYXRpb25hbC1NdXNldW0tb2YtSHV0c3Vsc2hjaHluYS1hbmQtUG9rdXR0aWEtMDIuanBnIiwic2xpZGVzaG93IjoiMzViMGIxOSJ9\" href='https:\/\/ceramitage.eu\/wp-content\/uploads\/2023\/06\/National-Museum-of-Hutsulshchyna-and-Pokuttia-02.jpg'><img decoding=\"async\" width=\"640\" height=\"640\" src=\"https:\/\/ceramitage.eu\/wp-content\/uploads\/2023\/06\/National-Museum-of-Hutsulshchyna-and-Pokuttia-02-640x640.jpg\" class=\"attachment-monstroid2-thumb-justify size-monstroid2-thumb-justify\" alt=\"\" srcset=\"https:\/\/ceramitage.eu\/wp-content\/uploads\/2023\/06\/National-Museum-of-Hutsulshchyna-and-Pokuttia-02-640x640.jpg 640w, https:\/\/ceramitage.eu\/wp-content\/uploads\/2023\/06\/National-Museum-of-Hutsulshchyna-and-Pokuttia-02-150x150.jpg 150w, https:\/\/ceramitage.eu\/wp-content\/uploads\/2023\/06\/National-Museum-of-Hutsulshchyna-and-Pokuttia-02-230x230.jpg 230w, https:\/\/ceramitage.eu\/wp-content\/uploads\/2023\/06\/National-Museum-of-Hutsulshchyna-and-Pokuttia-02-400x400.jpg 400w\" sizes=\"(max-width: 640px) 100vw, 640px\" \/><\/a>\n\t\t\t<\/div><\/figure><figure class='gallery-item'>\n\t\t\t<div class='gallery-icon landscape'>\n\t\t\t\t<a data-elementor-open-lightbox=\"yes\" data-elementor-lightbox-slideshow=\"35b0b19\" data-elementor-lightbox-title=\"National Museum of Hutsulshchyna and Pokuttia 03\" data-e-action-hash=\"#elementor-action%3Aaction%3Dlightbox%26settings%3DeyJpZCI6MTM1NSwidXJsIjoiaHR0cHM6XC9cL2NlcmFtaXRhZ2UuZXVcL3dwLWNvbnRlbnRcL3VwbG9hZHNcLzIwMjNcLzA2XC9OYXRpb25hbC1NdXNldW0tb2YtSHV0c3Vsc2hjaHluYS1hbmQtUG9rdXR0aWEtMDMuanBnIiwic2xpZGVzaG93IjoiMzViMGIxOSJ9\" href='https:\/\/ceramitage.eu\/wp-content\/uploads\/2023\/06\/National-Museum-of-Hutsulshchyna-and-Pokuttia-03.jpg'><img decoding=\"async\" width=\"640\" height=\"640\" src=\"https:\/\/ceramitage.eu\/wp-content\/uploads\/2023\/06\/National-Museum-of-Hutsulshchyna-and-Pokuttia-03-640x640.jpg\" class=\"attachment-monstroid2-thumb-justify size-monstroid2-thumb-justify\" alt=\"\" srcset=\"https:\/\/ceramitage.eu\/wp-content\/uploads\/2023\/06\/National-Museum-of-Hutsulshchyna-and-Pokuttia-03-640x640.jpg 640w, https:\/\/ceramitage.eu\/wp-content\/uploads\/2023\/06\/National-Museum-of-Hutsulshchyna-and-Pokuttia-03-150x150.jpg 150w, https:\/\/ceramitage.eu\/wp-content\/uploads\/2023\/06\/National-Museum-of-Hutsulshchyna-and-Pokuttia-03-230x230.jpg 230w, https:\/\/ceramitage.eu\/wp-content\/uploads\/2023\/06\/National-Museum-of-Hutsulshchyna-and-Pokuttia-03-400x400.jpg 400w\" sizes=\"(max-width: 640px) 100vw, 640px\" \/><\/a>\n\t\t\t<\/div><\/figure>\n\t\t<\/div>\n\t\t<\/div>\n\t\t\t\t<\/div>\n\t\t\t\t<\/div>\n\t\t\t\t\t<\/div>\n\t\t<\/div>\n\t\t\t\t\t<\/div>\n\t\t<\/section>\n\t\t\t\t<\/div>\n\t\t","protected":false},"excerpt":{"rendered":"<p>Yosaphat Kobrynskyi National Museum of Hutsulshchyna and Pokuttia Folk Art er en av de mest fremtredende ukrainske institusjonene som forsker p\u00e5, bevarer og fremmer tradisjonell folkekunst i Karpatregionen. Museet ble grunnlagt i 1926 og var det f\u00f8rste ukrainske museet i Halychyna (Vest-Ukraina). Museets samling omfatter mer enn 50 000 gjenstander, hvorav mange er flere tusen [&hellip;]<\/p>\n","protected":false},"author":1,"featured_media":0,"parent":0,"menu_order":0,"comment_status":"closed","ping_status":"closed","template":"","meta":{"footnotes":""},"class_list":["post-1360","page","type-page","status-publish","hentry"],"_links":{"self":[{"href":"https:\/\/ceramitage.eu\/no\/wp-json\/wp\/v2\/pages\/1360","targetHints":{"allow":["GET"]}}],"collection":[{"href":"https:\/\/ceramitage.eu\/no\/wp-json\/wp\/v2\/pages"}],"about":[{"href":"https:\/\/ceramitage.eu\/no\/wp-json\/wp\/v2\/types\/page"}],"author":[{"embeddable":true,"href":"https:\/\/ceramitage.eu\/no\/wp-json\/wp\/v2\/users\/1"}],"replies":[{"embeddable":true,"href":"https:\/\/ceramitage.eu\/no\/wp-json\/wp\/v2\/comments?post=1360"}],"version-history":[{"count":10,"href":"https:\/\/ceramitage.eu\/no\/wp-json\/wp\/v2\/pages\/1360\/revisions"}],"predecessor-version":[{"id":3433,"href":"https:\/\/ceramitage.eu\/no\/wp-json\/wp\/v2\/pages\/1360\/revisions\/3433"}],"wp:attachment":[{"href":"https:\/\/ceramitage.eu\/no\/wp-json\/wp\/v2\/media?parent=1360"}],"curies":[{"name":"wp","href":"https:\/\/api.w.org\/{rel}","templated":true}]}}