{"id":1415,"date":"2023-06-28T11:52:10","date_gmt":"2023-06-28T09:52:10","guid":{"rendered":"https:\/\/ceramitage.eu\/limoges\/"},"modified":"2023-08-07T09:17:46","modified_gmt":"2023-08-07T07:17:46","slug":"limoges","status":"publish","type":"page","link":"https:\/\/ceramitage.eu\/no\/limoges\/","title":{"rendered":"Limoges"},"content":{"rendered":"\t\t<div data-elementor-type=\"wp-page\" data-elementor-id=\"1415\" class=\"elementor elementor-1415\" data-elementor-post-type=\"page\">\n\t\t\t\t\t\t<section class=\"elementor-section elementor-top-section elementor-element elementor-element-78e54471 elementor-section-boxed elementor-section-height-default elementor-section-height-default\" data-id=\"78e54471\" data-element_type=\"section\" data-settings=\"{&quot;jet_parallax_layout_list&quot;:[]}\">\n\t\t\t\t\t\t<div class=\"elementor-container elementor-column-gap-default\">\n\t\t\t\t\t<div class=\"elementor-column elementor-col-100 elementor-top-column elementor-element elementor-element-30c78b3e\" data-id=\"30c78b3e\" data-element_type=\"column\">\n\t\t\t<div class=\"elementor-widget-wrap elementor-element-populated\">\n\t\t\t\t\t\t<div class=\"elementor-element elementor-element-53bdeb4f elementor-widget elementor-widget-text-editor\" data-id=\"53bdeb4f\" data-element_type=\"widget\" data-widget_type=\"text-editor.default\">\n\t\t\t\t<div class=\"elementor-widget-container\">\n\t\t\t\t\t\t\t<p><span style=\"font-weight: 400;\">Byen Limoges er sterkt knyttet til ildkunst. Emalje, porselen og glassmalerier utgj\u00f8r en enest\u00e5ende industri- og h\u00e5ndverksarv. Limoges, som ligger i et veikryss mellom de store europeiske veinettene og har 138 000 innbyggere, ble i oktober 2017 medlem av UNESCOs nettverk av kreative byer innen kunsth\u00e5ndverk og folkekunst.<\/span><\/p>\n<p><span style=\"font-weight: 400;\">I Limoges finner du ogs\u00e5 ni \u00e5rhundrer med kreativitet og innovasjon innen ildkunst, inkludert 250 \u00e5r med porselensproduksjon som er anerkjent og beskyttet av en geografisk betegnelse.<\/span><\/p>\n<p><span style=\"font-weight: 400;\">Limoges-emaljer er utstilt i alle verdens store museer, fra MOMA i New York til Louvre i Abu Dhabi. 120 fagpersoner innen industri, teknologioverf\u00f8ring, forskning og oppl\u00e6ring, samt strategiske og konstitusjonelle akt\u00f8rer utgj\u00f8r keramikkens konkurransekraft. 450 forskere, l\u00e6rere, teknikere og doktorgradsstudenter er samlet p\u00e5 det europeiske senteret for keramikk (IRCER). Byen har fire ledende utdanningsinstitusjoner innen doktorgradsstudier: L&#8217;ENSA National Art School of Art, l&#8217;ENSCI National High School of Ceramics; High School of Art craft of Mas-Jambost og l&#8217;AFPI Limousin Industry Vocational Training Association. Det finnes ogs\u00e5 seks store utstillingssteder dedikert til ildkunst: Nasjonalmuseet Adrien Dubouch\u00e9, Museum of Beaux- Arts, Bernardaud Foundation, Museum of the Casseaux, Konservatoriet for teknisk kunst i Limoges og Foundation Havilland.<\/span><\/p>\t\t\t\t\t\t<\/div>\n\t\t\t\t<\/div>\n\t\t\t\t\t<\/div>\n\t\t<\/div>\n\t\t\t\t\t<\/div>\n\t\t<\/section>\n\t\t\t\t<section class=\"elementor-section elementor-top-section elementor-element elementor-element-b812b36 elementor-section-boxed elementor-section-height-default elementor-section-height-default\" data-id=\"b812b36\" data-element_type=\"section\" data-settings=\"{&quot;jet_parallax_layout_list&quot;:[]}\">\n\t\t\t\t\t\t<div class=\"elementor-container elementor-column-gap-default\">\n\t\t\t\t\t<div class=\"elementor-column elementor-col-100 elementor-top-column elementor-element elementor-element-0158e3d\" data-id=\"0158e3d\" data-element_type=\"column\">\n\t\t\t<div class=\"elementor-widget-wrap elementor-element-populated\">\n\t\t\t\t\t\t<div class=\"elementor-element elementor-element-da3ea4d elementor-widget elementor-widget-image-gallery\" data-id=\"da3ea4d\" data-element_type=\"widget\" data-widget_type=\"image-gallery.default\">\n\t\t\t\t<div class=\"elementor-widget-container\">\n\t\t\t\t\t<div class=\"elementor-image-gallery\">\n\t\t\t<div id='gallery-1' class='gallery galleryid-1415 gallery-columns-3 gallery-size-monstroid2-thumb-justify'><figure class='gallery-item'>\n\t\t\t<div class='gallery-icon landscape'>\n\t\t\t\t<a data-elementor-open-lightbox=\"yes\" data-elementor-lightbox-slideshow=\"da3ea4d\" data-elementor-lightbox-title=\"Basic RGB\" data-e-action-hash=\"#elementor-action%3Aaction%3Dlightbox%26settings%3DeyJpZCI6MTQwMiwidXJsIjoiaHR0cHM6XC9cL2NlcmFtaXRhZ2UuZXVcL3dwLWNvbnRlbnRcL3VwbG9hZHNcLzIwMjNcLzA2XC9MaW1vZ2VzLTAxLmpwZyIsInNsaWRlc2hvdyI6ImRhM2VhNGQifQ%3D%3D\" href='https:\/\/ceramitage.eu\/wp-content\/uploads\/2023\/06\/Limoges-01.jpg'><img fetchpriority=\"high\" decoding=\"async\" width=\"640\" height=\"640\" src=\"https:\/\/ceramitage.eu\/wp-content\/uploads\/2023\/06\/Limoges-01-640x640.jpg\" class=\"attachment-monstroid2-thumb-justify size-monstroid2-thumb-justify\" alt=\"\" srcset=\"https:\/\/ceramitage.eu\/wp-content\/uploads\/2023\/06\/Limoges-01-640x640.jpg 640w, https:\/\/ceramitage.eu\/wp-content\/uploads\/2023\/06\/Limoges-01-150x150.jpg 150w, https:\/\/ceramitage.eu\/wp-content\/uploads\/2023\/06\/Limoges-01-230x230.jpg 230w, https:\/\/ceramitage.eu\/wp-content\/uploads\/2023\/06\/Limoges-01-400x400.jpg 400w\" sizes=\"(max-width: 640px) 100vw, 640px\" \/><\/a>\n\t\t\t<\/div><\/figure><figure class='gallery-item'>\n\t\t\t<div class='gallery-icon landscape'>\n\t\t\t\t<a data-elementor-open-lightbox=\"yes\" data-elementor-lightbox-slideshow=\"da3ea4d\" data-elementor-lightbox-title=\"Limoges 02\" data-e-action-hash=\"#elementor-action%3Aaction%3Dlightbox%26settings%3DeyJpZCI6MTQwNSwidXJsIjoiaHR0cHM6XC9cL2NlcmFtaXRhZ2UuZXVcL3dwLWNvbnRlbnRcL3VwbG9hZHNcLzIwMjNcLzA2XC9MaW1vZ2VzLTAyLmpwZyIsInNsaWRlc2hvdyI6ImRhM2VhNGQifQ%3D%3D\" href='https:\/\/ceramitage.eu\/wp-content\/uploads\/2023\/06\/Limoges-02.jpg'><img decoding=\"async\" width=\"640\" height=\"640\" src=\"https:\/\/ceramitage.eu\/wp-content\/uploads\/2023\/06\/Limoges-02-640x640.jpg\" class=\"attachment-monstroid2-thumb-justify size-monstroid2-thumb-justify\" alt=\"\" srcset=\"https:\/\/ceramitage.eu\/wp-content\/uploads\/2023\/06\/Limoges-02-640x640.jpg 640w, https:\/\/ceramitage.eu\/wp-content\/uploads\/2023\/06\/Limoges-02-150x150.jpg 150w, https:\/\/ceramitage.eu\/wp-content\/uploads\/2023\/06\/Limoges-02-230x230.jpg 230w, https:\/\/ceramitage.eu\/wp-content\/uploads\/2023\/06\/Limoges-02-400x400.jpg 400w\" sizes=\"(max-width: 640px) 100vw, 640px\" \/><\/a>\n\t\t\t<\/div><\/figure><figure class='gallery-item'>\n\t\t\t<div class='gallery-icon landscape'>\n\t\t\t\t<a data-elementor-open-lightbox=\"yes\" data-elementor-lightbox-slideshow=\"da3ea4d\" data-elementor-lightbox-title=\"Limoges 03\" data-e-action-hash=\"#elementor-action%3Aaction%3Dlightbox%26settings%3DeyJpZCI6MTQwOCwidXJsIjoiaHR0cHM6XC9cL2NlcmFtaXRhZ2UuZXVcL3dwLWNvbnRlbnRcL3VwbG9hZHNcLzIwMjNcLzA2XC9MaW1vZ2VzLTAzLmpwZyIsInNsaWRlc2hvdyI6ImRhM2VhNGQifQ%3D%3D\" href='https:\/\/ceramitage.eu\/wp-content\/uploads\/2023\/06\/Limoges-03.jpg'><img decoding=\"async\" width=\"640\" height=\"640\" src=\"https:\/\/ceramitage.eu\/wp-content\/uploads\/2023\/06\/Limoges-03-640x640.jpg\" class=\"attachment-monstroid2-thumb-justify size-monstroid2-thumb-justify\" alt=\"\" srcset=\"https:\/\/ceramitage.eu\/wp-content\/uploads\/2023\/06\/Limoges-03-640x640.jpg 640w, https:\/\/ceramitage.eu\/wp-content\/uploads\/2023\/06\/Limoges-03-150x150.jpg 150w, https:\/\/ceramitage.eu\/wp-content\/uploads\/2023\/06\/Limoges-03-230x230.jpg 230w, https:\/\/ceramitage.eu\/wp-content\/uploads\/2023\/06\/Limoges-03-400x400.jpg 400w\" sizes=\"(max-width: 640px) 100vw, 640px\" \/><\/a>\n\t\t\t<\/div><\/figure>\n\t\t<\/div>\n\t\t<\/div>\n\t\t\t\t<\/div>\n\t\t\t\t<\/div>\n\t\t\t\t\t<\/div>\n\t\t<\/div>\n\t\t\t\t\t<\/div>\n\t\t<\/section>\n\t\t\t\t<\/div>\n\t\t","protected":false},"excerpt":{"rendered":"<p>Byen Limoges er sterkt knyttet til ildkunst. Emalje, porselen og glassmalerier utgj\u00f8r en enest\u00e5ende industri- og h\u00e5ndverksarv. Limoges, som ligger i et veikryss mellom de store europeiske veinettene og har 138 000 innbyggere, ble i oktober 2017 medlem av UNESCOs nettverk av kreative byer innen kunsth\u00e5ndverk og folkekunst. I Limoges finner du ogs\u00e5 ni \u00e5rhundrer [&hellip;]<\/p>\n","protected":false},"author":1,"featured_media":0,"parent":0,"menu_order":0,"comment_status":"closed","ping_status":"closed","template":"","meta":{"footnotes":""},"class_list":["post-1415","page","type-page","status-publish","hentry"],"_links":{"self":[{"href":"https:\/\/ceramitage.eu\/no\/wp-json\/wp\/v2\/pages\/1415","targetHints":{"allow":["GET"]}}],"collection":[{"href":"https:\/\/ceramitage.eu\/no\/wp-json\/wp\/v2\/pages"}],"about":[{"href":"https:\/\/ceramitage.eu\/no\/wp-json\/wp\/v2\/types\/page"}],"author":[{"embeddable":true,"href":"https:\/\/ceramitage.eu\/no\/wp-json\/wp\/v2\/users\/1"}],"replies":[{"embeddable":true,"href":"https:\/\/ceramitage.eu\/no\/wp-json\/wp\/v2\/comments?post=1415"}],"version-history":[{"count":4,"href":"https:\/\/ceramitage.eu\/no\/wp-json\/wp\/v2\/pages\/1415\/revisions"}],"predecessor-version":[{"id":3419,"href":"https:\/\/ceramitage.eu\/no\/wp-json\/wp\/v2\/pages\/1415\/revisions\/3419"}],"wp:attachment":[{"href":"https:\/\/ceramitage.eu\/no\/wp-json\/wp\/v2\/media?parent=1415"}],"curies":[{"name":"wp","href":"https:\/\/api.w.org\/{rel}","templated":true}]}}