{"id":1437,"date":"2023-06-28T11:56:17","date_gmt":"2023-06-28T09:56:17","guid":{"rendered":"https:\/\/ceramitage.eu\/fundacja-iznik\/"},"modified":"2024-02-06T15:26:28","modified_gmt":"2024-02-06T14:26:28","slug":"fundacja-iznik","status":"publish","type":"page","link":"https:\/\/ceramitage.eu\/no\/fundacja-iznik\/","title":{"rendered":"Iznik-stiftelsen"},"content":{"rendered":"\t\t<div data-elementor-type=\"wp-page\" data-elementor-id=\"1437\" class=\"elementor elementor-1437\" data-elementor-post-type=\"page\">\n\t\t\t\t\t\t<section class=\"elementor-section elementor-top-section elementor-element elementor-element-2e6151bd elementor-section-boxed elementor-section-height-default elementor-section-height-default\" data-id=\"2e6151bd\" data-element_type=\"section\" data-settings=\"{&quot;jet_parallax_layout_list&quot;:[]}\">\n\t\t\t\t\t\t<div class=\"elementor-container elementor-column-gap-default\">\n\t\t\t\t\t<div class=\"elementor-column elementor-col-100 elementor-top-column elementor-element elementor-element-245546ec\" data-id=\"245546ec\" data-element_type=\"column\">\n\t\t\t<div class=\"elementor-widget-wrap elementor-element-populated\">\n\t\t\t\t\t\t<div class=\"elementor-element elementor-element-61cebedc elementor-widget elementor-widget-text-editor\" data-id=\"61cebedc\" data-element_type=\"widget\" data-widget_type=\"text-editor.default\">\n\t\t\t\t<div class=\"elementor-widget-container\">\n\t\t\t\t\t\t\t<p><span style=\"font-weight: 400;\">De keramiske flisene som ble produsert i \u0130znik (historiske Nicaea) p\u00e5 1400- og 1500-tallet, representerer det kulturelle og kunstneriske h\u00f8ydepunktet i det osmanske riket. Disse flisene pryder fortsatt veggene i mange moskeer og palasser. Eksemplarer av disse flisene er en del av de beste samlingene p\u00e5 museer i Tyrkia og rundt om i verden. Stiftelsens hovedprinsipp er \u00e5 gjenopplive den tradisjonelle flisemakerkunsten, og i 1995 innledet stiftelsen derfor en p\u00e5g\u00e5ende forskning. Som et resultat av denne forskningen reproduseres Iznik-fliser i dag ved hjelp av gjenoppdagede tradisjonelle metoder. Den vellykkede forskningen og unders\u00f8kelsene av emnet, utf\u00f8rt av institusjoner som Istanbul University, Istanbul Technical University og T\u00dcB\u0130TAK, har vakt stor interesse b\u00e5de i og utenfor Tyrkia. Stiftelsen best\u00e5r av tre enheter: Iznik Training and Education Foundation, Istanbul; Iznik Ceramic Research Centre, Iznik; Iznik Tiles and Ceramic Corporation, Istanbul &amp; Iznik.<\/span><\/p><p><span style=\"color: var( --e-global-color-text ); font-family: var( --e-global-typography-text-font-family ), Sans-serif; letter-spacing: 0px;\">Form\u00e5let med Iznik Training and Education Foundation er \u00e5 gj\u00f8re kulturen og de kunstneriske verdiene i Iznik og de omkringliggende samfunnene kjent, \u00e5 aktivere omr\u00e5dets n\u00e5v\u00e6rende potensial, \u00e5 systematisere b\u00e5de eksisterende og ny informasjon om den tradisjonelle Iznik-flisekunsten og \u00e5 videreformidle denne kunnskapen til n\u00e5v\u00e6rende og fremtidige generasjoner gjennom oppl\u00e6ring og utdanning.<\/span><\/p>\t\t\t\t\t\t<\/div>\n\t\t\t\t<\/div>\n\t\t\t\t\t<\/div>\n\t\t<\/div>\n\t\t\t\t\t<\/div>\n\t\t<\/section>\n\t\t\t\t<section class=\"elementor-section elementor-top-section elementor-element elementor-element-10a36b4 elementor-section-boxed elementor-section-height-default elementor-section-height-default\" data-id=\"10a36b4\" data-element_type=\"section\" data-settings=\"{&quot;jet_parallax_layout_list&quot;:[]}\">\n\t\t\t\t\t\t<div class=\"elementor-container elementor-column-gap-default\">\n\t\t\t\t\t<div class=\"elementor-column elementor-col-100 elementor-top-column elementor-element elementor-element-1e6aee9\" data-id=\"1e6aee9\" data-element_type=\"column\">\n\t\t\t<div class=\"elementor-widget-wrap elementor-element-populated\">\n\t\t\t\t\t\t<div class=\"elementor-element elementor-element-a1da5cf elementor-widget elementor-widget-image-gallery\" data-id=\"a1da5cf\" data-element_type=\"widget\" data-widget_type=\"image-gallery.default\">\n\t\t\t\t<div class=\"elementor-widget-container\">\n\t\t\t\t\t<div class=\"elementor-image-gallery\">\n\t\t\t<div id='gallery-1' class='gallery galleryid-1437 gallery-columns-3 gallery-size-monstroid2-thumb-justify'><figure class='gallery-item'>\n\t\t\t<div class='gallery-icon landscape'>\n\t\t\t\t<a data-elementor-open-lightbox=\"yes\" data-elementor-lightbox-slideshow=\"a1da5cf\" data-elementor-lightbox-title=\"Iznik Foundation 01\" data-e-action-hash=\"#elementor-action%3Aaction%3Dlightbox%26settings%3DeyJpZCI6MTQyNCwidXJsIjoiaHR0cHM6XC9cL2NlcmFtaXRhZ2UuZXVcL3dwLWNvbnRlbnRcL3VwbG9hZHNcLzIwMjNcLzA2XC9Jem5pay1Gb3VuZGF0aW9uLTAxLmpwZyIsInNsaWRlc2hvdyI6ImExZGE1Y2YifQ%3D%3D\" href='https:\/\/ceramitage.eu\/wp-content\/uploads\/2023\/06\/Iznik-Foundation-01.jpg'><img fetchpriority=\"high\" decoding=\"async\" width=\"640\" height=\"640\" src=\"https:\/\/ceramitage.eu\/wp-content\/uploads\/2023\/06\/Iznik-Foundation-01-640x640.jpg\" class=\"attachment-monstroid2-thumb-justify size-monstroid2-thumb-justify\" alt=\"\" srcset=\"https:\/\/ceramitage.eu\/wp-content\/uploads\/2023\/06\/Iznik-Foundation-01-640x640.jpg 640w, https:\/\/ceramitage.eu\/wp-content\/uploads\/2023\/06\/Iznik-Foundation-01-150x150.jpg 150w, https:\/\/ceramitage.eu\/wp-content\/uploads\/2023\/06\/Iznik-Foundation-01-230x230.jpg 230w, https:\/\/ceramitage.eu\/wp-content\/uploads\/2023\/06\/Iznik-Foundation-01-400x400.jpg 400w\" sizes=\"(max-width: 640px) 100vw, 640px\" \/><\/a>\n\t\t\t<\/div><\/figure><figure class='gallery-item'>\n\t\t\t<div class='gallery-icon landscape'>\n\t\t\t\t<a data-elementor-open-lightbox=\"yes\" data-elementor-lightbox-slideshow=\"a1da5cf\" data-elementor-lightbox-title=\"Iznik Foundation 02\" data-e-action-hash=\"#elementor-action%3Aaction%3Dlightbox%26settings%3DeyJpZCI6MTQyNywidXJsIjoiaHR0cHM6XC9cL2NlcmFtaXRhZ2UuZXVcL3dwLWNvbnRlbnRcL3VwbG9hZHNcLzIwMjNcLzA2XC9Jem5pay1Gb3VuZGF0aW9uLTAyLmpwZyIsInNsaWRlc2hvdyI6ImExZGE1Y2YifQ%3D%3D\" href='https:\/\/ceramitage.eu\/wp-content\/uploads\/2023\/06\/Iznik-Foundation-02.jpg'><img decoding=\"async\" width=\"640\" height=\"640\" src=\"https:\/\/ceramitage.eu\/wp-content\/uploads\/2023\/06\/Iznik-Foundation-02-640x640.jpg\" class=\"attachment-monstroid2-thumb-justify size-monstroid2-thumb-justify\" alt=\"\" srcset=\"https:\/\/ceramitage.eu\/wp-content\/uploads\/2023\/06\/Iznik-Foundation-02-640x640.jpg 640w, https:\/\/ceramitage.eu\/wp-content\/uploads\/2023\/06\/Iznik-Foundation-02-150x150.jpg 150w, https:\/\/ceramitage.eu\/wp-content\/uploads\/2023\/06\/Iznik-Foundation-02-230x230.jpg 230w, https:\/\/ceramitage.eu\/wp-content\/uploads\/2023\/06\/Iznik-Foundation-02-400x400.jpg 400w\" sizes=\"(max-width: 640px) 100vw, 640px\" \/><\/a>\n\t\t\t<\/div><\/figure><figure class='gallery-item'>\n\t\t\t<div class='gallery-icon landscape'>\n\t\t\t\t<a data-elementor-open-lightbox=\"yes\" data-elementor-lightbox-slideshow=\"a1da5cf\" data-elementor-lightbox-title=\"Iznik Foundation 03\" data-e-action-hash=\"#elementor-action%3Aaction%3Dlightbox%26settings%3DeyJpZCI6MTQzMCwidXJsIjoiaHR0cHM6XC9cL2NlcmFtaXRhZ2UuZXVcL3dwLWNvbnRlbnRcL3VwbG9hZHNcLzIwMjNcLzA2XC9Jem5pay1Gb3VuZGF0aW9uLTAzLmpwZyIsInNsaWRlc2hvdyI6ImExZGE1Y2YifQ%3D%3D\" href='https:\/\/ceramitage.eu\/wp-content\/uploads\/2023\/06\/Iznik-Foundation-03.jpg'><img decoding=\"async\" width=\"640\" height=\"640\" src=\"https:\/\/ceramitage.eu\/wp-content\/uploads\/2023\/06\/Iznik-Foundation-03-640x640.jpg\" class=\"attachment-monstroid2-thumb-justify size-monstroid2-thumb-justify\" alt=\"\" srcset=\"https:\/\/ceramitage.eu\/wp-content\/uploads\/2023\/06\/Iznik-Foundation-03-640x640.jpg 640w, https:\/\/ceramitage.eu\/wp-content\/uploads\/2023\/06\/Iznik-Foundation-03-150x150.jpg 150w, https:\/\/ceramitage.eu\/wp-content\/uploads\/2023\/06\/Iznik-Foundation-03-230x230.jpg 230w, https:\/\/ceramitage.eu\/wp-content\/uploads\/2023\/06\/Iznik-Foundation-03-400x400.jpg 400w\" sizes=\"(max-width: 640px) 100vw, 640px\" \/><\/a>\n\t\t\t<\/div><\/figure>\n\t\t<\/div>\n\t\t<\/div>\n\t\t\t\t<\/div>\n\t\t\t\t<\/div>\n\t\t\t\t\t<\/div>\n\t\t<\/div>\n\t\t\t\t\t<\/div>\n\t\t<\/section>\n\t\t\t\t<\/div>\n\t\t","protected":false},"excerpt":{"rendered":"<p>De keramiske flisene som ble produsert i \u0130znik (historiske Nicaea) p\u00e5 1400- og 1500-tallet, representerer det kulturelle og kunstneriske h\u00f8ydepunktet i det osmanske riket. Disse flisene pryder fortsatt veggene i mange moskeer og palasser. Eksemplarer av disse flisene er en del av de beste samlingene p\u00e5 museer i Tyrkia og rundt om i verden. Stiftelsens [&hellip;]<\/p>\n","protected":false},"author":1,"featured_media":0,"parent":0,"menu_order":0,"comment_status":"closed","ping_status":"closed","template":"","meta":{"footnotes":""},"class_list":["post-1437","page","type-page","status-publish","hentry"],"_links":{"self":[{"href":"https:\/\/ceramitage.eu\/no\/wp-json\/wp\/v2\/pages\/1437","targetHints":{"allow":["GET"]}}],"collection":[{"href":"https:\/\/ceramitage.eu\/no\/wp-json\/wp\/v2\/pages"}],"about":[{"href":"https:\/\/ceramitage.eu\/no\/wp-json\/wp\/v2\/types\/page"}],"author":[{"embeddable":true,"href":"https:\/\/ceramitage.eu\/no\/wp-json\/wp\/v2\/users\/1"}],"replies":[{"embeddable":true,"href":"https:\/\/ceramitage.eu\/no\/wp-json\/wp\/v2\/comments?post=1437"}],"version-history":[{"count":8,"href":"https:\/\/ceramitage.eu\/no\/wp-json\/wp\/v2\/pages\/1437\/revisions"}],"predecessor-version":[{"id":4371,"href":"https:\/\/ceramitage.eu\/no\/wp-json\/wp\/v2\/pages\/1437\/revisions\/4371"}],"wp:attachment":[{"href":"https:\/\/ceramitage.eu\/no\/wp-json\/wp\/v2\/media?parent=1437"}],"curies":[{"name":"wp","href":"https:\/\/api.w.org\/{rel}","templated":true}]}}