{"id":1459,"date":"2023-06-28T12:00:59","date_gmt":"2023-06-28T10:00:59","guid":{"rendered":"https:\/\/ceramitage.eu\/hohr-grenzhausen\/"},"modified":"2023-08-07T09:14:40","modified_gmt":"2023-08-07T07:14:40","slug":"hohr-grenzhausen","status":"publish","type":"page","link":"https:\/\/ceramitage.eu\/no\/hohr-grenzhausen\/","title":{"rendered":"H\u00f6hr-Grenzhausen"},"content":{"rendered":"\t\t<div data-elementor-type=\"wp-page\" data-elementor-id=\"1459\" class=\"elementor elementor-1459\" data-elementor-post-type=\"page\">\n\t\t\t\t\t\t<section class=\"elementor-section elementor-top-section elementor-element elementor-element-40c34db7 elementor-section-boxed elementor-section-height-default elementor-section-height-default\" data-id=\"40c34db7\" data-element_type=\"section\" data-settings=\"{&quot;jet_parallax_layout_list&quot;:[]}\">\n\t\t\t\t\t\t<div class=\"elementor-container elementor-column-gap-default\">\n\t\t\t\t\t<div class=\"elementor-column elementor-col-100 elementor-top-column elementor-element elementor-element-25c89ccd\" data-id=\"25c89ccd\" data-element_type=\"column\">\n\t\t\t<div class=\"elementor-widget-wrap elementor-element-populated\">\n\t\t\t\t\t\t<div class=\"elementor-element elementor-element-7074a2d4 elementor-widget elementor-widget-text-editor\" data-id=\"7074a2d4\" data-element_type=\"widget\" data-widget_type=\"text-editor.default\">\n\t\t\t\t<div class=\"elementor-widget-container\">\n\t\t\t\t\t\t\t<p><span style=\"font-weight: 400;\">Er du interessert i keramikk? Har du alltid \u00f8nsket \u00e5 bli kjent med dette materialet med alle dets fasetter?<\/span><\/p>\n<p><span style=\"font-weight: 400;\">Da b\u00f8r du ta turen til H\u00f6hr-Grenzhausen, kompetansesenteret og det kreative sentrum for tysk keramikk med internasjonal betydning. H\u00f6hr-Grenzhausener en vakker by, som ligger i midt-Tyskland, h\u00f8yt over elven Rhinen, bare et steinkast fra Koblenz (10 km) i nedre Westerwald. I byen f\u00e5r du mulighet for \u00e5 se hele spekteret av gryter, terriner, tallerkener og kopper fra begynnelsen av det velkjente tradisjonelle gr\u00e5\/bl\u00e5 designet via den moderne farge- og formvariasjonen til dagens keramiske kunstobjekter.<\/span><\/p>\n<p><span style=\"font-weight: 400;\">I byen finnes det b\u00e5de den moderne, romslige museumsbygningen, Keramikmuseum Westerwald (www.keramikmuseum.de), &laquo;Trendbarometer&raquo; Kultur-Kasino og mer enn 30 keramikkatelier (www.keramik-stadt.de). Hver dag kan bes\u00f8kende se p\u00e5 keramikkarbeidenes arbeid (s\u00f8ndags- og helligdags\u00e5pent). I begynnelsen av april arrangeres det &laquo;H\u00f6hr-Grenzhausen brenner keramikk&raquo; &#8211; en spesiell \u00e5pen dag i keramikkverkstedene. Hvert \u00e5r i juni forvandles H\u00f6hr-Grenzhausen til et keramikkmarked, der 150 viktige keramikkprodusenter fra hele Europa m\u00f8tes. Hvis du selv \u00f8nsker \u00e5 jobbe med omr\u00e5dets hvite gull, kan du delta p\u00e5 unike keramikkurs under profesjonell veiledning.<\/span><\/p>\t\t\t\t\t\t<\/div>\n\t\t\t\t<\/div>\n\t\t\t\t\t<\/div>\n\t\t<\/div>\n\t\t\t\t\t<\/div>\n\t\t<\/section>\n\t\t\t\t<section class=\"elementor-section elementor-top-section elementor-element elementor-element-dacd381 elementor-section-boxed elementor-section-height-default elementor-section-height-default\" data-id=\"dacd381\" data-element_type=\"section\" data-settings=\"{&quot;jet_parallax_layout_list&quot;:[]}\">\n\t\t\t\t\t\t<div class=\"elementor-container elementor-column-gap-default\">\n\t\t\t\t\t<div class=\"elementor-column elementor-col-100 elementor-top-column elementor-element elementor-element-57cbb17\" data-id=\"57cbb17\" data-element_type=\"column\">\n\t\t\t<div class=\"elementor-widget-wrap elementor-element-populated\">\n\t\t\t\t\t\t<div class=\"elementor-element elementor-element-ffe9d00 elementor-widget elementor-widget-image-gallery\" data-id=\"ffe9d00\" data-element_type=\"widget\" data-widget_type=\"image-gallery.default\">\n\t\t\t\t<div class=\"elementor-widget-container\">\n\t\t\t\t\t<div class=\"elementor-image-gallery\">\n\t\t\t<div id='gallery-1' class='gallery galleryid-1459 gallery-columns-3 gallery-size-monstroid2-thumb-justify'><figure class='gallery-item'>\n\t\t\t<div class='gallery-icon landscape'>\n\t\t\t\t<a data-elementor-open-lightbox=\"yes\" data-elementor-lightbox-slideshow=\"ffe9d00\" data-elementor-lightbox-title=\"Ho\u0308hr-Grenzhausen 01\" data-e-action-hash=\"#elementor-action%3Aaction%3Dlightbox%26settings%3DeyJpZCI6MTQ0NywidXJsIjoiaHR0cHM6XC9cL2NlcmFtaXRhZ2UuZXVcL3dwLWNvbnRlbnRcL3VwbG9hZHNcLzIwMjNcLzA2XC9Ib2hyLUdyZW56aGF1c2VuLTAxLmpwZyIsInNsaWRlc2hvdyI6ImZmZTlkMDAifQ%3D%3D\" href='https:\/\/ceramitage.eu\/wp-content\/uploads\/2023\/06\/Hohr-Grenzhausen-01.jpg'><img fetchpriority=\"high\" decoding=\"async\" width=\"640\" height=\"640\" src=\"https:\/\/ceramitage.eu\/wp-content\/uploads\/2023\/06\/Hohr-Grenzhausen-01-640x640.jpg\" class=\"attachment-monstroid2-thumb-justify size-monstroid2-thumb-justify\" alt=\"\" srcset=\"https:\/\/ceramitage.eu\/wp-content\/uploads\/2023\/06\/Hohr-Grenzhausen-01-640x640.jpg 640w, https:\/\/ceramitage.eu\/wp-content\/uploads\/2023\/06\/Hohr-Grenzhausen-01-150x150.jpg 150w, https:\/\/ceramitage.eu\/wp-content\/uploads\/2023\/06\/Hohr-Grenzhausen-01-230x230.jpg 230w, https:\/\/ceramitage.eu\/wp-content\/uploads\/2023\/06\/Hohr-Grenzhausen-01-400x400.jpg 400w\" sizes=\"(max-width: 640px) 100vw, 640px\" \/><\/a>\n\t\t\t<\/div><\/figure><figure class='gallery-item'>\n\t\t\t<div class='gallery-icon landscape'>\n\t\t\t\t<a data-elementor-open-lightbox=\"yes\" data-elementor-lightbox-slideshow=\"ffe9d00\" data-elementor-lightbox-title=\"Ho\u0308hr-Grenzhausen 02\" data-e-action-hash=\"#elementor-action%3Aaction%3Dlightbox%26settings%3DeyJpZCI6MTQ1MCwidXJsIjoiaHR0cHM6XC9cL2NlcmFtaXRhZ2UuZXVcL3dwLWNvbnRlbnRcL3VwbG9hZHNcLzIwMjNcLzA2XC9Ib2hyLUdyZW56aGF1c2VuLTAyLmpwZyIsInNsaWRlc2hvdyI6ImZmZTlkMDAifQ%3D%3D\" href='https:\/\/ceramitage.eu\/wp-content\/uploads\/2023\/06\/Hohr-Grenzhausen-02.jpg'><img decoding=\"async\" width=\"640\" height=\"547\" src=\"https:\/\/ceramitage.eu\/wp-content\/uploads\/2023\/06\/Hohr-Grenzhausen-02-640x547.jpg\" class=\"attachment-monstroid2-thumb-justify size-monstroid2-thumb-justify\" alt=\"\" \/><\/a>\n\t\t\t<\/div><\/figure><figure class='gallery-item'>\n\t\t\t<div class='gallery-icon landscape'>\n\t\t\t\t<a data-elementor-open-lightbox=\"yes\" data-elementor-lightbox-slideshow=\"ffe9d00\" data-elementor-lightbox-title=\"Ho\u0308hr-Grenzhausen 03\" data-e-action-hash=\"#elementor-action%3Aaction%3Dlightbox%26settings%3DeyJpZCI6MTQ1MywidXJsIjoiaHR0cHM6XC9cL2NlcmFtaXRhZ2UuZXVcL3dwLWNvbnRlbnRcL3VwbG9hZHNcLzIwMjNcLzA2XC9Ib2hyLUdyZW56aGF1c2VuLTAzLmpwZyIsInNsaWRlc2hvdyI6ImZmZTlkMDAifQ%3D%3D\" href='https:\/\/ceramitage.eu\/wp-content\/uploads\/2023\/06\/Hohr-Grenzhausen-03.jpg'><img decoding=\"async\" width=\"640\" height=\"640\" src=\"https:\/\/ceramitage.eu\/wp-content\/uploads\/2023\/06\/Hohr-Grenzhausen-03-640x640.jpg\" class=\"attachment-monstroid2-thumb-justify size-monstroid2-thumb-justify\" alt=\"\" srcset=\"https:\/\/ceramitage.eu\/wp-content\/uploads\/2023\/06\/Hohr-Grenzhausen-03-640x640.jpg 640w, https:\/\/ceramitage.eu\/wp-content\/uploads\/2023\/06\/Hohr-Grenzhausen-03-150x150.jpg 150w, https:\/\/ceramitage.eu\/wp-content\/uploads\/2023\/06\/Hohr-Grenzhausen-03-230x230.jpg 230w, https:\/\/ceramitage.eu\/wp-content\/uploads\/2023\/06\/Hohr-Grenzhausen-03-400x400.jpg 400w\" sizes=\"(max-width: 640px) 100vw, 640px\" \/><\/a>\n\t\t\t<\/div><\/figure>\n\t\t<\/div>\n\t\t<\/div>\n\t\t\t\t<\/div>\n\t\t\t\t<\/div>\n\t\t\t\t\t<\/div>\n\t\t<\/div>\n\t\t\t\t\t<\/div>\n\t\t<\/section>\n\t\t\t\t<\/div>\n\t\t","protected":false},"excerpt":{"rendered":"<p>Er du interessert i keramikk? Har du alltid \u00f8nsket \u00e5 bli kjent med dette materialet med alle dets fasetter? Da b\u00f8r du ta turen til H\u00f6hr-Grenzhausen, kompetansesenteret og det kreative sentrum for tysk keramikk med internasjonal betydning. H\u00f6hr-Grenzhausener en vakker by, som ligger i midt-Tyskland, h\u00f8yt over elven Rhinen, bare et steinkast fra Koblenz (10 [&hellip;]<\/p>\n","protected":false},"author":1,"featured_media":0,"parent":0,"menu_order":0,"comment_status":"closed","ping_status":"closed","template":"","meta":{"footnotes":""},"class_list":["post-1459","page","type-page","status-publish","hentry"],"_links":{"self":[{"href":"https:\/\/ceramitage.eu\/no\/wp-json\/wp\/v2\/pages\/1459","targetHints":{"allow":["GET"]}}],"collection":[{"href":"https:\/\/ceramitage.eu\/no\/wp-json\/wp\/v2\/pages"}],"about":[{"href":"https:\/\/ceramitage.eu\/no\/wp-json\/wp\/v2\/types\/page"}],"author":[{"embeddable":true,"href":"https:\/\/ceramitage.eu\/no\/wp-json\/wp\/v2\/users\/1"}],"replies":[{"embeddable":true,"href":"https:\/\/ceramitage.eu\/no\/wp-json\/wp\/v2\/comments?post=1459"}],"version-history":[{"count":4,"href":"https:\/\/ceramitage.eu\/no\/wp-json\/wp\/v2\/pages\/1459\/revisions"}],"predecessor-version":[{"id":3416,"href":"https:\/\/ceramitage.eu\/no\/wp-json\/wp\/v2\/pages\/1459\/revisions\/3416"}],"wp:attachment":[{"href":"https:\/\/ceramitage.eu\/no\/wp-json\/wp\/v2\/media?parent=1459"}],"curies":[{"name":"wp","href":"https:\/\/api.w.org\/{rel}","templated":true}]}}