{"id":1509,"date":"2023-06-28T12:10:01","date_gmt":"2023-06-28T10:10:01","guid":{"rendered":"https:\/\/ceramitage.eu\/faenza\/"},"modified":"2023-08-07T09:05:56","modified_gmt":"2023-08-07T07:05:56","slug":"faenza","status":"publish","type":"page","link":"https:\/\/ceramitage.eu\/no\/faenza\/","title":{"rendered":"Faenza"},"content":{"rendered":"\t\t<div data-elementor-type=\"wp-page\" data-elementor-id=\"1509\" class=\"elementor elementor-1509\" data-elementor-post-type=\"page\">\n\t\t\t\t\t\t<section class=\"elementor-section elementor-top-section elementor-element elementor-element-1322215f elementor-section-boxed elementor-section-height-default elementor-section-height-default\" data-id=\"1322215f\" data-element_type=\"section\" data-settings=\"{&quot;jet_parallax_layout_list&quot;:[]}\">\n\t\t\t\t\t\t<div class=\"elementor-container elementor-column-gap-default\">\n\t\t\t\t\t<div class=\"elementor-column elementor-col-100 elementor-top-column elementor-element elementor-element-38e2fb4c\" data-id=\"38e2fb4c\" data-element_type=\"column\">\n\t\t\t<div class=\"elementor-widget-wrap elementor-element-populated\">\n\t\t\t\t\t\t<div class=\"elementor-element elementor-element-d98eeb2 elementor-widget elementor-widget-text-editor\" data-id=\"d98eeb2\" data-element_type=\"widget\" data-widget_type=\"text-editor.default\">\n\t\t\t\t<div class=\"elementor-widget-container\">\n\t\t\t\t\t\t\t<p><span style=\"font-weight: 400;\">Faenza er en italiensk by med etruskisk-romersk opprinnelse. Byen er verdenskjent for \u00e5 ha utviklet keramisk kunst p\u00e5 h\u00f8yeste niv\u00e5 siden de f\u00f8rste \u00e5rhundrene etter \u00e5r 1000 e.Kr. Keramikken fra Faenza, som blir kalt \u201cWhites of Faenza\u201d, n\u00e5dde toppen av sin kunstneriske og tekniske ber\u00f8mmelse p\u00e5 1500-tallet. Den utmerket seg ogs\u00e5 innen keramisk kunst og teknikk, noe som videre p\u00e5virket keramikere ikke bare i Italia, men ogs\u00e5 i utlandet.<\/span><\/p>\n<p><span style=\"font-weight: 400;\">Siden den gang har Faenza i hele den vestlige verden blitt keramikkbyen over alle. P\u00e5 fransk betyr <\/span><i><span style=\"font-weight: 400;\">fa\u00efence<\/span><\/i><span style=\"font-weight: 400;\"> en keramisk kunst. Keramikktradisjonen og -kulturen er fortsatt det vitale knutepunktet i det moderne Faenza. I byen finnes det b\u00e5de Det Internasjonale Keramikkmuseum med praktfulle samlinger fra alle \u00e5rhundrer og land, og 60 kunstnerverksteder, kunstneriske og tekniske skoler og internasjonale arrangementer basert p\u00e5 tradisjonell og moderne produksjon av majolika.<\/span><\/p>\n<p><span style=\"font-weight: 400;\">Praktfull nyklassisistisk arkitektur, elegante butikker, fine restauranter b\u00e5de i sentrum og i de gr\u00f8nne, de vakre \u00e5sene som omgir byen, og hele den keramiske konteksten er i Faenza et perfekt eksempel p\u00e5 den gode italienske livsstilen der kunst, kreativitet, innovasjon og forskning m\u00f8ter landskap, historie og leire.<\/span><\/p>\t\t\t\t\t\t<\/div>\n\t\t\t\t<\/div>\n\t\t\t\t\t<\/div>\n\t\t<\/div>\n\t\t\t\t\t<\/div>\n\t\t<\/section>\n\t\t\t\t<section class=\"elementor-section elementor-top-section elementor-element elementor-element-d040935 elementor-section-boxed elementor-section-height-default elementor-section-height-default\" data-id=\"d040935\" data-element_type=\"section\" data-settings=\"{&quot;jet_parallax_layout_list&quot;:[]}\">\n\t\t\t\t\t\t<div class=\"elementor-container elementor-column-gap-default\">\n\t\t\t\t\t<div class=\"elementor-column elementor-col-100 elementor-top-column elementor-element elementor-element-20ad4d5\" data-id=\"20ad4d5\" data-element_type=\"column\">\n\t\t\t<div class=\"elementor-widget-wrap elementor-element-populated\">\n\t\t\t\t\t\t<div class=\"elementor-element elementor-element-3073b7a elementor-widget elementor-widget-image-gallery\" data-id=\"3073b7a\" data-element_type=\"widget\" data-widget_type=\"image-gallery.default\">\n\t\t\t\t<div class=\"elementor-widget-container\">\n\t\t\t\t\t<div class=\"elementor-image-gallery\">\n\t\t\t<div id='gallery-1' class='gallery galleryid-1509 gallery-columns-3 gallery-size-monstroid2-thumb-justify'><figure class='gallery-item'>\n\t\t\t<div class='gallery-icon landscape'>\n\t\t\t\t<a data-elementor-open-lightbox=\"yes\" data-elementor-lightbox-slideshow=\"3073b7a\" data-elementor-lightbox-title=\"Faenza 01\" data-e-action-hash=\"#elementor-action%3Aaction%3Dlightbox%26settings%3DeyJpZCI6MTQ5OCwidXJsIjoiaHR0cHM6XC9cL2NlcmFtaXRhZ2UuZXVcL3dwLWNvbnRlbnRcL3VwbG9hZHNcLzIwMjNcLzA2XC9GYWVuemEtMDEuanBnIiwic2xpZGVzaG93IjoiMzA3M2I3YSJ9\" href='https:\/\/ceramitage.eu\/wp-content\/uploads\/2023\/06\/Faenza-01.jpg'><img fetchpriority=\"high\" decoding=\"async\" width=\"640\" height=\"640\" src=\"https:\/\/ceramitage.eu\/wp-content\/uploads\/2023\/06\/Faenza-01-640x640.jpg\" class=\"attachment-monstroid2-thumb-justify size-monstroid2-thumb-justify\" alt=\"\" srcset=\"https:\/\/ceramitage.eu\/wp-content\/uploads\/2023\/06\/Faenza-01-640x640.jpg 640w, https:\/\/ceramitage.eu\/wp-content\/uploads\/2023\/06\/Faenza-01-150x150.jpg 150w, https:\/\/ceramitage.eu\/wp-content\/uploads\/2023\/06\/Faenza-01-230x230.jpg 230w, https:\/\/ceramitage.eu\/wp-content\/uploads\/2023\/06\/Faenza-01-400x400.jpg 400w\" sizes=\"(max-width: 640px) 100vw, 640px\" \/><\/a>\n\t\t\t<\/div><\/figure><figure class='gallery-item'>\n\t\t\t<div class='gallery-icon landscape'>\n\t\t\t\t<a data-elementor-open-lightbox=\"yes\" data-elementor-lightbox-slideshow=\"3073b7a\" data-elementor-lightbox-title=\"Basic RGB\" data-e-action-hash=\"#elementor-action%3Aaction%3Dlightbox%26settings%3DeyJpZCI6MTUwMSwidXJsIjoiaHR0cHM6XC9cL2NlcmFtaXRhZ2UuZXVcL3dwLWNvbnRlbnRcL3VwbG9hZHNcLzIwMjNcLzA2XC9GYWVuemEtMDIuanBnIiwic2xpZGVzaG93IjoiMzA3M2I3YSJ9\" href='https:\/\/ceramitage.eu\/wp-content\/uploads\/2023\/06\/Faenza-02.jpg'><img decoding=\"async\" width=\"640\" height=\"640\" src=\"https:\/\/ceramitage.eu\/wp-content\/uploads\/2023\/06\/Faenza-02-640x640.jpg\" class=\"attachment-monstroid2-thumb-justify size-monstroid2-thumb-justify\" alt=\"\" srcset=\"https:\/\/ceramitage.eu\/wp-content\/uploads\/2023\/06\/Faenza-02-640x640.jpg 640w, https:\/\/ceramitage.eu\/wp-content\/uploads\/2023\/06\/Faenza-02-300x300.jpg 300w, https:\/\/ceramitage.eu\/wp-content\/uploads\/2023\/06\/Faenza-02-1024x1022.jpg 1024w, https:\/\/ceramitage.eu\/wp-content\/uploads\/2023\/06\/Faenza-02-150x150.jpg 150w, https:\/\/ceramitage.eu\/wp-content\/uploads\/2023\/06\/Faenza-02-768x767.jpg 768w, https:\/\/ceramitage.eu\/wp-content\/uploads\/2023\/06\/Faenza-02-230x230.jpg 230w, https:\/\/ceramitage.eu\/wp-content\/uploads\/2023\/06\/Faenza-02-400x400.jpg 400w, https:\/\/ceramitage.eu\/wp-content\/uploads\/2023\/06\/Faenza-02-600x599.jpg 600w, https:\/\/ceramitage.eu\/wp-content\/uploads\/2023\/06\/Faenza-02.jpg 1200w\" sizes=\"(max-width: 640px) 100vw, 640px\" \/><\/a>\n\t\t\t<\/div><\/figure><figure class='gallery-item'>\n\t\t\t<div class='gallery-icon landscape'>\n\t\t\t\t<a data-elementor-open-lightbox=\"yes\" data-elementor-lightbox-slideshow=\"3073b7a\" data-elementor-lightbox-title=\"Basic RGB\" data-e-action-hash=\"#elementor-action%3Aaction%3Dlightbox%26settings%3DeyJpZCI6MTUwNCwidXJsIjoiaHR0cHM6XC9cL2NlcmFtaXRhZ2UuZXVcL3dwLWNvbnRlbnRcL3VwbG9hZHNcLzIwMjNcLzA2XC9GYWVuemEtMDMuanBnIiwic2xpZGVzaG93IjoiMzA3M2I3YSJ9\" href='https:\/\/ceramitage.eu\/wp-content\/uploads\/2023\/06\/Faenza-03.jpg'><img decoding=\"async\" width=\"640\" height=\"640\" src=\"https:\/\/ceramitage.eu\/wp-content\/uploads\/2023\/06\/Faenza-03-640x640.jpg\" class=\"attachment-monstroid2-thumb-justify size-monstroid2-thumb-justify\" alt=\"\" srcset=\"https:\/\/ceramitage.eu\/wp-content\/uploads\/2023\/06\/Faenza-03-640x640.jpg 640w, https:\/\/ceramitage.eu\/wp-content\/uploads\/2023\/06\/Faenza-03-150x150.jpg 150w, https:\/\/ceramitage.eu\/wp-content\/uploads\/2023\/06\/Faenza-03-230x230.jpg 230w, https:\/\/ceramitage.eu\/wp-content\/uploads\/2023\/06\/Faenza-03-400x400.jpg 400w\" sizes=\"(max-width: 640px) 100vw, 640px\" \/><\/a>\n\t\t\t<\/div><\/figure>\n\t\t<\/div>\n\t\t<\/div>\n\t\t\t\t<\/div>\n\t\t\t\t<\/div>\n\t\t\t\t\t<\/div>\n\t\t<\/div>\n\t\t\t\t\t<\/div>\n\t\t<\/section>\n\t\t\t\t<\/div>\n\t\t","protected":false},"excerpt":{"rendered":"<p>Faenza er en italiensk by med etruskisk-romersk opprinnelse. Byen er verdenskjent for \u00e5 ha utviklet keramisk kunst p\u00e5 h\u00f8yeste niv\u00e5 siden de f\u00f8rste \u00e5rhundrene etter \u00e5r 1000 e.Kr. Keramikken fra Faenza, som blir kalt \u201cWhites of Faenza\u201d, n\u00e5dde toppen av sin kunstneriske og tekniske ber\u00f8mmelse p\u00e5 1500-tallet. Den utmerket seg ogs\u00e5 innen keramisk kunst og [&hellip;]<\/p>\n","protected":false},"author":1,"featured_media":0,"parent":0,"menu_order":0,"comment_status":"closed","ping_status":"closed","template":"","meta":{"footnotes":""},"class_list":["post-1509","page","type-page","status-publish","hentry"],"_links":{"self":[{"href":"https:\/\/ceramitage.eu\/no\/wp-json\/wp\/v2\/pages\/1509","targetHints":{"allow":["GET"]}}],"collection":[{"href":"https:\/\/ceramitage.eu\/no\/wp-json\/wp\/v2\/pages"}],"about":[{"href":"https:\/\/ceramitage.eu\/no\/wp-json\/wp\/v2\/types\/page"}],"author":[{"embeddable":true,"href":"https:\/\/ceramitage.eu\/no\/wp-json\/wp\/v2\/users\/1"}],"replies":[{"embeddable":true,"href":"https:\/\/ceramitage.eu\/no\/wp-json\/wp\/v2\/comments?post=1509"}],"version-history":[{"count":7,"href":"https:\/\/ceramitage.eu\/no\/wp-json\/wp\/v2\/pages\/1509\/revisions"}],"predecessor-version":[{"id":3396,"href":"https:\/\/ceramitage.eu\/no\/wp-json\/wp\/v2\/pages\/1509\/revisions\/3396"}],"wp:attachment":[{"href":"https:\/\/ceramitage.eu\/no\/wp-json\/wp\/v2\/media?parent=1509"}],"curies":[{"name":"wp","href":"https:\/\/api.w.org\/{rel}","templated":true}]}}