{"id":1546,"date":"2023-06-28T21:24:44","date_gmt":"2023-06-28T19:24:44","guid":{"rendered":"https:\/\/ceramitage.eu\/delft-muzeum-prinsenhof\/"},"modified":"2023-08-07T09:04:08","modified_gmt":"2023-08-07T07:04:08","slug":"delft-muzeum-prinsenhof","status":"publish","type":"page","link":"https:\/\/ceramitage.eu\/no\/delft-muzeum-prinsenhof\/","title":{"rendered":"Delft, Prinsenhof Museum"},"content":{"rendered":"\t\t<div data-elementor-type=\"wp-page\" data-elementor-id=\"1546\" class=\"elementor elementor-1546\" data-elementor-post-type=\"page\">\n\t\t\t\t\t\t<section class=\"elementor-section elementor-top-section elementor-element elementor-element-2b7bb5ad elementor-section-boxed elementor-section-height-default elementor-section-height-default\" data-id=\"2b7bb5ad\" data-element_type=\"section\" data-settings=\"{&quot;jet_parallax_layout_list&quot;:[]}\">\n\t\t\t\t\t\t<div class=\"elementor-container elementor-column-gap-default\">\n\t\t\t\t\t<div class=\"elementor-column elementor-col-100 elementor-top-column elementor-element elementor-element-2c094fee\" data-id=\"2c094fee\" data-element_type=\"column\">\n\t\t\t<div class=\"elementor-widget-wrap elementor-element-populated\">\n\t\t\t\t\t\t<div class=\"elementor-element elementor-element-629d3e29 elementor-widget elementor-widget-text-editor\" data-id=\"629d3e29\" data-element_type=\"widget\" data-widget_type=\"text-editor.default\">\n\t\t\t\t<div class=\"elementor-widget-container\">\n\t\t\t\t\t\t\t<p><span style=\"font-weight: 400;\">Delft, ogs\u00e5 kjent som &laquo;Lille Amsterdam&raquo;, er en historisk by med pittoreske smale gater, n\u00e6r b\u00e5de strender og de st\u00f8rre byene: Amsterdam, Haag og Rotterdam. Byen er verdenskjent for sin produksjon av fajanse av h\u00f8y kvalitet og 1600-tallskunstneren Johannes Vermeer.\u00a0<\/span><\/p>\n<p><span style=\"font-weight: 400;\">Delft og keramikk\u00a0<\/span><\/p>\n<p><span style=\"font-weight: 400;\">Forholdet mellom Delft og Kina er flere hundre \u00e5r gammelt. Det g\u00e5r helt tilbake til begynnelsen av 1600-tallet, da Delft var involvert i handel med porselen, noe som inspirerte Delft-keramikerne til \u00e5 lage den verdensber\u00f8mte fajanse. Den dag i dag produseres denne type keramikk fortsatt i det eneste gjenv\u00e6rende keramikkfabrikken fra 1600-tallet: de Porceleyne Fles (n\u00e5 kjent som Royal Delft). Her kan du se og oppleve mesterkunstnere i arbeid med \u00e5 male keramikk p\u00e5 tradisjonelt vis.<\/span><\/p>\n<p><span style=\"font-weight: 400;\">Prinsenhof Museum, Delft<\/span><\/p>\n<p><span style=\"font-weight: 400;\">Du kan l\u00e6re det aller meste om nederlandsk historie p\u00e5 Prinsenhof Museum i Delft &#8211; en unik historisk bygning og det tidligere hoffet til Vilhelm av Oranien. Museet har en omfattende samling av malerier, keramikk og historiske gjenstander. En stor del av disse er fra slutten av 1500- og 1600-tallet, en periode som ogs\u00e5 er kjent som gullalderen.<\/span><\/p>\t\t\t\t\t\t<\/div>\n\t\t\t\t<\/div>\n\t\t\t\t\t<\/div>\n\t\t<\/div>\n\t\t\t\t\t<\/div>\n\t\t<\/section>\n\t\t\t\t<section class=\"elementor-section elementor-top-section elementor-element elementor-element-687e2c6 elementor-section-boxed elementor-section-height-default elementor-section-height-default\" data-id=\"687e2c6\" data-element_type=\"section\" data-settings=\"{&quot;jet_parallax_layout_list&quot;:[]}\">\n\t\t\t\t\t\t<div class=\"elementor-container elementor-column-gap-default\">\n\t\t\t\t\t<div class=\"elementor-column elementor-col-100 elementor-top-column elementor-element elementor-element-1f7b3cb\" data-id=\"1f7b3cb\" data-element_type=\"column\">\n\t\t\t<div class=\"elementor-widget-wrap elementor-element-populated\">\n\t\t\t\t\t\t<div class=\"elementor-element elementor-element-b66ebbc elementor-widget elementor-widget-image-gallery\" data-id=\"b66ebbc\" data-element_type=\"widget\" data-widget_type=\"image-gallery.default\">\n\t\t\t\t<div class=\"elementor-widget-container\">\n\t\t\t\t\t<div class=\"elementor-image-gallery\">\n\t\t\t<div id='gallery-1' class='gallery galleryid-1546 gallery-columns-3 gallery-size-monstroid2-thumb-justify'><figure class='gallery-item'>\n\t\t\t<div class='gallery-icon landscape'>\n\t\t\t\t<a data-elementor-open-lightbox=\"yes\" data-elementor-lightbox-slideshow=\"b66ebbc\" data-elementor-lightbox-title=\"Delft 01\" data-e-action-hash=\"#elementor-action%3Aaction%3Dlightbox%26settings%3DeyJpZCI6MTUzNSwidXJsIjoiaHR0cHM6XC9cL2NlcmFtaXRhZ2UuZXVcL3dwLWNvbnRlbnRcL3VwbG9hZHNcLzIwMjNcLzA2XC9EZWxmdC0wMS5qcGciLCJzbGlkZXNob3ciOiJiNjZlYmJjIn0%3D\" href='https:\/\/ceramitage.eu\/wp-content\/uploads\/2023\/06\/Delft-01.jpg'><img fetchpriority=\"high\" decoding=\"async\" width=\"640\" height=\"640\" src=\"https:\/\/ceramitage.eu\/wp-content\/uploads\/2023\/06\/Delft-01-640x640.jpg\" class=\"attachment-monstroid2-thumb-justify size-monstroid2-thumb-justify\" alt=\"\" srcset=\"https:\/\/ceramitage.eu\/wp-content\/uploads\/2023\/06\/Delft-01-640x640.jpg 640w, https:\/\/ceramitage.eu\/wp-content\/uploads\/2023\/06\/Delft-01-150x150.jpg 150w, https:\/\/ceramitage.eu\/wp-content\/uploads\/2023\/06\/Delft-01-230x230.jpg 230w, https:\/\/ceramitage.eu\/wp-content\/uploads\/2023\/06\/Delft-01-400x400.jpg 400w\" sizes=\"(max-width: 640px) 100vw, 640px\" \/><\/a>\n\t\t\t<\/div><\/figure><figure class='gallery-item'>\n\t\t\t<div class='gallery-icon landscape'>\n\t\t\t\t<a data-elementor-open-lightbox=\"yes\" data-elementor-lightbox-slideshow=\"b66ebbc\" data-elementor-lightbox-title=\"Delft 02\" data-e-action-hash=\"#elementor-action%3Aaction%3Dlightbox%26settings%3DeyJpZCI6MTUzOCwidXJsIjoiaHR0cHM6XC9cL2NlcmFtaXRhZ2UuZXVcL3dwLWNvbnRlbnRcL3VwbG9hZHNcLzIwMjNcLzA2XC9EZWxmdC0wMi5qcGciLCJzbGlkZXNob3ciOiJiNjZlYmJjIn0%3D\" href='https:\/\/ceramitage.eu\/wp-content\/uploads\/2023\/06\/Delft-02.jpg'><img decoding=\"async\" width=\"640\" height=\"640\" src=\"https:\/\/ceramitage.eu\/wp-content\/uploads\/2023\/06\/Delft-02-640x640.jpg\" class=\"attachment-monstroid2-thumb-justify size-monstroid2-thumb-justify\" alt=\"\" srcset=\"https:\/\/ceramitage.eu\/wp-content\/uploads\/2023\/06\/Delft-02-640x640.jpg 640w, https:\/\/ceramitage.eu\/wp-content\/uploads\/2023\/06\/Delft-02-150x150.jpg 150w, https:\/\/ceramitage.eu\/wp-content\/uploads\/2023\/06\/Delft-02-230x230.jpg 230w, https:\/\/ceramitage.eu\/wp-content\/uploads\/2023\/06\/Delft-02-400x400.jpg 400w\" sizes=\"(max-width: 640px) 100vw, 640px\" \/><\/a>\n\t\t\t<\/div><\/figure><figure class='gallery-item'>\n\t\t\t<div class='gallery-icon landscape'>\n\t\t\t\t<a data-elementor-open-lightbox=\"yes\" data-elementor-lightbox-slideshow=\"b66ebbc\" data-elementor-lightbox-title=\"Delft 03\" data-e-action-hash=\"#elementor-action%3Aaction%3Dlightbox%26settings%3DeyJpZCI6MTU0MSwidXJsIjoiaHR0cHM6XC9cL2NlcmFtaXRhZ2UuZXVcL3dwLWNvbnRlbnRcL3VwbG9hZHNcLzIwMjNcLzA2XC9EZWxmdC0wMy5qcGciLCJzbGlkZXNob3ciOiJiNjZlYmJjIn0%3D\" href='https:\/\/ceramitage.eu\/wp-content\/uploads\/2023\/06\/Delft-03.jpg'><img decoding=\"async\" width=\"600\" height=\"450\" src=\"https:\/\/ceramitage.eu\/wp-content\/uploads\/2023\/06\/Delft-03.jpg\" class=\"attachment-monstroid2-thumb-justify size-monstroid2-thumb-justify\" alt=\"\" srcset=\"https:\/\/ceramitage.eu\/wp-content\/uploads\/2023\/06\/Delft-03.jpg 600w, https:\/\/ceramitage.eu\/wp-content\/uploads\/2023\/06\/Delft-03-300x225.jpg 300w\" sizes=\"(max-width: 600px) 100vw, 600px\" \/><\/a>\n\t\t\t<\/div><\/figure>\n\t\t<\/div>\n\t\t<\/div>\n\t\t\t\t<\/div>\n\t\t\t\t<\/div>\n\t\t\t\t\t<\/div>\n\t\t<\/div>\n\t\t\t\t\t<\/div>\n\t\t<\/section>\n\t\t\t\t<\/div>\n\t\t","protected":false},"excerpt":{"rendered":"<p>Delft, ogs\u00e5 kjent som &laquo;Lille Amsterdam&raquo;, er en historisk by med pittoreske smale gater, n\u00e6r b\u00e5de strender og de st\u00f8rre byene: Amsterdam, Haag og Rotterdam. Byen er verdenskjent for sin produksjon av fajanse av h\u00f8y kvalitet og 1600-tallskunstneren Johannes Vermeer.\u00a0 Delft og keramikk\u00a0 Forholdet mellom Delft og Kina er flere hundre \u00e5r gammelt. Det g\u00e5r [&hellip;]<\/p>\n","protected":false},"author":1,"featured_media":0,"parent":0,"menu_order":0,"comment_status":"closed","ping_status":"closed","template":"","meta":{"footnotes":""},"class_list":["post-1546","page","type-page","status-publish","hentry"],"_links":{"self":[{"href":"https:\/\/ceramitage.eu\/no\/wp-json\/wp\/v2\/pages\/1546","targetHints":{"allow":["GET"]}}],"collection":[{"href":"https:\/\/ceramitage.eu\/no\/wp-json\/wp\/v2\/pages"}],"about":[{"href":"https:\/\/ceramitage.eu\/no\/wp-json\/wp\/v2\/types\/page"}],"author":[{"embeddable":true,"href":"https:\/\/ceramitage.eu\/no\/wp-json\/wp\/v2\/users\/1"}],"replies":[{"embeddable":true,"href":"https:\/\/ceramitage.eu\/no\/wp-json\/wp\/v2\/comments?post=1546"}],"version-history":[{"count":5,"href":"https:\/\/ceramitage.eu\/no\/wp-json\/wp\/v2\/pages\/1546\/revisions"}],"predecessor-version":[{"id":3393,"href":"https:\/\/ceramitage.eu\/no\/wp-json\/wp\/v2\/pages\/1546\/revisions\/3393"}],"wp:attachment":[{"href":"https:\/\/ceramitage.eu\/no\/wp-json\/wp\/v2\/media?parent=1546"}],"curies":[{"name":"wp","href":"https:\/\/api.w.org\/{rel}","templated":true}]}}