{"id":2936,"date":"2023-07-13T12:19:24","date_gmt":"2023-07-13T10:19:24","guid":{"rendered":"https:\/\/ceramitage.eu\/?page_id=2936"},"modified":"2023-09-21T11:40:00","modified_gmt":"2023-09-21T09:40:00","slug":"keramikkmuseet-i-boleslawiec","status":"publish","type":"page","link":"https:\/\/ceramitage.eu\/no\/keramikkmuseet-i-boleslawiec\/","title":{"rendered":"KERAMIKKMUSEET I BOLES\u0141AWIEC"},"content":{"rendered":"\t\t<div data-elementor-type=\"wp-page\" data-elementor-id=\"2936\" class=\"elementor elementor-2936\" data-elementor-post-type=\"page\">\n\t\t\t\t\t\t<section class=\"elementor-section elementor-top-section elementor-element elementor-element-89b21d1 elementor-section-boxed elementor-section-height-default elementor-section-height-default\" data-id=\"89b21d1\" data-element_type=\"section\" data-settings=\"{&quot;jet_parallax_layout_list&quot;:[]}\">\n\t\t\t\t\t\t<div class=\"elementor-container elementor-column-gap-default\">\n\t\t\t\t\t<div class=\"elementor-column elementor-col-100 elementor-top-column elementor-element elementor-element-472afa8\" data-id=\"472afa8\" data-element_type=\"column\">\n\t\t\t<div class=\"elementor-widget-wrap elementor-element-populated\">\n\t\t\t\t\t\t<div class=\"elementor-element elementor-element-d29121a elementor-widget elementor-widget-image\" data-id=\"d29121a\" data-element_type=\"widget\" data-widget_type=\"image.default\">\n\t\t\t\t<div class=\"elementor-widget-container\">\n\t\t\t\t\t\t\t\t\t\t\t\t\t<img decoding=\"async\" width=\"300\" height=\"143\" src=\"https:\/\/ceramitage.eu\/wp-content\/uploads\/2023\/09\/nowe-logo-MC-300x143.jpg\" class=\"attachment-medium size-medium wp-image-3719\" alt=\"\" srcset=\"https:\/\/ceramitage.eu\/wp-content\/uploads\/2023\/09\/nowe-logo-MC-300x143.jpg 300w, https:\/\/ceramitage.eu\/wp-content\/uploads\/2023\/09\/nowe-logo-MC-1024x487.jpg 1024w, https:\/\/ceramitage.eu\/wp-content\/uploads\/2023\/09\/nowe-logo-MC-768x365.jpg 768w, https:\/\/ceramitage.eu\/wp-content\/uploads\/2023\/09\/nowe-logo-MC-1536x731.jpg 1536w, https:\/\/ceramitage.eu\/wp-content\/uploads\/2023\/09\/nowe-logo-MC-2048x974.jpg 2048w, https:\/\/ceramitage.eu\/wp-content\/uploads\/2023\/09\/nowe-logo-MC-600x285.jpg 600w\" sizes=\"(max-width: 300px) 100vw, 300px\" \/>\t\t\t\t\t\t\t\t\t\t\t\t\t<\/div>\n\t\t\t\t<\/div>\n\t\t\t\t\t<\/div>\n\t\t<\/div>\n\t\t\t\t\t<\/div>\n\t\t<\/section>\n\t\t\t\t<section class=\"elementor-section elementor-top-section elementor-element elementor-element-688bb6a3 elementor-section-boxed elementor-section-height-default elementor-section-height-default\" data-id=\"688bb6a3\" data-element_type=\"section\" data-settings=\"{&quot;jet_parallax_layout_list&quot;:[]}\">\n\t\t\t\t\t\t<div class=\"elementor-container elementor-column-gap-default\">\n\t\t\t\t\t<div class=\"elementor-column elementor-col-100 elementor-top-column elementor-element elementor-element-4ef1b7b0\" data-id=\"4ef1b7b0\" data-element_type=\"column\">\n\t\t\t<div class=\"elementor-widget-wrap elementor-element-populated\">\n\t\t\t\t\t\t<div class=\"elementor-element elementor-element-63b60f3e elementor-widget elementor-widget-text-editor\" data-id=\"63b60f3e\" data-element_type=\"widget\" data-widget_type=\"text-editor.default\">\n\t\t\t\t<div class=\"elementor-widget-container\">\n\t\t\t\t\t\t\t<!-- wp:paragraph -->\n<p>Fram til slutten av 2022 hadde Keramikkmuseet i Boles\u0142awiec to avdelinger &#8211; keramikkavdelingen i A. Mickiewicza-gaten 13 og byhistorisk avdeling i M. Kutuzowa-gaten 14. Bygningen i Mickiewicza-gaten var opprinnelig sete for Boleslawiec bymuseum, grunnlagt i 1908 og \u00e5pnet for publikum i 1911. F\u00f8rste verdenskrig f\u00f8rte til et avbrudd i museets virksomhet. Etter gjen\u00e5pningen i 1920 ble museets arbeid ledet av Artur Schiller, en av grunnleggerne av \u00d8vre Schlesiens Museum i Gliwice. Etter andre verdenskrig, if\u00f8lge en rapport fra 1946, var det praktisk talt ingen drift ved Boleslawiec bymuseum. Institusjonen ble imidlertid ikke avviklet, og den gjenopptok sin virksomhet s\u00e5 tidlig som i 1950, da museer over hele landet ble nasjonalisert og underlagt det sentrale Styret for Museer og Kulturminnevern ved Kultur- og Kunstdepartementet. Direkte vitenskapelig og administrativt tilsyn av de nedre schlesiske museene ble imidlertid overlatt til Det Schlesiske Museet i Wroc\u0142aw. Bygningen til Boles\u0142awiec-museet ble renovert i \u00e5rene 1952-1953. \u00c5pningen etter omorganiseringen fant sted den 27. desember 1953. Til den nye utstillingen ble det anskaffet gjenstander fra samlingene til Det Schlesiske Museet og Arbeidskooperativet for Folke- og Kunstindustri. I samarbeid med Wroc\u0142aw-museet ble det utarbeidet tre permanente utstillinger: en arkeologisk utstilling som illustrerer Schlesiens eldste historie, en utstilling om folkekunst fra Boles\u0142awiec-omr\u00e5det og en keramikkutstilling, med fokus p\u00e5 produksjonsteknikker. I oktober 1961 ble det besluttet \u00e5 stenge institusjonen p\u00e5 grunn av fukt i veggene. Renoveringsarbeidet begynte ikke f\u00f8r i midten av 1966, og da det var ferdig, ble Boles\u0142awiec Regionale museum offisielt \u00e5pnet den 17. juni 1967. Nok en gang bidro det Schlesiske museum i Wroc\u0142aw og dets dav\u00e6rende direkt\u00f8r ph.d.. Maria Starzewska til \u00e5 arrangere utstillingen. Innredningen av museet ble designet og utf\u00f8rt under ledelse av den Wroc\u0142aw-baserte kunstneren og keramikeren W\u0142adys\u0142aw Garnik. I 1968, etter inspirasjon fra ph.d.. M. Starzewska, ble navnet endret til Keramikkmuseet i Boles\u0142awiec, med en presisering av den n\u00f8yaktige profilen til samlingene. I henhold til vedtektene fra 9. desember 1968 var institusjonens oppgave \u00e5 samle inn historisk materiale om og fra byen Boles\u0142awiec og omkring. Videre skulle de dokumentere utviklingen av Boles\u0142awiec-keramikk, og samle inn moderne keramisk skulptur laget av kunstnere som deltok i Boles\u0142awiecs frilufts-verksteder.<\/p>\n<!-- \/wp:paragraph -->\n\n<!-- wp:paragraph -->\n<p>Ytterligere generelle renoveringsarbeider av bygningen ble utf\u00f8rt f\u00f8rst i 2009 og 2013-2014, og den nye utstillingen ble arrangert og \u00e5pnet for publikum i 2010.<\/p>\n<!-- \/wp:paragraph -->\n\n<!-- wp:paragraph -->\n<p>Den andre bygningen til Boles\u0142awiec-museet, i Kutuzowa-gaten 14, som huset byhistorisk avdeling, ble overtatt i 1991. Tidligere huset den Kutuzowo-museet som ble administrert av russiske myndigheter. Som en ny avdeling under Boles\u0142awiec-museets administrasjon, ble den \u00e5pnet 17. juni 1995, etter flere \u00e5rs renoveringsarbeid. Til \u00e5 begynne med, ble det vist midlertidige utstillinger med utvalgte temaer fra byens historie. Mellom 2008 og 2011 ble bygningen ytterligere modernisert, og i august 2009 ble det \u00e5pnet en permanent utstilling om Boles\u0142awiecs historie.<\/p>\n<!-- \/wp:paragraph -->\n\n<!-- wp:paragraph -->\n<p>Keramikkmuseet i Boleslawiec er en selvstyrt kulturinstitusjon som ble oppf\u00f8rt i registeret over kulturinstitusjoner den 25. mars 1992 (registerbok nr. 4018\/3\/92). I henhold til bestemmelsene i vedtektene &laquo;ut\u00f8ves det generelle tilsynet med museet av ministeren med ansvar for kultur og vern av nasjonal kulturarv, og det direkte tilsynet av ordf\u00f8reren i byen Boleslawiec&raquo;.<\/p>\n<!-- \/wp:paragraph -->\n\n<!-- wp:paragraph -->\n<p>Oppgavene til et museum, som definert i artikkel 1(1) i Polsk museumslov, inkluderer innsamling og permanent forvaltning av natur- og kulturarv av materiell og immateriell art, formidling av informasjon om betydningen og innholdet i samlingene, formidling av de grunnleggende verdiene i polsk og verdens historie, vitenskap og kultur, samt utforming av kognitiv og estetisk f\u00f8lsomhet og tilgjengeliggj\u00f8ring av samlingene.<\/p>\n<!-- \/wp:paragraph -->\n\n<!-- wp:paragraph -->\n<p>Museet utf\u00f8rer de ovennevnte oppgavene ved \u00e5:&nbsp;<\/p>\n<!-- \/wp:paragraph -->\n\n<!-- wp:paragraph -->\n<p>&#8211; samle inn kulturgjenstander innenfor det vedtatte virkeomr\u00e5det,<\/p>\n<!-- \/wp:paragraph -->\n\n<!-- wp:paragraph -->\n<p>&#8211; katalogisere og faglig behandle de innsamlede museumsgjenstandene,<\/p>\n<!-- \/wp:paragraph -->\n\n<!-- wp:paragraph -->\n<p>&#8211; oppbevare de innsamlede kulturgjenstandene under forhold som sikrer at samlingene bevares p\u00e5 en forsvarlig m\u00e5te og p\u00e5 en m\u00e5te som gj\u00f8r det mulig \u00e5 bruke dem til vitenskapelige form\u00e5l,<\/p>\n<!-- \/wp:paragraph -->\n\n<!-- wp:paragraph -->\n<p>&#8211; bevare og konservere museumssamlingene, samt, s\u00e5 langt det er mulig, s\u00f8rge for bevaring av arkeologiske steder og andre uflyttbare gjenstander av materiell kultur og natur,<\/p>\n<!-- \/wp:paragraph -->\n\n<!-- wp:paragraph -->\n<p>&#8211; arrangere utstillinger,<\/p>\n<!-- \/wp:paragraph -->\n\n<!-- wp:paragraph -->\n<p>&#8211; organisere og gjennomf\u00f8re forskning, forskningsreiser og utgravningsarbeid,<\/p>\n<!-- \/wp:paragraph -->\n\n<!-- wp:paragraph -->\n<p>&#8211; gjennomf\u00f8re pedagogiske aktiviteter,<\/p>\n<!-- \/wp:paragraph -->\n\n<!-- wp:paragraph -->\n<p>&#8211; gj\u00f8re samlinger tilgjengelige for vitenskapelige og pedagogiske form\u00e5l,<\/p>\n<!-- \/wp:paragraph -->\n\n<!-- wp:paragraph -->\n<p>&#8211; s\u00f8rge for gode forhold for bes\u00f8k og bruk av samlingene,<\/p>\n<!-- \/wp:paragraph -->\n\n<!-- wp:paragraph -->\n<p>&#8211; drive med faglitteraturvirksomhet.<\/p>\n<!-- \/wp:paragraph -->\t\t\t\t\t\t<\/div>\n\t\t\t\t<\/div>\n\t\t\t\t\t<\/div>\n\t\t<\/div>\n\t\t\t\t\t<\/div>\n\t\t<\/section>\n\t\t\t\t<section class=\"elementor-section elementor-top-section elementor-element elementor-element-8d7e585 elementor-section-boxed elementor-section-height-default elementor-section-height-default\" data-id=\"8d7e585\" data-element_type=\"section\" data-settings=\"{&quot;jet_parallax_layout_list&quot;:[]}\">\n\t\t\t\t\t\t<div class=\"elementor-container elementor-column-gap-default\">\n\t\t\t\t\t<div class=\"elementor-column elementor-col-100 elementor-top-column elementor-element elementor-element-61d9495\" data-id=\"61d9495\" data-element_type=\"column\">\n\t\t\t<div class=\"elementor-widget-wrap elementor-element-populated\">\n\t\t\t\t\t\t<div class=\"elementor-element elementor-element-494fc0a elementor-widget elementor-widget-image-gallery\" data-id=\"494fc0a\" data-element_type=\"widget\" data-widget_type=\"image-gallery.default\">\n\t\t\t\t<div class=\"elementor-widget-container\">\n\t\t\t\t\t<div class=\"elementor-image-gallery\">\n\t\t\t<div id='gallery-1' class='gallery galleryid-2936 gallery-columns-4 gallery-size-post-thumbnail'><figure class='gallery-item'>\n\t\t\t<div class='gallery-icon landscape'>\n\t\t\t\t<a data-elementor-open-lightbox=\"yes\" data-elementor-lightbox-slideshow=\"494fc0a\" data-elementor-lightbox-title=\"IMG_5292\" data-e-action-hash=\"#elementor-action%3Aaction%3Dlightbox%26settings%3DeyJpZCI6Mzc4NiwidXJsIjoiaHR0cHM6XC9cL2NlcmFtaXRhZ2UuZXVcL3dwLWNvbnRlbnRcL3VwbG9hZHNcLzIwMjNcLzA5XC9JTUdfNTI5Mi5qcGciLCJzbGlkZXNob3ciOiI0OTRmYzBhIn0%3D\" href='https:\/\/ceramitage.eu\/wp-content\/uploads\/2023\/09\/IMG_5292.jpg'><img fetchpriority=\"high\" decoding=\"async\" width=\"370\" height=\"265\" src=\"https:\/\/ceramitage.eu\/wp-content\/uploads\/2023\/09\/IMG_5292-370x265.jpg\" class=\"attachment-post-thumbnail size-post-thumbnail\" alt=\"\" \/><\/a>\n\t\t\t<\/div><\/figure><figure class='gallery-item'>\n\t\t\t<div class='gallery-icon landscape'>\n\t\t\t\t<a data-elementor-open-lightbox=\"yes\" data-elementor-lightbox-slideshow=\"494fc0a\" data-elementor-lightbox-title=\"IMG_5251\" data-e-action-hash=\"#elementor-action%3Aaction%3Dlightbox%26settings%3DeyJpZCI6Mzc4MywidXJsIjoiaHR0cHM6XC9cL2NlcmFtaXRhZ2UuZXVcL3dwLWNvbnRlbnRcL3VwbG9hZHNcLzIwMjNcLzA5XC9JTUdfNTI1MS5qcGciLCJzbGlkZXNob3ciOiI0OTRmYzBhIn0%3D\" href='https:\/\/ceramitage.eu\/wp-content\/uploads\/2023\/09\/IMG_5251.jpg'><img decoding=\"async\" width=\"370\" height=\"265\" src=\"https:\/\/ceramitage.eu\/wp-content\/uploads\/2023\/09\/IMG_5251-370x265.jpg\" class=\"attachment-post-thumbnail size-post-thumbnail\" alt=\"\" \/><\/a>\n\t\t\t<\/div><\/figure><figure class='gallery-item'>\n\t\t\t<div class='gallery-icon landscape'>\n\t\t\t\t<a data-elementor-open-lightbox=\"yes\" data-elementor-lightbox-slideshow=\"494fc0a\" data-elementor-lightbox-title=\"IMG_3566\" data-e-action-hash=\"#elementor-action%3Aaction%3Dlightbox%26settings%3DeyJpZCI6Mzc4MCwidXJsIjoiaHR0cHM6XC9cL2NlcmFtaXRhZ2UuZXVcL3dwLWNvbnRlbnRcL3VwbG9hZHNcLzIwMjNcLzA5XC9JTUdfMzU2Ni5qcGciLCJzbGlkZXNob3ciOiI0OTRmYzBhIn0%3D\" href='https:\/\/ceramitage.eu\/wp-content\/uploads\/2023\/09\/IMG_3566.jpg'><img loading=\"lazy\" decoding=\"async\" width=\"370\" height=\"265\" src=\"https:\/\/ceramitage.eu\/wp-content\/uploads\/2023\/09\/IMG_3566-370x265.jpg\" class=\"attachment-post-thumbnail size-post-thumbnail\" alt=\"\" \/><\/a>\n\t\t\t<\/div><\/figure><figure class='gallery-item'>\n\t\t\t<div class='gallery-icon landscape'>\n\t\t\t\t<a data-elementor-open-lightbox=\"yes\" data-elementor-lightbox-slideshow=\"494fc0a\" data-elementor-lightbox-title=\"Grzegorz_Matoryn-3476\" data-e-action-hash=\"#elementor-action%3Aaction%3Dlightbox%26settings%3DeyJpZCI6Mzc3NywidXJsIjoiaHR0cHM6XC9cL2NlcmFtaXRhZ2UuZXVcL3dwLWNvbnRlbnRcL3VwbG9hZHNcLzIwMjNcLzA5XC9HcnplZ29yel9NYXRvcnluLTM0NzYuanBnIiwic2xpZGVzaG93IjoiNDk0ZmMwYSJ9\" href='https:\/\/ceramitage.eu\/wp-content\/uploads\/2023\/09\/Grzegorz_Matoryn-3476.jpg'><img loading=\"lazy\" decoding=\"async\" width=\"370\" height=\"265\" src=\"https:\/\/ceramitage.eu\/wp-content\/uploads\/2023\/09\/Grzegorz_Matoryn-3476-370x265.jpg\" class=\"attachment-post-thumbnail size-post-thumbnail\" alt=\"\" \/><\/a>\n\t\t\t<\/div><\/figure><figure class='gallery-item'>\n\t\t\t<div class='gallery-icon landscape'>\n\t\t\t\t<a data-elementor-open-lightbox=\"yes\" data-elementor-lightbox-slideshow=\"494fc0a\" data-elementor-lightbox-title=\"Grzegorz_Matoryn-3233\" data-e-action-hash=\"#elementor-action%3Aaction%3Dlightbox%26settings%3DeyJpZCI6Mzc3NCwidXJsIjoiaHR0cHM6XC9cL2NlcmFtaXRhZ2UuZXVcL3dwLWNvbnRlbnRcL3VwbG9hZHNcLzIwMjNcLzA5XC9HcnplZ29yel9NYXRvcnluLTMyMzMuanBnIiwic2xpZGVzaG93IjoiNDk0ZmMwYSJ9\" href='https:\/\/ceramitage.eu\/wp-content\/uploads\/2023\/09\/Grzegorz_Matoryn-3233.jpg'><img loading=\"lazy\" decoding=\"async\" width=\"370\" height=\"265\" src=\"https:\/\/ceramitage.eu\/wp-content\/uploads\/2023\/09\/Grzegorz_Matoryn-3233-370x265.jpg\" class=\"attachment-post-thumbnail size-post-thumbnail\" alt=\"\" \/><\/a>\n\t\t\t<\/div><\/figure><figure class='gallery-item'>\n\t\t\t<div class='gallery-icon portrait'>\n\t\t\t\t<a data-elementor-open-lightbox=\"yes\" data-elementor-lightbox-slideshow=\"494fc0a\" data-elementor-lightbox-title=\"fot. Grzegorz Matoryn-9886\" data-e-action-hash=\"#elementor-action%3Aaction%3Dlightbox%26settings%3DeyJpZCI6Mzc3MSwidXJsIjoiaHR0cHM6XC9cL2NlcmFtaXRhZ2UuZXVcL3dwLWNvbnRlbnRcL3VwbG9hZHNcLzIwMjNcLzA5XC9mb3QuLUdyemVnb3J6LU1hdG9yeW4tOTg4Ni5qcGciLCJzbGlkZXNob3ciOiI0OTRmYzBhIn0%3D\" href='https:\/\/ceramitage.eu\/wp-content\/uploads\/2023\/09\/fot.-Grzegorz-Matoryn-9886.jpg'><img loading=\"lazy\" decoding=\"async\" width=\"370\" height=\"265\" src=\"https:\/\/ceramitage.eu\/wp-content\/uploads\/2023\/09\/fot.-Grzegorz-Matoryn-9886-370x265.jpg\" class=\"attachment-post-thumbnail size-post-thumbnail\" alt=\"\" \/><\/a>\n\t\t\t<\/div><\/figure><figure class='gallery-item'>\n\t\t\t<div class='gallery-icon landscape'>\n\t\t\t\t<a data-elementor-open-lightbox=\"yes\" data-elementor-lightbox-slideshow=\"494fc0a\" data-elementor-lightbox-title=\"fot. Grzegorz Matoryn-2296\" data-e-action-hash=\"#elementor-action%3Aaction%3Dlightbox%26settings%3DeyJpZCI6Mzc2OCwidXJsIjoiaHR0cHM6XC9cL2NlcmFtaXRhZ2UuZXVcL3dwLWNvbnRlbnRcL3VwbG9hZHNcLzIwMjNcLzA5XC9mb3QuLUdyemVnb3J6LU1hdG9yeW4tMjI5Ni5qcGciLCJzbGlkZXNob3ciOiI0OTRmYzBhIn0%3D\" href='https:\/\/ceramitage.eu\/wp-content\/uploads\/2023\/09\/fot.-Grzegorz-Matoryn-2296.jpg'><img loading=\"lazy\" decoding=\"async\" width=\"370\" height=\"265\" src=\"https:\/\/ceramitage.eu\/wp-content\/uploads\/2023\/09\/fot.-Grzegorz-Matoryn-2296-370x265.jpg\" class=\"attachment-post-thumbnail size-post-thumbnail\" alt=\"\" \/><\/a>\n\t\t\t<\/div><\/figure><figure class='gallery-item'>\n\t\t\t<div class='gallery-icon landscape'>\n\t\t\t\t<a data-elementor-open-lightbox=\"yes\" data-elementor-lightbox-slideshow=\"494fc0a\" data-elementor-lightbox-title=\"fot. Grzegorz Matoryn-1122d\" data-e-action-hash=\"#elementor-action%3Aaction%3Dlightbox%26settings%3DeyJpZCI6Mzc2NSwidXJsIjoiaHR0cHM6XC9cL2NlcmFtaXRhZ2UuZXVcL3dwLWNvbnRlbnRcL3VwbG9hZHNcLzIwMjNcLzA5XC9mb3QuLUdyemVnb3J6LU1hdG9yeW4tMTEyMmQuanBnIiwic2xpZGVzaG93IjoiNDk0ZmMwYSJ9\" href='https:\/\/ceramitage.eu\/wp-content\/uploads\/2023\/09\/fot.-Grzegorz-Matoryn-1122d.jpg'><img loading=\"lazy\" decoding=\"async\" width=\"370\" height=\"265\" src=\"https:\/\/ceramitage.eu\/wp-content\/uploads\/2023\/09\/fot.-Grzegorz-Matoryn-1122d-370x265.jpg\" class=\"attachment-post-thumbnail size-post-thumbnail\" alt=\"\" \/><\/a>\n\t\t\t<\/div><\/figure><figure class='gallery-item'>\n\t\t\t<div class='gallery-icon portrait'>\n\t\t\t\t<a data-elementor-open-lightbox=\"yes\" data-elementor-lightbox-slideshow=\"494fc0a\" data-elementor-lightbox-title=\"fot. Grzegorz Matoryn--2\" data-e-action-hash=\"#elementor-action%3Aaction%3Dlightbox%26settings%3DeyJpZCI6Mzc2MiwidXJsIjoiaHR0cHM6XC9cL2NlcmFtaXRhZ2UuZXVcL3dwLWNvbnRlbnRcL3VwbG9hZHNcLzIwMjNcLzA5XC9mb3QuLUdyemVnb3J6LU1hdG9yeW4tMi0yLXNjYWxlZC5qcGciLCJzbGlkZXNob3ciOiI0OTRmYzBhIn0%3D\" href='https:\/\/ceramitage.eu\/wp-content\/uploads\/2023\/09\/fot.-Grzegorz-Matoryn-2-2-scaled.jpg'><img loading=\"lazy\" decoding=\"async\" width=\"370\" height=\"265\" src=\"https:\/\/ceramitage.eu\/wp-content\/uploads\/2023\/09\/fot.-Grzegorz-Matoryn-2-2-370x265.jpg\" class=\"attachment-post-thumbnail size-post-thumbnail\" alt=\"\" \/><\/a>\n\t\t\t<\/div><\/figure><figure class='gallery-item'>\n\t\t\t<div class='gallery-icon landscape'>\n\t\t\t\t<a data-elementor-open-lightbox=\"yes\" data-elementor-lightbox-slideshow=\"494fc0a\" data-elementor-lightbox-title=\"DSC_7915\" data-e-action-hash=\"#elementor-action%3Aaction%3Dlightbox%26settings%3DeyJpZCI6Mzc1MywidXJsIjoiaHR0cHM6XC9cL2NlcmFtaXRhZ2UuZXVcL3dwLWNvbnRlbnRcL3VwbG9hZHNcLzIwMjNcLzA5XC9EU0NfNzkxNS0xLmpwZyIsInNsaWRlc2hvdyI6IjQ5NGZjMGEifQ%3D%3D\" href='https:\/\/ceramitage.eu\/wp-content\/uploads\/2023\/09\/DSC_7915-1.jpg'><img loading=\"lazy\" decoding=\"async\" width=\"370\" height=\"265\" src=\"https:\/\/ceramitage.eu\/wp-content\/uploads\/2023\/09\/DSC_7915-1-370x265.jpg\" class=\"attachment-post-thumbnail size-post-thumbnail\" alt=\"\" \/><\/a>\n\t\t\t<\/div><\/figure><figure class='gallery-item'>\n\t\t\t<div class='gallery-icon landscape'>\n\t\t\t\t<a data-elementor-open-lightbox=\"yes\" data-elementor-lightbox-slideshow=\"494fc0a\" data-elementor-lightbox-title=\"DSC_7559\" data-e-action-hash=\"#elementor-action%3Aaction%3Dlightbox%26settings%3DeyJpZCI6Mzc1MCwidXJsIjoiaHR0cHM6XC9cL2NlcmFtaXRhZ2UuZXVcL3dwLWNvbnRlbnRcL3VwbG9hZHNcLzIwMjNcLzA5XC9EU0NfNzU1OS0xLmpwZyIsInNsaWRlc2hvdyI6IjQ5NGZjMGEifQ%3D%3D\" href='https:\/\/ceramitage.eu\/wp-content\/uploads\/2023\/09\/DSC_7559-1.jpg'><img loading=\"lazy\" decoding=\"async\" width=\"370\" height=\"265\" src=\"https:\/\/ceramitage.eu\/wp-content\/uploads\/2023\/09\/DSC_7559-1-370x265.jpg\" class=\"attachment-post-thumbnail size-post-thumbnail\" alt=\"\" \/><\/a>\n\t\t\t<\/div><\/figure><figure class='gallery-item'>\n\t\t\t<div class='gallery-icon landscape'>\n\t\t\t\t<a data-elementor-open-lightbox=\"yes\" data-elementor-lightbox-slideshow=\"494fc0a\" data-elementor-lightbox-title=\"DPP_0052\" data-e-action-hash=\"#elementor-action%3Aaction%3Dlightbox%26settings%3DeyJpZCI6Mzc0NywidXJsIjoiaHR0cHM6XC9cL2NlcmFtaXRhZ2UuZXVcL3dwLWNvbnRlbnRcL3VwbG9hZHNcLzIwMjNcLzA5XC9EUFBfMDA1Mi0xLmpwZyIsInNsaWRlc2hvdyI6IjQ5NGZjMGEifQ%3D%3D\" href='https:\/\/ceramitage.eu\/wp-content\/uploads\/2023\/09\/DPP_0052-1.jpg'><img loading=\"lazy\" decoding=\"async\" width=\"370\" height=\"265\" src=\"https:\/\/ceramitage.eu\/wp-content\/uploads\/2023\/09\/DPP_0052-1-370x265.jpg\" class=\"attachment-post-thumbnail size-post-thumbnail\" alt=\"\" \/><\/a>\n\t\t\t<\/div><\/figure><figure class='gallery-item'>\n\t\t\t<div class='gallery-icon landscape'>\n\t\t\t\t<a data-elementor-open-lightbox=\"yes\" data-elementor-lightbox-slideshow=\"494fc0a\" data-elementor-lightbox-title=\"DPP_0011\" data-e-action-hash=\"#elementor-action%3Aaction%3Dlightbox%26settings%3DeyJpZCI6Mzc0NCwidXJsIjoiaHR0cHM6XC9cL2NlcmFtaXRhZ2UuZXVcL3dwLWNvbnRlbnRcL3VwbG9hZHNcLzIwMjNcLzA5XC9EUFBfMDAxMS0xLmpwZyIsInNsaWRlc2hvdyI6IjQ5NGZjMGEifQ%3D%3D\" href='https:\/\/ceramitage.eu\/wp-content\/uploads\/2023\/09\/DPP_0011-1.jpg'><img loading=\"lazy\" decoding=\"async\" width=\"370\" height=\"265\" src=\"https:\/\/ceramitage.eu\/wp-content\/uploads\/2023\/09\/DPP_0011-1-370x265.jpg\" class=\"attachment-post-thumbnail size-post-thumbnail\" alt=\"\" \/><\/a>\n\t\t\t<\/div><\/figure>\n\t\t<\/div>\n\t\t<\/div>\n\t\t\t\t<\/div>\n\t\t\t\t<\/div>\n\t\t\t\t\t<\/div>\n\t\t<\/div>\n\t\t\t\t\t<\/div>\n\t\t<\/section>\n\t\t\t\t<\/div>\n\t\t","protected":false},"excerpt":{"rendered":"<p>Fram til slutten av 2022 hadde Keramikkmuseet i Boles\u0142awiec to avdelinger &#8211; keramikkavdelingen i A. Mickiewicza-gaten 13 og byhistorisk avdeling i M. Kutuzowa-gaten 14. Bygningen i Mickiewicza-gaten var opprinnelig sete for Boleslawiec bymuseum, grunnlagt i 1908 og \u00e5pnet for publikum i 1911. F\u00f8rste verdenskrig f\u00f8rte til et avbrudd i museets virksomhet. Etter gjen\u00e5pningen i 1920 [&hellip;]<\/p>\n","protected":false},"author":1,"featured_media":0,"parent":0,"menu_order":0,"comment_status":"closed","ping_status":"closed","template":"","meta":{"footnotes":""},"class_list":["post-2936","page","type-page","status-publish","hentry"],"_links":{"self":[{"href":"https:\/\/ceramitage.eu\/no\/wp-json\/wp\/v2\/pages\/2936","targetHints":{"allow":["GET"]}}],"collection":[{"href":"https:\/\/ceramitage.eu\/no\/wp-json\/wp\/v2\/pages"}],"about":[{"href":"https:\/\/ceramitage.eu\/no\/wp-json\/wp\/v2\/types\/page"}],"author":[{"embeddable":true,"href":"https:\/\/ceramitage.eu\/no\/wp-json\/wp\/v2\/users\/1"}],"replies":[{"embeddable":true,"href":"https:\/\/ceramitage.eu\/no\/wp-json\/wp\/v2\/comments?post=2936"}],"version-history":[{"count":4,"href":"https:\/\/ceramitage.eu\/no\/wp-json\/wp\/v2\/pages\/2936\/revisions"}],"predecessor-version":[{"id":3795,"href":"https:\/\/ceramitage.eu\/no\/wp-json\/wp\/v2\/pages\/2936\/revisions\/3795"}],"wp:attachment":[{"href":"https:\/\/ceramitage.eu\/no\/wp-json\/wp\/v2\/media?parent=2936"}],"curies":[{"name":"wp","href":"https:\/\/api.w.org\/{rel}","templated":true}]}}