{"id":2956,"date":"2023-06-26T17:47:11","date_gmt":"2023-06-26T15:47:11","guid":{"rendered":"https:\/\/ceramitage.eu\/?page_id=2956"},"modified":"2023-09-22T13:36:47","modified_gmt":"2023-09-22T11:36:47","slug":"boleslawiec-kommune","status":"publish","type":"page","link":"https:\/\/ceramitage.eu\/no\/boleslawiec-kommune\/","title":{"rendered":"Boles\u0142awiec kommune"},"content":{"rendered":"\t\t<div data-elementor-type=\"wp-page\" data-elementor-id=\"2956\" class=\"elementor elementor-2956\" data-elementor-post-type=\"page\">\n\t\t\t\t\t\t<section class=\"elementor-section elementor-top-section elementor-element elementor-element-63d103c elementor-section-boxed elementor-section-height-default elementor-section-height-default\" data-id=\"63d103c\" data-element_type=\"section\" data-settings=\"{&quot;jet_parallax_layout_list&quot;:[]}\">\n\t\t\t\t\t\t<div class=\"elementor-container elementor-column-gap-default\">\n\t\t\t\t\t<div class=\"elementor-column elementor-col-100 elementor-top-column elementor-element elementor-element-23bbc43\" data-id=\"23bbc43\" data-element_type=\"column\">\n\t\t\t<div class=\"elementor-widget-wrap elementor-element-populated\">\n\t\t\t\t\t\t<div class=\"elementor-element elementor-element-0b84582 elementor-widget elementor-widget-image\" data-id=\"0b84582\" data-element_type=\"widget\" data-widget_type=\"image.default\">\n\t\t\t\t<div class=\"elementor-widget-container\">\n\t\t\t\t\t\t\t\t\t\t\t\t\t<img decoding=\"async\" width=\"300\" height=\"136\" src=\"https:\/\/ceramitage.eu\/wp-content\/uploads\/2023\/09\/Logo-herb-urzedu-miasta-Boleslawiec-poziom-300x136.jpg\" class=\"attachment-medium size-medium wp-image-3687\" alt=\"\" srcset=\"https:\/\/ceramitage.eu\/wp-content\/uploads\/2023\/09\/Logo-herb-urzedu-miasta-Boleslawiec-poziom-300x136.jpg 300w, https:\/\/ceramitage.eu\/wp-content\/uploads\/2023\/09\/Logo-herb-urzedu-miasta-Boleslawiec-poziom-1024x464.jpg 1024w, https:\/\/ceramitage.eu\/wp-content\/uploads\/2023\/09\/Logo-herb-urzedu-miasta-Boleslawiec-poziom-768x348.jpg 768w, https:\/\/ceramitage.eu\/wp-content\/uploads\/2023\/09\/Logo-herb-urzedu-miasta-Boleslawiec-poziom-1536x696.jpg 1536w, https:\/\/ceramitage.eu\/wp-content\/uploads\/2023\/09\/Logo-herb-urzedu-miasta-Boleslawiec-poziom-600x272.jpg 600w\" sizes=\"(max-width: 300px) 100vw, 300px\" \/>\t\t\t\t\t\t\t\t\t\t\t\t\t<\/div>\n\t\t\t\t<\/div>\n\t\t\t\t\t<\/div>\n\t\t<\/div>\n\t\t\t\t\t<\/div>\n\t\t<\/section>\n\t\t\t\t<section class=\"elementor-section elementor-top-section elementor-element elementor-element-4d5caddb elementor-section-boxed elementor-section-height-default elementor-section-height-default\" data-id=\"4d5caddb\" data-element_type=\"section\" data-settings=\"{&quot;jet_parallax_layout_list&quot;:[]}\">\n\t\t\t\t\t\t<div class=\"elementor-container elementor-column-gap-default\">\n\t\t\t\t\t<div class=\"elementor-column elementor-col-100 elementor-top-column elementor-element elementor-element-1cd42ff4\" data-id=\"1cd42ff4\" data-element_type=\"column\">\n\t\t\t<div class=\"elementor-widget-wrap elementor-element-populated\">\n\t\t\t\t\t\t<div class=\"elementor-element elementor-element-7e678a90 elementor-widget elementor-widget-text-editor\" data-id=\"7e678a90\" data-element_type=\"widget\" data-widget_type=\"text-editor.default\">\n\t\t\t\t<div class=\"elementor-widget-container\">\n\t\t\t\t\t\t\t<p><!-- wp:paragraph --><\/p>\n<p><span style=\"font-weight: 400;\">Boles\u0142awiec er et dynamisk, \u00e5pent og st\u00f8ttende lokalsamfunn basert p\u00e5 en flerkulturell historisk arv og en unik keramisk tradisjon. Boles\u0142awiec er en distriktsby med en mer enn 750 \u00e5r gammel historie og anses for \u00e5 v\u00e6re en av de vakreste byene i Nedre Schlesien.<\/span><\/p>\n<p><span style=\"font-weight: 400;\">Byen har ca. 40 000 innbyggere og ligger n\u00e6r grenseovergangene til Tyskland og Tsjekkia i krysset mellom viktige transportruter: den paneuropeiske transportkorridoren nr. III som f\u00f8rer fra Dresden via Wroclaw, Katowice, Krakow til Kiev og veien fra Swinoujscie til Jakuszyce.<\/span><\/p>\n<p><span style=\"font-weight: 400;\">Boles\u0142awiec er kjent for sin keramikk. Takket v\u00e6re de rike forekomstene av steint\u00f8yleire i elvene B\u00f3br og Kwisa fikk byen raskt status som et viktig keramikksenter. I dag eksporteres Boles\u0142awiecs karakteristiske varer, dekorert med stempelmetoden, til mange land og er byens varemerke. Keramiske tradisjoner med r\u00f8tter tilbake til middelalderen tiltrekker seg keramikere og skulpt\u00f8rer til Boles\u0142awiec, som har m\u00f8ttes i over 50 \u00e5r under den internasjonale keramikk- og skulpturkonkurransen Plein-Air. Boles\u0142awiecs keramikkfestival, byens viktigste utend\u00f8rsarrangement som presenterer Boles\u0142awiec-keramikkens tradisjoner og moderne prestasjoner, er ogs\u00e5 sv\u00e6rt popul\u00e6r, med arrangementer der keramikk kunstnere deltar, utstillinger, konserter, presentasjoner av dreiing, et keramikkmarked og en antikvitetsmesse. I fem dager i august forvandles Boles\u0142awiec til Polens keramikkhovedstad. Det finnes tre kulturinstitusjoner i byen: Boles\u0142awiec Kultursenter &#8211; Det Internasjonale Keramikksenteret, Keramikkmuseet og Det Offentlige Biblioteket &#8211; Kunnskapssenteret, som har et rikt tilbud av kulturelle aktiviteter.<\/span><\/p>\n<p><span style=\"font-weight: 400;\">Boles\u0142awiec er blant elitebyene som har blitt tildelt tre av fire priser av Europar\u00e5det: The European Diplomma, The Flag of Honour og The Plaque of Honour, som tildeles for \u00e5 fremme proeuropeiske aktiviteter og styrke ideen om europeisk solidaritet, samt dyktig bruk av de \u00f8konomiske ressursene i EU-programmene. Byen har i en \u00e5rrekke samarbeidet p\u00e5 mange omr\u00e5der med europeiske byer og stadig utvidet nettverket og omfanget av samarbeidet. Boles\u0142awiec har for tiden 10 vennskapsbyer: Mariagerfjord (Danmark), Pirna (Tyskland), Siegburg (Tyskland), Nogent-sur-Marne (Frankrike), \u010cesk\u00e1 L\u00edpa (Tsjekkia), Prnjavor (Bosnia-Hercegovina), Molde (Norge), Vallecorsa (Italia), Acuto (Italia) og Zbarazj (Ukraina).<\/span><\/p>\n<p dir=\"ltr\" style=\"line-height: 1.295; margin-top: 0pt; margin-bottom: 8pt;\"><span style=\"font-size: 12pt; font-family: 'Times New Roman'; color: #000000; background-color: transparent; font-weight: bold; font-style: normal; font-variant: normal; text-decoration: none; vertical-align: baseline; white-space: pre-wrap;\">Gmina Miejska Boles\u0142awiec<\/span><\/p>\n<p dir=\"ltr\" style=\"line-height: 1.295; margin-top: 0pt; margin-bottom: 8pt;\"><span style=\"font-size: 12pt; font-family: 'Times New Roman'; color: #000000; background-color: transparent; font-weight: 400; font-style: normal; font-variant: normal; text-decoration: none; vertical-align: baseline; white-space: pre-wrap;\">Rynek 41, 59-700 Boles\u0142awiec<\/span><\/p>\n<p dir=\"ltr\" style=\"line-height: 1.295; margin-top: 0pt; margin-bottom: 8pt;\"><span style=\"font-size: 12pt; font-family: 'Times New Roman'; color: #000000; background-color: transparent; font-weight: 400; font-style: normal; font-variant: normal; text-decoration: none; vertical-align: baseline; white-space: pre-wrap;\">tel. +48 75 645 64 00<\/span><\/p>\n<p dir=\"ltr\" style=\"line-height: 1.295; margin-top: 0pt; margin-bottom: 8pt;\"><span style=\"font-size: 12pt; font-family: 'Times New Roman'; color: #000000; background-color: transparent; font-weight: 400; font-style: normal; font-variant: normal; text-decoration: none; vertical-align: baseline; white-space: pre-wrap;\">fax:\u00a0+48 75 645 64 02<\/span><\/p>\n<p dir=\"ltr\" style=\"line-height: 1.295; margin-top: 0pt; margin-bottom: 8pt;\"><span style=\"font-size: 12pt; font-family: 'Times New Roman'; color: #000000; background-color: transparent; font-weight: 400; font-style: normal; font-variant: normal; text-decoration: none; vertical-align: baseline; white-space: pre-wrap;\">e-mail:\u00a0<\/span><a style=\"text-decoration: none;\" href=\"mailto:umboleslawiec@um.boleslawiec.pl\"><span style=\"font-size: 12pt; font-family: 'Times New Roman'; color: #000000; background-color: transparent; font-weight: 400; font-style: normal; font-variant: normal; text-decoration: none; vertical-align: baseline; white-space: pre-wrap;\">umboleslawiec@um.boleslawiec.pl<\/span><\/a><\/p>\n<p>\u00a0<\/p>\n<p dir=\"ltr\" style=\"line-height: 1.295; margin-top: 0pt; margin-bottom: 8pt;\"><a style=\"text-decoration: none;\" href=\"http:\/\/www.boleslawiec.pl\"><span style=\"font-size: 12pt; font-family: 'Times New Roman'; color: #000000; background-color: transparent; font-weight: 400; font-style: normal; font-variant: normal; text-decoration: none; vertical-align: baseline; white-space: pre-wrap;\">www.boleslawiec.pl<\/span><\/a><\/p>\n<p><!-- \/wp:paragraph --><\/p>\t\t\t\t\t\t<\/div>\n\t\t\t\t<\/div>\n\t\t\t\t\t<\/div>\n\t\t<\/div>\n\t\t\t\t\t<\/div>\n\t\t<\/section>\n\t\t\t\t<section class=\"elementor-section elementor-top-section elementor-element elementor-element-2a48c06 elementor-section-boxed elementor-section-height-default elementor-section-height-default\" data-id=\"2a48c06\" data-element_type=\"section\" data-settings=\"{&quot;jet_parallax_layout_list&quot;:[]}\">\n\t\t\t\t\t\t<div class=\"elementor-container elementor-column-gap-default\">\n\t\t\t\t\t<div class=\"elementor-column elementor-col-100 elementor-top-column elementor-element elementor-element-08275a9\" data-id=\"08275a9\" data-element_type=\"column\">\n\t\t\t<div class=\"elementor-widget-wrap elementor-element-populated\">\n\t\t\t\t\t\t<div class=\"elementor-element elementor-element-cf7dd2f gallery-spacing-custom elementor-widget elementor-widget-image-gallery\" data-id=\"cf7dd2f\" data-element_type=\"widget\" data-widget_type=\"image-gallery.default\">\n\t\t\t\t<div class=\"elementor-widget-container\">\n\t\t\t\t\t<div class=\"elementor-image-gallery\">\n\t\t\t<div id='gallery-1' class='gallery galleryid-2956 gallery-columns-3 gallery-size-post-thumbnail'><figure class='gallery-item'>\n\t\t\t<div class='gallery-icon landscape'>\n\t\t\t\t<a data-elementor-open-lightbox=\"yes\" data-elementor-lightbox-slideshow=\"cf7dd2f\" data-elementor-lightbox-title=\"Boles\u0142awiec-1\" data-e-action-hash=\"#elementor-action%3Aaction%3Dlightbox%26settings%3DeyJpZCI6MTIxOSwidXJsIjoiaHR0cHM6XC9cL2NlcmFtaXRhZ2UuZXVcL3dwLWNvbnRlbnRcL3VwbG9hZHNcLzIwMjNcLzA2XC9Cb2xlc2xhd2llYy0xLmpwZyIsInNsaWRlc2hvdyI6ImNmN2RkMmYifQ%3D%3D\" href='https:\/\/ceramitage.eu\/wp-content\/uploads\/2023\/06\/Boleslawiec-1.jpg'><img fetchpriority=\"high\" decoding=\"async\" width=\"370\" height=\"265\" src=\"https:\/\/ceramitage.eu\/wp-content\/uploads\/2023\/06\/Boleslawiec-1-370x265.jpg\" class=\"attachment-post-thumbnail size-post-thumbnail\" alt=\"\" \/><\/a>\n\t\t\t<\/div><\/figure><figure class='gallery-item'>\n\t\t\t<div class='gallery-icon landscape'>\n\t\t\t\t<a data-elementor-open-lightbox=\"yes\" data-elementor-lightbox-slideshow=\"cf7dd2f\" data-elementor-lightbox-title=\"Boles\u0142awiec-2\" data-e-action-hash=\"#elementor-action%3Aaction%3Dlightbox%26settings%3DeyJpZCI6MTIyMiwidXJsIjoiaHR0cHM6XC9cL2NlcmFtaXRhZ2UuZXVcL3dwLWNvbnRlbnRcL3VwbG9hZHNcLzIwMjNcLzA2XC9Cb2xlc2xhd2llYy0yLmpwZyIsInNsaWRlc2hvdyI6ImNmN2RkMmYifQ%3D%3D\" href='https:\/\/ceramitage.eu\/wp-content\/uploads\/2023\/06\/Boleslawiec-2.jpg'><img decoding=\"async\" width=\"370\" height=\"265\" src=\"https:\/\/ceramitage.eu\/wp-content\/uploads\/2023\/06\/Boleslawiec-2-370x265.jpg\" class=\"attachment-post-thumbnail size-post-thumbnail\" alt=\"\" \/><\/a>\n\t\t\t<\/div><\/figure><figure class='gallery-item'>\n\t\t\t<div class='gallery-icon landscape'>\n\t\t\t\t<a data-elementor-open-lightbox=\"yes\" data-elementor-lightbox-slideshow=\"cf7dd2f\" data-elementor-lightbox-title=\"Boles\u0142awiec-3\" data-e-action-hash=\"#elementor-action%3Aaction%3Dlightbox%26settings%3DeyJpZCI6MTIyNSwidXJsIjoiaHR0cHM6XC9cL2NlcmFtaXRhZ2UuZXVcL3dwLWNvbnRlbnRcL3VwbG9hZHNcLzIwMjNcLzA2XC9Cb2xlc2xhd2llYy0zLmpwZyIsInNsaWRlc2hvdyI6ImNmN2RkMmYifQ%3D%3D\" href='https:\/\/ceramitage.eu\/wp-content\/uploads\/2023\/06\/Boleslawiec-3.jpg'><img loading=\"lazy\" decoding=\"async\" width=\"370\" height=\"265\" src=\"https:\/\/ceramitage.eu\/wp-content\/uploads\/2023\/06\/Boleslawiec-3-370x265.jpg\" class=\"attachment-post-thumbnail size-post-thumbnail\" alt=\"\" \/><\/a>\n\t\t\t<\/div><\/figure><figure class='gallery-item'>\n\t\t\t<div class='gallery-icon landscape'>\n\t\t\t\t<a data-elementor-open-lightbox=\"yes\" data-elementor-lightbox-slideshow=\"cf7dd2f\" data-elementor-lightbox-title=\"kalendarz_trojdzielny_plaska_glowka\" data-e-action-hash=\"#elementor-action%3Aaction%3Dlightbox%26settings%3DeyJpZCI6MzY5MywidXJsIjoiaHR0cHM6XC9cL2NlcmFtaXRhZ2UuZXVcL3dwLWNvbnRlbnRcL3VwbG9hZHNcLzIwMjNcLzA5XC9waG90by1cdTAwYTktR3J6ZWdvcnotTWF0b3J5bi0yMDE4LmpwZyIsInNsaWRlc2hvdyI6ImNmN2RkMmYifQ%3D%3D\" href='https:\/\/ceramitage.eu\/wp-content\/uploads\/2023\/09\/photo-\u00a9-Grzegorz-Matoryn-2018.jpg'><img loading=\"lazy\" decoding=\"async\" width=\"370\" height=\"265\" src=\"https:\/\/ceramitage.eu\/wp-content\/uploads\/2023\/09\/photo-\u00a9-Grzegorz-Matoryn-2018-370x265.jpg\" class=\"attachment-post-thumbnail size-post-thumbnail\" alt=\"\" \/><\/a>\n\t\t\t<\/div><\/figure><figure class='gallery-item'>\n\t\t\t<div class='gallery-icon landscape'>\n\t\t\t\t<a data-elementor-open-lightbox=\"yes\" data-elementor-lightbox-slideshow=\"cf7dd2f\" data-elementor-lightbox-title=\"photo \u00a9 Grzegorz Matoryn-0094\" data-e-action-hash=\"#elementor-action%3Aaction%3Dlightbox%26settings%3DeyJpZCI6MzY5MCwidXJsIjoiaHR0cHM6XC9cL2NlcmFtaXRhZ2UuZXVcL3dwLWNvbnRlbnRcL3VwbG9hZHNcLzIwMjNcLzA5XC9waG90by1cdTAwYTktR3J6ZWdvcnotTWF0b3J5bi0wMDk0LmpwZyIsInNsaWRlc2hvdyI6ImNmN2RkMmYifQ%3D%3D\" href='https:\/\/ceramitage.eu\/wp-content\/uploads\/2023\/09\/photo-\u00a9-Grzegorz-Matoryn-0094.jpg'><img loading=\"lazy\" decoding=\"async\" width=\"370\" height=\"265\" src=\"https:\/\/ceramitage.eu\/wp-content\/uploads\/2023\/09\/photo-\u00a9-Grzegorz-Matoryn-0094-370x265.jpg\" class=\"attachment-post-thumbnail size-post-thumbnail\" alt=\"\" \/><\/a>\n\t\t\t<\/div><\/figure><figure class='gallery-item'>\n\t\t\t<div class='gallery-icon landscape'>\n\t\t\t\t<a data-elementor-open-lightbox=\"yes\" data-elementor-lightbox-slideshow=\"cf7dd2f\" data-elementor-lightbox-title=\"fot. G. Matoryn\" data-e-action-hash=\"#elementor-action%3Aaction%3Dlightbox%26settings%3DeyJpZCI6MzY4NCwidXJsIjoiaHR0cHM6XC9cL2NlcmFtaXRhZ2UuZXVcL3dwLWNvbnRlbnRcL3VwbG9hZHNcLzIwMjNcLzA5XC9mb3QuLUcuLU1hdG9yeW4uanBnIiwic2xpZGVzaG93IjoiY2Y3ZGQyZiJ9\" href='https:\/\/ceramitage.eu\/wp-content\/uploads\/2023\/09\/fot.-G.-Matoryn.jpg'><img loading=\"lazy\" decoding=\"async\" width=\"370\" height=\"265\" src=\"https:\/\/ceramitage.eu\/wp-content\/uploads\/2023\/09\/fot.-G.-Matoryn-370x265.jpg\" class=\"attachment-post-thumbnail size-post-thumbnail\" alt=\"\" \/><\/a>\n\t\t\t<\/div><\/figure>\n\t\t<\/div>\n\t\t<\/div>\n\t\t\t\t<\/div>\n\t\t\t\t<\/div>\n\t\t\t\t\t<\/div>\n\t\t<\/div>\n\t\t\t\t\t<\/div>\n\t\t<\/section>\n\t\t\t\t<\/div>\n\t\t","protected":false},"excerpt":{"rendered":"<p>Boles\u0142awiec er et dynamisk, \u00e5pent og st\u00f8ttende lokalsamfunn basert p\u00e5 en flerkulturell historisk arv og en unik keramisk tradisjon. Boles\u0142awiec er en distriktsby med en mer enn 750 \u00e5r gammel historie og anses for \u00e5 v\u00e6re en av de vakreste byene i Nedre Schlesien. Byen har ca. 40 000 innbyggere og ligger n\u00e6r grenseovergangene til [&hellip;]<\/p>\n","protected":false},"author":1,"featured_media":0,"parent":0,"menu_order":0,"comment_status":"closed","ping_status":"closed","template":"","meta":{"footnotes":""},"class_list":["post-2956","page","type-page","status-publish","hentry"],"_links":{"self":[{"href":"https:\/\/ceramitage.eu\/no\/wp-json\/wp\/v2\/pages\/2956","targetHints":{"allow":["GET"]}}],"collection":[{"href":"https:\/\/ceramitage.eu\/no\/wp-json\/wp\/v2\/pages"}],"about":[{"href":"https:\/\/ceramitage.eu\/no\/wp-json\/wp\/v2\/types\/page"}],"author":[{"embeddable":true,"href":"https:\/\/ceramitage.eu\/no\/wp-json\/wp\/v2\/users\/1"}],"replies":[{"embeddable":true,"href":"https:\/\/ceramitage.eu\/no\/wp-json\/wp\/v2\/comments?post=2956"}],"version-history":[{"count":11,"href":"https:\/\/ceramitage.eu\/no\/wp-json\/wp\/v2\/pages\/2956\/revisions"}],"predecessor-version":[{"id":4186,"href":"https:\/\/ceramitage.eu\/no\/wp-json\/wp\/v2\/pages\/2956\/revisions\/4186"}],"wp:attachment":[{"href":"https:\/\/ceramitage.eu\/no\/wp-json\/wp\/v2\/media?parent=2956"}],"curies":[{"name":"wp","href":"https:\/\/api.w.org\/{rel}","templated":true}]}}