{"id":2958,"date":"2023-06-26T16:02:37","date_gmt":"2023-06-26T14:02:37","guid":{"rendered":"https:\/\/ceramitage.eu\/?page_id=2958"},"modified":"2023-07-13T13:33:17","modified_gmt":"2023-07-13T11:33:17","slug":"public-consultations-at-the-museum-of-ceramics","status":"publish","type":"page","link":"https:\/\/ceramitage.eu\/no\/public-consultations-at-the-museum-of-ceramics\/","title":{"rendered":"Seminar p\u00e5 keramikkmuseet"},"content":{"rendered":"\t\t<div data-elementor-type=\"wp-page\" data-elementor-id=\"2958\" class=\"elementor elementor-2958\" data-elementor-post-type=\"page\">\n\t\t\t\t\t\t<section class=\"elementor-section elementor-top-section elementor-element elementor-element-638f2713 elementor-section-boxed elementor-section-height-default elementor-section-height-default\" data-id=\"638f2713\" data-element_type=\"section\" data-settings=\"{&quot;jet_parallax_layout_list&quot;:[]}\">\n\t\t\t\t\t\t<div class=\"elementor-container elementor-column-gap-default\">\n\t\t\t\t\t<div class=\"elementor-column elementor-col-100 elementor-top-column elementor-element elementor-element-30925b5b\" data-id=\"30925b5b\" data-element_type=\"column\">\n\t\t\t<div class=\"elementor-widget-wrap elementor-element-populated\">\n\t\t\t\t\t\t<div class=\"elementor-element elementor-element-7f2e0503 elementor-widget elementor-widget-text-editor\" data-id=\"7f2e0503\" data-element_type=\"widget\" data-widget_type=\"text-editor.default\">\n\t\t\t\t<div class=\"elementor-widget-container\">\n\t\t\t\t\t\t\t<p><span style=\"font-weight: 400;\">19. februar 2020 inviterte keramikkmuseet til seminar i forbindelse med prosjektet &laquo;Polen og Norge p\u00e5 den europeiske keramikkruten: Inkludering av Boleslawiec og Porsgrunn i et internasjonalt samarbeidsnettverk mellom byer med keramiske tradisjoner&raquo;, der partnerne er Telemark Museum (Norge), Boleslawiec kommune og Keramikkmuseet i Boleslawiec.<\/span><\/p>\n<p><span style=\"font-weight: 400;\">M\u00e5let med seminaret var \u00e5 presentere og diskutere kulturtilbud og aktiviteter som er planlagt i prosjektet. Seminaret samlet mange interesserte innbyggere i byen. Blant de mer enn 80 deltakerne var representanter for samlerforeninger, keramikkbedrifter, statlige institusjoner, re-emigrantforeninger, kommunale kulturinstitusjoner, pensjonistforeninger, barne-, ungdoms- og videreg\u00e5ende skoler, fagforeninger og media, samt Boles\u0142awiecs bystyre, Boles\u0142awiec ungdomsr\u00e5d og Boles\u0142awiec baserte kunstnere.<\/span><\/p>\n<p><span style=\"font-weight: 400;\">Seminaret var et ledd i den f\u00f8rste fasen av unders\u00f8kelsen utf\u00f8rt av IPC Meningsm\u00e5lingsinstitutt fra Wroc\u0142aw om det fremtidige kulturtilbudet til keramikkmuseet rettet mot byens innbyggere og turister. I den neste fasen, konsultasjonsfasen, fra 25. februar til 3. mars 2020, ble det gjennomf\u00f8rt sp\u00f8rreunders\u00f8kelser i hele Nedre Schlesien fylke (via telefon) og i Boles\u0142awiec (via Internett og i form av fysiske m\u00f8ter). Basert p\u00e5 de innsamlede dataene ble det utarbeidet en kvalitativ og kvantitativ analyse av publikums ettersp\u00f8rsel etter museets kulturtilbud, som er planlagt i det norsk-polske prosjektet.<\/span><\/p>\t\t\t\t\t\t<\/div>\n\t\t\t\t<\/div>\n\t\t\t\t\t<\/div>\n\t\t<\/div>\n\t\t\t\t\t<\/div>\n\t\t<\/section>\n\t\t\t\t<section class=\"elementor-section elementor-top-section elementor-element elementor-element-fdc6d79 elementor-section-boxed elementor-section-height-default elementor-section-height-default\" data-id=\"fdc6d79\" data-element_type=\"section\" data-settings=\"{&quot;jet_parallax_layout_list&quot;:[]}\">\n\t\t\t\t\t\t<div class=\"elementor-container elementor-column-gap-default\">\n\t\t\t\t\t<div class=\"elementor-column elementor-col-100 elementor-top-column elementor-element elementor-element-0301ea4\" data-id=\"0301ea4\" data-element_type=\"column\">\n\t\t\t<div class=\"elementor-widget-wrap elementor-element-populated\">\n\t\t\t\t\t\t<div class=\"elementor-element elementor-element-8a38314 elementor-widget elementor-widget-image-gallery\" data-id=\"8a38314\" data-element_type=\"widget\" data-widget_type=\"image-gallery.default\">\n\t\t\t\t<div class=\"elementor-widget-container\">\n\t\t\t\t\t<div class=\"elementor-image-gallery\">\n\t\t\t<div id='gallery-1' class='gallery galleryid-2958 gallery-columns-4 gallery-size-thumbnail'><figure class='gallery-item'>\n\t\t\t<div class='gallery-icon landscape'>\n\t\t\t\t<a data-elementor-open-lightbox=\"yes\" data-elementor-lightbox-slideshow=\"8a38314\" data-elementor-lightbox-title=\"konsultacje4\" data-e-action-hash=\"#elementor-action%3Aaction%3Dlightbox%26settings%3DeyJpZCI6MTEzMSwidXJsIjoiaHR0cHM6XC9cL2NlcmFtaXRhZ2UuZXVcL3dwLWNvbnRlbnRcL3VwbG9hZHNcLzIwMjNcLzA2XC9rb25zdWx0YWNqZTQuanBnIiwic2xpZGVzaG93IjoiOGEzODMxNCJ9\" href='https:\/\/ceramitage.eu\/wp-content\/uploads\/2023\/06\/konsultacje4.jpg'><img decoding=\"async\" width=\"150\" height=\"150\" src=\"https:\/\/ceramitage.eu\/wp-content\/uploads\/2023\/06\/konsultacje4-150x150.jpg\" class=\"attachment-thumbnail size-thumbnail\" alt=\"\" srcset=\"https:\/\/ceramitage.eu\/wp-content\/uploads\/2023\/06\/konsultacje4-150x150.jpg 150w, https:\/\/ceramitage.eu\/wp-content\/uploads\/2023\/06\/konsultacje4-230x230.jpg 230w, https:\/\/ceramitage.eu\/wp-content\/uploads\/2023\/06\/konsultacje4-400x400.jpg 400w\" sizes=\"(max-width: 150px) 100vw, 150px\" \/><\/a>\n\t\t\t<\/div><\/figure><figure class='gallery-item'>\n\t\t\t<div class='gallery-icon landscape'>\n\t\t\t\t<a data-elementor-open-lightbox=\"yes\" data-elementor-lightbox-slideshow=\"8a38314\" data-elementor-lightbox-title=\"konsultacje3\" data-e-action-hash=\"#elementor-action%3Aaction%3Dlightbox%26settings%3DeyJpZCI6MTEyOCwidXJsIjoiaHR0cHM6XC9cL2NlcmFtaXRhZ2UuZXVcL3dwLWNvbnRlbnRcL3VwbG9hZHNcLzIwMjNcLzA2XC9rb25zdWx0YWNqZTMuanBnIiwic2xpZGVzaG93IjoiOGEzODMxNCJ9\" href='https:\/\/ceramitage.eu\/wp-content\/uploads\/2023\/06\/konsultacje3.jpg'><img decoding=\"async\" width=\"150\" height=\"150\" src=\"https:\/\/ceramitage.eu\/wp-content\/uploads\/2023\/06\/konsultacje3-150x150.jpg\" class=\"attachment-thumbnail size-thumbnail\" alt=\"\" srcset=\"https:\/\/ceramitage.eu\/wp-content\/uploads\/2023\/06\/konsultacje3-150x150.jpg 150w, https:\/\/ceramitage.eu\/wp-content\/uploads\/2023\/06\/konsultacje3-230x230.jpg 230w, https:\/\/ceramitage.eu\/wp-content\/uploads\/2023\/06\/konsultacje3-400x400.jpg 400w\" sizes=\"(max-width: 150px) 100vw, 150px\" \/><\/a>\n\t\t\t<\/div><\/figure><figure class='gallery-item'>\n\t\t\t<div class='gallery-icon landscape'>\n\t\t\t\t<a data-elementor-open-lightbox=\"yes\" data-elementor-lightbox-slideshow=\"8a38314\" data-elementor-lightbox-title=\"konsultacje2\" data-e-action-hash=\"#elementor-action%3Aaction%3Dlightbox%26settings%3DeyJpZCI6MTEyNSwidXJsIjoiaHR0cHM6XC9cL2NlcmFtaXRhZ2UuZXVcL3dwLWNvbnRlbnRcL3VwbG9hZHNcLzIwMjNcLzA2XC9rb25zdWx0YWNqZTIuanBnIiwic2xpZGVzaG93IjoiOGEzODMxNCJ9\" href='https:\/\/ceramitage.eu\/wp-content\/uploads\/2023\/06\/konsultacje2.jpg'><img decoding=\"async\" width=\"150\" height=\"150\" src=\"https:\/\/ceramitage.eu\/wp-content\/uploads\/2023\/06\/konsultacje2-150x150.jpg\" class=\"attachment-thumbnail size-thumbnail\" alt=\"\" srcset=\"https:\/\/ceramitage.eu\/wp-content\/uploads\/2023\/06\/konsultacje2-150x150.jpg 150w, https:\/\/ceramitage.eu\/wp-content\/uploads\/2023\/06\/konsultacje2-230x230.jpg 230w, https:\/\/ceramitage.eu\/wp-content\/uploads\/2023\/06\/konsultacje2-400x400.jpg 400w\" sizes=\"(max-width: 150px) 100vw, 150px\" \/><\/a>\n\t\t\t<\/div><\/figure><figure class='gallery-item'>\n\t\t\t<div class='gallery-icon landscape'>\n\t\t\t\t<a data-elementor-open-lightbox=\"yes\" data-elementor-lightbox-slideshow=\"8a38314\" data-elementor-lightbox-title=\"konsultacje1\" data-e-action-hash=\"#elementor-action%3Aaction%3Dlightbox%26settings%3DeyJpZCI6MTEyMiwidXJsIjoiaHR0cHM6XC9cL2NlcmFtaXRhZ2UuZXVcL3dwLWNvbnRlbnRcL3VwbG9hZHNcLzIwMjNcLzA2XC9rb25zdWx0YWNqZTEuanBnIiwic2xpZGVzaG93IjoiOGEzODMxNCJ9\" href='https:\/\/ceramitage.eu\/wp-content\/uploads\/2023\/06\/konsultacje1.jpg'><img loading=\"lazy\" decoding=\"async\" width=\"150\" height=\"150\" src=\"https:\/\/ceramitage.eu\/wp-content\/uploads\/2023\/06\/konsultacje1-150x150.jpg\" class=\"attachment-thumbnail size-thumbnail\" alt=\"\" srcset=\"https:\/\/ceramitage.eu\/wp-content\/uploads\/2023\/06\/konsultacje1-150x150.jpg 150w, https:\/\/ceramitage.eu\/wp-content\/uploads\/2023\/06\/konsultacje1-230x230.jpg 230w, https:\/\/ceramitage.eu\/wp-content\/uploads\/2023\/06\/konsultacje1-400x400.jpg 400w\" sizes=\"(max-width: 150px) 100vw, 150px\" \/><\/a>\n\t\t\t<\/div><\/figure>\n\t\t<\/div>\n\t\t<\/div>\n\t\t\t\t<\/div>\n\t\t\t\t<\/div>\n\t\t\t\t\t<\/div>\n\t\t<\/div>\n\t\t\t\t\t<\/div>\n\t\t<\/section>\n\t\t\t\t<\/div>\n\t\t","protected":false},"excerpt":{"rendered":"<p>19. februar 2020 inviterte keramikkmuseet til seminar i forbindelse med prosjektet &laquo;Polen og Norge p\u00e5 den europeiske keramikkruten: Inkludering av Boleslawiec og Porsgrunn i et internasjonalt samarbeidsnettverk mellom byer med keramiske tradisjoner&raquo;, der partnerne er Telemark Museum (Norge), Boleslawiec kommune og Keramikkmuseet i Boleslawiec. M\u00e5let med seminaret var \u00e5 presentere og diskutere kulturtilbud og aktiviteter [&hellip;]<\/p>\n","protected":false},"author":1,"featured_media":0,"parent":0,"menu_order":0,"comment_status":"closed","ping_status":"closed","template":"","meta":{"footnotes":""},"class_list":["post-2958","page","type-page","status-publish","hentry"],"_links":{"self":[{"href":"https:\/\/ceramitage.eu\/no\/wp-json\/wp\/v2\/pages\/2958","targetHints":{"allow":["GET"]}}],"collection":[{"href":"https:\/\/ceramitage.eu\/no\/wp-json\/wp\/v2\/pages"}],"about":[{"href":"https:\/\/ceramitage.eu\/no\/wp-json\/wp\/v2\/types\/page"}],"author":[{"embeddable":true,"href":"https:\/\/ceramitage.eu\/no\/wp-json\/wp\/v2\/users\/1"}],"replies":[{"embeddable":true,"href":"https:\/\/ceramitage.eu\/no\/wp-json\/wp\/v2\/comments?post=2958"}],"version-history":[{"count":11,"href":"https:\/\/ceramitage.eu\/no\/wp-json\/wp\/v2\/pages\/2958\/revisions"}],"predecessor-version":[{"id":2981,"href":"https:\/\/ceramitage.eu\/no\/wp-json\/wp\/v2\/pages\/2958\/revisions\/2981"}],"wp:attachment":[{"href":"https:\/\/ceramitage.eu\/no\/wp-json\/wp\/v2\/media?parent=2958"}],"curies":[{"name":"wp","href":"https:\/\/api.w.org\/{rel}","templated":true}]}}